{"id":594,"date":"2020-09-21T18:14:18","date_gmt":"2020-09-21T18:14:18","guid":{"rendered":"https:\/\/drgrowkit.com\/?post_type=product&#038;p=594"},"modified":"2026-01-08T15:23:20","modified_gmt":"2026-01-08T15:23:20","slug":"cubensis-shroom-growkit-mexican","status":"publish","type":"product","link":"https:\/\/drgrowkit.com\/pl\/magicstore\/cubensis-shroom-growkit-mexican\/","title":{"rendered":"Cubensis Growkit Mexican"},"content":{"rendered":"<h2>Mi\u0119so bog\u00f3w<\/h2>\n<p>Meksyka\u0144ski grzyb magiczny znany jest r\u00f3wnie\u017c jako cia\u0142o bog\u00f3w. Staro\u017cytne plemiona w obu Amerykach u\u017cywa\u0142y tego grzyba, aby by\u0107 w kontakcie z bogami. Po spo\u017cyciu tego magicznego grzyba dostajesz lekkich halucynacji i jeste\u015b bardziej euforyczny. Otrzymasz nowe spojrzenie na siebie i innych. Istniej\u0105 wytyczne co do ilo\u015bci, kt\u00f3r\u0105 mo\u017cna wykorzysta\u0107 na okre\u015blone podr\u00f3\u017ce. Jednak efekty s\u0105 r\u00f3wnie\u017c zale\u017cne od kilku czynnik\u00f3w, takich jak masa cia\u0142a i do\u015bwiadczenie. Prosz\u0119 upewnij si\u0119, \u017ce jeste\u015b zrelaksowany, gdy masz zamiar u\u017cy\u0107 magicznych grzyb\u00f3w. To zapobiegnie z\u0142ym podr\u00f3\u017com. W nieszcz\u0119\u015bliwym przypadku, gdy masz z\u0142y trip, zawsze mo\u017cesz poprosi\u0107 o pomoc trip sitter lub trip stopper. Wytyczne dla meksyka\u0144skich grzyb\u00f3w s\u0105 podane poni\u017cej:<\/p>\n<ul>\n<li>Mikrodawkowanie 0,2 grama grzyb\u00f3w suszonych lub 2 gramy grzyb\u00f3w \u015bwie\u017cych<\/li>\n<li>\u0141agodna podr\u00f3\u017c: 1 gram grzyb\u00f3w suszonych lub 9 gram\u00f3w grzyb\u00f3w \u015bwie\u017cych<\/li>\n<li>Normalna podr\u00f3\u017c: 2 gramy suszonych grzyb\u00f3w lub 21 gram\u00f3w \u015bwie\u017cych grzyb\u00f3w<\/li>\n<li>Intensywna podr\u00f3\u017c: 3,5 grama grzyb\u00f3w suszonych lub 35 gram\u00f3w grzyb\u00f3w \u015bwie\u017cych<\/li>\n<\/ul>\n<h2>Jak nale\u017cy przechowywa\u0107 ten growkit?<\/h2>\n<p>Zalecamy u\u017cycie growkit tak szybko jak to mo\u017cliwe po otrzymaniu tego growkit. Robi\u0105c to, jeste\u015bcie pewni lepszych zbior\u00f3w. Sam growkit mo\u017ce by\u0107 przechowywany przez sze\u015b\u0107 miesi\u0119cy w lod\u00f3wce w temperaturze od trzech do siedmiu stopni Celsjusza.<\/p>\n<h3>Jak uprawia\u0107 grzyby meksyka\u0144skie?<\/h3>\n<p>Ten growkit zawiera wszystko, czego b\u0119dziesz potrzebowa\u0142 do uprawy grzyb\u00f3w meksyka\u0144skich. Ten growkit zawiera growkit, growbag, i Stropharia Cubensis (pieczarki meksyka\u0144skie). Wystarczy post\u0119powa\u0107 zgodnie z instrukcjami i jeste\u015b pewien wspania\u0142ych zbior\u00f3w. Je\u015bli pracujesz zgodnie z instrukcjami, mo\u017cesz u\u017cy\u0107 tego growkit wielokrotnie: nawet do pi\u0119ciu razy!<\/p>\n<ol>\n<li>Umyj dok\u0142adnie r\u0119ce i wyczy\u015b\u0107 zewn\u0119trzn\u0105 cz\u0119\u015b\u0107 GrowKit czyst\u0105, wilgotn\u0105 \u015bciereczk\u0105. Zdj\u0105\u0107 pokryw\u0119, ale zachowa\u0107 j\u0105 do kroku 3.<\/li>\n<li>Wype\u0142nij GrowKit letni\u0105 wod\u0105 (20\u00baC) po brzegi.<\/li>\n<li>Za\u0142o\u017cy\u0107 pokryw\u0119 i pozostawi\u0107 GrowKit do nasi\u0105kni\u0119cia na 5 do max. 50 minut. Uwaga: Nigdy nie moczy\u0107 d\u0142u\u017cej ni\u017c jedn\u0105 godzin\u0119.<\/li>\n<li>Po namoczeniu, zdejmij pokryw\u0119 z GrowKit i delikatnie ods\u0105cz nadmiar wody. Ods\u0105cza\u0107 GrowKit przez 5 do 10 sekund.<\/li>\n<li>Do worka wzrostowego doda\u0107 letni\u0105 wod\u0119 (20\u00baC).<br \/>\nDla GrowKit 250cc: 2 kubki (0,5 litra).<br \/>\nDla zestawu GrowKit o pojemno\u015bci 1200 cm3: 2 kubki (0,5 litra).<br \/>\nDla GrowKit 2100cc: 2 kubki (0,25 litra).<br \/>\nUmie\u015b\u0107 GrowKit w worku wzrostowym. Upewnij si\u0119, \u017ce woda nie przedostaje si\u0119 poza kraw\u0119d\u017a GrowKit.<\/li>\n<li>Zamknij worek wzrostowy, robi\u0105c pokryw\u0119 na g\u00f3rze i zabezpieczaj\u0105c j\u0105 dwoma spinaczami do papieru (cz\u0119\u015b\u0107 opakowania GrowKit).<\/li>\n<li>Umie\u015bci\u0107 zestaw do uprawy w miejscu nienara\u017conym na bezpo\u015brednie dzia\u0142anie promieni s\u0142onecznych. Nie umieszcza\u0107 GrowKit pod lamp\u0105 i nie na lub w pobli\u017cu grzejnika lub \u017ar\u00f3d\u0142a ciep\u0142a. Idealna temperatura wynosi mi\u0119dzy 20 a 25\u00b0C. \"Pozostawi\u0107 torb\u0119 zamkni\u0119t\u0105, dop\u00f3ki nie zaczn\u0105 si\u0119 formowa\u0107 zawi\u0105zki\" (mo\u017ce to potrwa\u0107 tydzie\u0144 lub dwa) Na tym etapie zestaw nie potrzebuje tlenu, ale wysoki poziom CO2.<\/li>\n<li>\"Po rozpocz\u0119ciu wzrostu preszpanu nale\u017cy codziennie zwil\u017ca\u0107 zestaw za pomoc\u0105 butelki z rozpylaczem (maksymalnie 1-2 pompki). Na tym etapie grzyby potrzebuj\u0105 \u015bwie\u017cego H2 O i O2, a CO2 musi si\u0119 ulotni\u0107. Jest to r\u00f3wnie\u017c wa\u017cne po zbiorze.<\/li>\n<li>Pierwsze grzyby b\u0119d\u0105 widoczne po dw\u00f3ch tygodniach. Nale\u017cy uzbroi\u0107 si\u0119 w cierpliwo\u015b\u0107, poniewa\u017c wyrastanie pierwszych grzyb\u00f3w mo\u017ce potrwa\u0107 d\u0142u\u017cej. Grzyby nale\u017cy zbiera\u0107 tu\u017c przed tym, jak sk\u00f3rka pod kapeluszami zacznie si\u0119 rozlu\u017ania\u0107.<\/li>\n<\/ol>\n<p>Zbi\u00f3r: delikatnie chwy\u0107 trzon, przekr\u0119\u0107 spokojnie trzon w lewo i w prawo, a nast\u0119pnie poci\u0105gnij go spokojnie do g\u00f3ry, aby wyci\u0105gn\u0105\u0107 grzyba jak najpe\u0142niej. W ten spos\u00f3b mo\u017cliwe jest, \u017ce nowe grzyby wyrosn\u0105 ponownie.<\/p>\n<h3><span class=\"VIiyi\" lang=\"en\"><span class=\"JLqJ4b ChMk0b\" data-language-for-alternatives=\"en\" data-language-to-translate-into=\"nl\" data-phrase-index=\"0\">Jakie s\u0105 zbiory z mojego growkitu?<\/span><\/span><\/h3>\n<ul>\n<li>250cc \u015brednio 100 gram\u00f3w<\/li>\n<li>1200cc \u015brednio 400 gram\u00f3w<\/li>\n<li>2100cc \u015brednio 600 do 800 gram\u00f3w<\/li>\n<\/ul>\n<h3>Tre\u015b\u0107.<\/h3>\n<p>250cc, 1200cc, 2100cc<\/p>","protected":false},"excerpt":{"rendered":"<p>Meksyka\u0144ski grzybek magiczny jest bardzo popularny. Dzieje si\u0119 tak g\u0142\u00f3wnie dlatego, \u017ce jest on bardzo odpowiedni zar\u00f3wno dla pocz\u0105tkuj\u0105cych jak i do\u015bwiadczonych u\u017cytkownik\u00f3w grzyb\u00f3w. Ten grzybek da ci \u0142agodne efekty wizualne, lekkie halucynacje i sprawi, \u017ce b\u0119dziesz w stanie bardzo euforycznym.<\/p>","protected":false},"featured_media":1546,"comment_status":"open","ping_status":"closed","template":"","meta":[],"product_cat":[29],"product_tag":[],"yoast_head":"<!-- This site is optimized with the Yoast SEO Premium plugin v24.5 (Yoast SEO v24.5) - https:\/\/yoast.com\/wordpress\/plugins\/seo\/ -->\n<title>Unlock Mystical Journeys with Cubensis Growkit Mexican<\/title>\n<meta name=\"description\" content=\"Embark on a psychedelic adventure with our Cubensis Growkit Mexican. Discover the magic within the mystique!\" \/>\n<meta name=\"robots\" content=\"index, follow, max-snippet:-1, max-image-preview:large, max-video-preview:-1\" \/>\n<link rel=\"canonical\" href=\"https:\/\/drgrowkit.com\/pl\/magicstore\/cubensis-shroom-growkit-mexican\/\" \/>\n<meta property=\"og:locale\" content=\"pl_PL\" \/>\n<meta property=\"og:type\" content=\"article\" \/>\n<meta property=\"og:title\" content=\"Cubensis Growkit Mexican\" \/>\n<meta property=\"og:description\" content=\"Embark on a psychedelic adventure with our Cubensis Growkit Mexican. Discover the magic within the mystique!\" \/>\n<meta property=\"og:url\" content=\"https:\/\/drgrowkit.com\/pl\/magicstore\/cubensis-shroom-growkit-mexican\/\" \/>\n<meta property=\"og:site_name\" content=\"DrGrowkit.com\" \/>\n<meta property=\"article:modified_time\" content=\"2026-01-08T15:23:20+00:00\" \/>\n<meta property=\"og:image\" content=\"https:\/\/drgrowkit.com\/wp-content\/uploads\/2020\/09\/Mexican-1.jpg\" \/>\n\t<meta property=\"og:image:width\" content=\"500\" \/>\n\t<meta property=\"og:image:height\" content=\"500\" \/>\n\t<meta property=\"og:image:type\" content=\"image\/jpeg\" \/>\n<meta name=\"twitter:card\" content=\"summary_large_image\" \/>\n<meta name=\"twitter:label1\" content=\"Szacowany czas czytania\" \/>\n\t<meta name=\"twitter:data1\" content=\"4 minuty\" \/>\n<script type=\"application\/ld+json\" class=\"yoast-schema-graph\">{\"@context\":\"https:\/\/schema.org\",\"@graph\":[{\"@type\":\"WebPage\",\"@id\":\"https:\/\/drgrowkit.com\/magicstore\/cubensis-shroom-growkit-mexican\/\",\"url\":\"https:\/\/drgrowkit.com\/magicstore\/cubensis-shroom-growkit-mexican\/\",\"name\":\"Unlock Mystical Journeys with Cubensis Growkit Mexican\",\"isPartOf\":{\"@id\":\"https:\/\/drgrowkit.com\/nl\/#website\"},\"primaryImageOfPage\":{\"@id\":\"https:\/\/drgrowkit.com\/magicstore\/cubensis-shroom-growkit-mexican\/#primaryimage\"},\"image\":{\"@id\":\"https:\/\/drgrowkit.com\/magicstore\/cubensis-shroom-growkit-mexican\/#primaryimage\"},\"thumbnailUrl\":\"https:\/\/drgrowkit.com\/wp-content\/uploads\/2020\/09\/Mexican-1.jpg\",\"datePublished\":\"2020-09-21T18:14:18+00:00\",\"dateModified\":\"2026-01-08T15:23:20+00:00\",\"description\":\"Embark on a psychedelic adventure with our Cubensis Growkit Mexican. Discover the magic within the mystique!\",\"breadcrumb\":{\"@id\":\"https:\/\/drgrowkit.com\/magicstore\/cubensis-shroom-growkit-mexican\/#breadcrumb\"},\"inLanguage\":\"pl-PL\",\"potentialAction\":[{\"@type\":\"ReadAction\",\"target\":[\"https:\/\/drgrowkit.com\/magicstore\/cubensis-shroom-growkit-mexican\/\"]}]},{\"@type\":\"ImageObject\",\"inLanguage\":\"pl-PL\",\"@id\":\"https:\/\/drgrowkit.com\/magicstore\/cubensis-shroom-growkit-mexican\/#primaryimage\",\"url\":\"https:\/\/drgrowkit.com\/wp-content\/uploads\/2020\/09\/Mexican-1.jpg\",\"contentUrl\":\"https:\/\/drgrowkit.com\/wp-content\/uploads\/2020\/09\/Mexican-1.jpg\",\"width\":500,\"height\":500,\"caption\":\"Growkit Mexican\"},{\"@type\":\"BreadcrumbList\",\"@id\":\"https:\/\/drgrowkit.com\/magicstore\/cubensis-shroom-growkit-mexican\/#breadcrumb\",\"itemListElement\":[{\"@type\":\"ListItem\",\"position\":1,\"name\":\"Home\",\"item\":\"https:\/\/drgrowkit.com\/\"},{\"@type\":\"ListItem\",\"position\":2,\"name\":\"Shop\",\"item\":\"https:\/\/drgrowkit.com\/pl\/magicstore\/\"},{\"@type\":\"ListItem\",\"position\":3,\"name\":\"Cubensis Growkit Mexican\"}]},{\"@type\":\"WebSite\",\"@id\":\"https:\/\/drgrowkit.com\/nl\/#website\",\"url\":\"https:\/\/drgrowkit.com\/nl\/\",\"name\":\"DrGrowkit.com\",\"description\":\"\",\"potentialAction\":[{\"@type\":\"SearchAction\",\"target\":{\"@type\":\"EntryPoint\",\"urlTemplate\":\"https:\/\/drgrowkit.com\/nl\/?s={search_term_string}\"},\"query-input\":{\"@type\":\"PropertyValueSpecification\",\"valueRequired\":true,\"valueName\":\"search_term_string\"}}],\"inLanguage\":\"pl-PL\"}]}<\/script>\n<!-- \/ Yoast SEO Premium plugin. -->","yoast_head_json":{"title":"Unlock Mystical Journeys with Cubensis Growkit Mexican","description":"Embark on a psychedelic adventure with our Cubensis Growkit Mexican. Discover the magic within the mystique!","robots":{"index":"index","follow":"follow","max-snippet":"max-snippet:-1","max-image-preview":"max-image-preview:large","max-video-preview":"max-video-preview:-1"},"canonical":"https:\/\/drgrowkit.com\/pl\/magicstore\/cubensis-shroom-growkit-mexican\/","og_locale":"pl_PL","og_type":"article","og_title":"Cubensis Growkit Mexican","og_description":"Embark on a psychedelic adventure with our Cubensis Growkit Mexican. Discover the magic within the mystique!","og_url":"https:\/\/drgrowkit.com\/pl\/magicstore\/cubensis-shroom-growkit-mexican\/","og_site_name":"DrGrowkit.com","article_modified_time":"2026-01-08T15:23:20+00:00","og_image":[{"width":500,"height":500,"url":"https:\/\/drgrowkit.com\/wp-content\/uploads\/2020\/09\/Mexican-1.jpg","type":"image\/jpeg"}],"twitter_card":"summary_large_image","twitter_misc":{"Szacowany czas czytania":"4 minuty"},"schema":{"@context":"https:\/\/schema.org","@graph":[{"@type":"WebPage","@id":"https:\/\/drgrowkit.com\/magicstore\/cubensis-shroom-growkit-mexican\/","url":"https:\/\/drgrowkit.com\/magicstore\/cubensis-shroom-growkit-mexican\/","name":"Unlock Mystical Journeys with Cubensis Growkit Mexican","isPartOf":{"@id":"https:\/\/drgrowkit.com\/nl\/#website"},"primaryImageOfPage":{"@id":"https:\/\/drgrowkit.com\/magicstore\/cubensis-shroom-growkit-mexican\/#primaryimage"},"image":{"@id":"https:\/\/drgrowkit.com\/magicstore\/cubensis-shroom-growkit-mexican\/#primaryimage"},"thumbnailUrl":"https:\/\/drgrowkit.com\/wp-content\/uploads\/2020\/09\/Mexican-1.jpg","datePublished":"2020-09-21T18:14:18+00:00","dateModified":"2026-01-08T15:23:20+00:00","description":"Embark on a psychedelic adventure with our Cubensis Growkit Mexican. Discover the magic within the mystique!","breadcrumb":{"@id":"https:\/\/drgrowkit.com\/magicstore\/cubensis-shroom-growkit-mexican\/#breadcrumb"},"inLanguage":"pl-PL","potentialAction":[{"@type":"ReadAction","target":["https:\/\/drgrowkit.com\/magicstore\/cubensis-shroom-growkit-mexican\/"]}]},{"@type":"ImageObject","inLanguage":"pl-PL","@id":"https:\/\/drgrowkit.com\/magicstore\/cubensis-shroom-growkit-mexican\/#primaryimage","url":"https:\/\/drgrowkit.com\/wp-content\/uploads\/2020\/09\/Mexican-1.jpg","contentUrl":"https:\/\/drgrowkit.com\/wp-content\/uploads\/2020\/09\/Mexican-1.jpg","width":500,"height":500,"caption":"Growkit Mexican"},{"@type":"BreadcrumbList","@id":"https:\/\/drgrowkit.com\/magicstore\/cubensis-shroom-growkit-mexican\/#breadcrumb","itemListElement":[{"@type":"ListItem","position":1,"name":"Home","item":"https:\/\/drgrowkit.com\/"},{"@type":"ListItem","position":2,"name":"Shop","item":"https:\/\/drgrowkit.com\/pl\/magicstore\/"},{"@type":"ListItem","position":3,"name":"Cubensis Growkit Mexican"}]},{"@type":"WebSite","@id":"https:\/\/drgrowkit.com\/nl\/#website","url":"https:\/\/drgrowkit.com\/nl\/","name":"DrGrowkit.com","description":"","potentialAction":[{"@type":"SearchAction","target":{"@type":"EntryPoint","urlTemplate":"https:\/\/drgrowkit.com\/nl\/?s={search_term_string}"},"query-input":{"@type":"PropertyValueSpecification","valueRequired":true,"valueName":"search_term_string"}}],"inLanguage":"pl-PL"}]}},"_links":{"self":[{"href":"https:\/\/drgrowkit.com\/pl\/wp-json\/wp\/v2\/product\/594"}],"collection":[{"href":"https:\/\/drgrowkit.com\/pl\/wp-json\/wp\/v2\/product"}],"about":[{"href":"https:\/\/drgrowkit.com\/pl\/wp-json\/wp\/v2\/types\/product"}],"replies":[{"embeddable":true,"href":"https:\/\/drgrowkit.com\/pl\/wp-json\/wp\/v2\/comments?post=594"}],"wp:featuredmedia":[{"embeddable":true,"href":"https:\/\/drgrowkit.com\/pl\/wp-json\/wp\/v2\/media\/1546"}],"wp:attachment":[{"href":"https:\/\/drgrowkit.com\/pl\/wp-json\/wp\/v2\/media?parent=594"}],"wp:term":[{"taxonomy":"product_cat","embeddable":true,"href":"https:\/\/drgrowkit.com\/pl\/wp-json\/wp\/v2\/product_cat?post=594"},{"taxonomy":"product_tag","embeddable":true,"href":"https:\/\/drgrowkit.com\/pl\/wp-json\/wp\/v2\/product_tag?post=594"}],"curies":[{"name":"wp","href":"https:\/\/api.w.org\/{rel}","templated":true}]}}