{"id":548,"date":"2020-09-02T11:44:04","date_gmt":"2020-09-02T11:44:04","guid":{"rendered":"https:\/\/drgrowkit.com\/?post_type=product&#038;p=548"},"modified":"2024-04-17T19:54:05","modified_gmt":"2024-04-17T19:54:05","slug":"100-mycelium-golden-teacher-mushroom-growkit","status":"publish","type":"product","link":"https:\/\/drgrowkit.com\/pl\/magicstore\/100-mycelium-golden-teacher-mushroom-growkit\/","title":{"rendered":"100% MYCELIUM Golden Teacher - Zestaw do uprawy grzyb\u00f3w"},"content":{"rendered":"<h3>Jakie s\u0105 efekty dzia\u0142ania grzybka Golden Teacher?<\/h3>\n<p>Ten magiczny grzybek da Ci pewne halucynacje. Twoje zmys\u0142y s\u0105 ostrzejsze i mo\u017cesz do\u015bwiadczy\u0107 pewnych zmian w postrzeganiu czasu i przestrzeni. Podczas niekt\u00f3rych halucynacji, mo\u017cesz dowiedzie\u0107 si\u0119 czego\u015b nowego o sobie. Bardzo wa\u017cne jest, aby prawid\u0142owo dawkowa\u0107 ten grzybek, poniewa\u017c podr\u00f3\u017c mo\u017ce trwa\u0107 do o\u015bmiu godzin. W przypadku tego grzyba zaleca si\u0119 spo\u017cycie 12 gram\u00f3w \u015bwie\u017cych grzyb\u00f3w na lekki trip i 24 gramy na intensywny trip.<\/p>\n<h3>B\u0105d\u017a przygotowany, gdy zamierzasz odby\u0107 podr\u00f3\u017c z magicznymi grzybami<\/h3>\n<p>Ten magiczny grzybek mo\u017ce powodowa\u0107 halucynacje. Dlatego wa\u017cne jest, aby by\u0107 przygotowanym, je\u015bli podr\u00f3\u017c stanie si\u0119 zbyt intensywna. Upewnij si\u0119, \u017ce jeste\u015b w zaufanym otoczeniu. To zmniejszy efekty dzia\u0142ania magicznego grzybka. Je\u015bli trip staje si\u0119 zbyt intensywny i masz z\u0142y trip, mo\u017cesz u\u017cy\u0107 trip stoppera. Ten trip stopper zmniejszy z\u0142y trip. Mo\u017cesz r\u00f3wnie\u017c poprosi\u0107 przyjaciela, aby pozosta\u0142 trze\u017awy i pozosta\u0142 z tob\u0105 podczas podr\u00f3\u017cy. On\/ona jest nazywany opiekunem podr\u00f3\u017cy. On lub ona mo\u017ce ci\u0119 pocieszy\u0107, gdy tylko masz z\u0142y wyjazd.<\/p>\n<h3>Jaka jest zawarto\u015b\u0107 zestawu 100% MYCELIUM Golden Teacher - Mushroom Growkit?<\/h3>\n<p>Ten growkit zawiera wszystko, czego potrzebujesz do uprawy magicznych grzyb\u00f3w Golden Teacher. W ci\u0105gu zaledwie dw\u00f3ch tygodni mo\u017cesz z powodzeniem uprawia\u0107 magiczne grzyby. Zbiory z tego growkit to oko\u0142o 500 do 800 gram\u00f3w na zbi\u00f3r. Zestaw ten mo\u017ce by\u0107 u\u017cywany do pi\u0119ciu razy, je\u015bli pracuje si\u0119 higienicznie. Przy magicznych grzybach bardzo wa\u017cne jest noszenie r\u0119kawic i maski na usta, aby zapobiec zanieczyszczeniu. Ten zestaw do uprawy zawiera nast\u0119puj\u0105ce elementy<\/p>\n<ul>\n<li>Cubensis Golden Teacher<\/li>\n<li>Growkit<\/li>\n<li>Growbag z mikroperforacj\u0105<\/li>\n<li>Paperclip<\/li>\n<\/ul>\n<p>Ten growkit posiada instrukcj\u0119 obs\u0142ugi. Wystarczy post\u0119powa\u0107 zgodnie z ni\u0105, a z powodzeniem wyhodujesz magiczne grzyby w domu!<\/p>\n<ol>\n<li>Wyj\u0105\u0107 zestaw do uprawy, torebk\u0119 plastikow\u0105 i spinacz z pude\u0142ka. Zdj\u0105\u0107 pokrywk\u0119 z zestawu do uprawy (dobrze zachowa\u0107 pokrywk\u0119). Op\u0142uka\u0107 pokrywk\u0119 pod bie\u017c\u0105c\u0105 wod\u0105. B\u0119dziesz jej potrzebowa\u0142 p\u00f3\u017aniej.<\/li>\n<li>Umie\u015bci\u0107 zestaw do uprawy bez pokrywki w dostarczonej plastikowej torebce. Wsun\u0105\u0107 otw\u00f3r torebki pod dno z mikroperforacj\u0105 skierowan\u0105 do g\u00f3ry. Otw\u00f3r torebki jest teraz w znacznym stopniu zamkni\u0119ty.<\/li>\n<li>Od momentu, gdy zobaczysz, \u017ce wyrastaj\u0105 ma\u0142e szpilki, mo\u017cesz postawi\u0107 torb\u0119 pionowo. Nie nale\u017cy podlewa\u0107. Pierwsze grzyby b\u0119d\u0105 widoczne po tygodniu.<\/li>\n<li>Umie\u015bci\u0107 grow kit w miejscu z wystarczaj\u0105c\u0105 ilo\u015bci\u0105 \u015bwiat\u0142a dziennego i w temperaturze mi\u0119dzy 18 \u00b0 C a 28 \u00b0 C. Nigdy nie umieszcza\u0107 zestawu do uprawy w bezpo\u015brednim \u015bwietle s\u0142onecznym. Chocia\u017c grzyby rosn\u0105 w prawie ka\u017cdej temperaturze powy\u017cej 15\u00b0C, 23\u00b0C jest idealn\u0105 temperatur\u0105 dla optymalnych zbior\u00f3w.<\/li>\n<li>Od tego etapu nale\u017cy pozostawi\u0107 worek otwarty przez ca\u0142y czas. W ten spos\u00f3b wilgo\u0107 mo\u017ce wyparowa\u0107. Zbyt du\u017co wilgoci mo\u017ce mie\u0107 z\u0142y wp\u0142yw na wzrost grzyb\u00f3w. Pierwsze zbiory b\u0119d\u0105 oko\u0142o tygodnia po pojawieniu si\u0119 pierwszych cebulek. Upewnij si\u0119, \u017ce zbiory nast\u0105pi\u0105 zanim pierwsze zarodniki eksploduj\u0105!<\/li>\n<li>Zestawy te b\u0119d\u0105 produkowa\u0107 wiele upraw grzyb\u00f3w. Aby to zrobi\u0107, po pierwszym zbiorze nape\u0142nij zestaw czyst\u0105 wod\u0105 z kranu. Proces ten znany jest jako szok zimna i tchnie nowe \u017cycie w grzybni\u0119 i zapewnia wystarczaj\u0105c\u0105 ilo\u015b\u0107 wilgoci dla wzrostu grzyb\u00f3w.<\/li>\n<li>Umie\u015bci\u0107 pokryw\u0119 zestawu do uprawy z powrotem na zestawie. Pozostawi\u0107 zestaw w spokoju przez 12 godzin. Otw\u00f3rz r\u00f3g pokrywy i pozw\u00f3l, aby nadmiar wody sp\u0142yn\u0105\u0142. Od tego momentu mo\u017cna ponownie wykona\u0107 instrukcje z kroku 1. Proces ten mo\u017cna powt\u00f3rzy\u0107 do pi\u0119ciu razy.<\/li>\n<\/ol>","protected":false},"excerpt":{"rendered":"<p>Grzybek Golden Teacher nauczy Ci\u0119 nowych rzeczy o \u017cyciu. Grzybek ten ma \u015brednie do silnych efekt\u00f3w. Sam grzyb ma kolor karmelowy i ro\u015bnie do 13 centymetr\u00f3w! Je\u015bli masz ju\u017c troch\u0119 do\u015bwiadczenia, to ten grzybek jest dla Ciebie odpowiednim wyborem!<\/p>","protected":false},"featured_media":746,"comment_status":"open","ping_status":"closed","template":"","meta":[],"product_cat":[30],"product_tag":[],"yoast_head":"<!-- This site is optimized with the Yoast SEO Premium plugin v24.5 (Yoast SEO v24.5) - https:\/\/yoast.com\/wordpress\/plugins\/seo\/ -->\n<title>Embrace the Legacy: Golden Teacher MYCELIUM Kits!<\/title>\n<meta name=\"description\" content=\"Dive into the wisdom of Golden Teacher MYCELIUM with DrGrowKit.com. Authentic strains, abundant yields. Experience the revered magic of mushrooms. Start now!\" \/>\n<meta name=\"robots\" content=\"index, follow, max-snippet:-1, max-image-preview:large, max-video-preview:-1\" \/>\n<link rel=\"canonical\" href=\"https:\/\/drgrowkit.com\/pl\/magicstore\/100-mycelium-golden-teacher-mushroom-growkit\/\" \/>\n<meta property=\"og:locale\" content=\"pl_PL\" \/>\n<meta property=\"og:type\" content=\"article\" \/>\n<meta property=\"og:title\" content=\"100% MYCELIUM Golden Teacher - Mushroom Growkit\" \/>\n<meta property=\"og:description\" content=\"Dive into the wisdom of Golden Teacher MYCELIUM with DrGrowKit.com. Authentic strains, abundant yields. Experience the revered magic of mushrooms. Start now!\" \/>\n<meta property=\"og:url\" content=\"https:\/\/drgrowkit.com\/pl\/magicstore\/100-mycelium-golden-teacher-mushroom-growkit\/\" \/>\n<meta property=\"og:site_name\" content=\"DrGrowkit.com\" \/>\n<meta property=\"article:modified_time\" content=\"2024-04-17T19:54:05+00:00\" \/>\n<meta property=\"og:image\" content=\"https:\/\/drgrowkit.com\/wp-content\/uploads\/2020\/09\/Golden-teacherxp-growkit-.jpg\" \/>\n\t<meta property=\"og:image:width\" content=\"500\" \/>\n\t<meta property=\"og:image:height\" content=\"500\" \/>\n\t<meta property=\"og:image:type\" content=\"image\/jpeg\" \/>\n<meta name=\"twitter:card\" content=\"summary_large_image\" \/>\n<meta name=\"twitter:label1\" content=\"Szacowany czas czytania\" \/>\n\t<meta name=\"twitter:data1\" content=\"3 minuty\" \/>\n<script type=\"application\/ld+json\" class=\"yoast-schema-graph\">{\"@context\":\"https:\/\/schema.org\",\"@graph\":[{\"@type\":\"WebPage\",\"@id\":\"https:\/\/drgrowkit.com\/magicstore\/100-mycelium-golden-teacher-mushroom-growkit\/\",\"url\":\"https:\/\/drgrowkit.com\/magicstore\/100-mycelium-golden-teacher-mushroom-growkit\/\",\"name\":\"Embrace the Legacy: Golden Teacher MYCELIUM Kits!\",\"isPartOf\":{\"@id\":\"https:\/\/drgrowkit.com\/nl\/#website\"},\"primaryImageOfPage\":{\"@id\":\"https:\/\/drgrowkit.com\/magicstore\/100-mycelium-golden-teacher-mushroom-growkit\/#primaryimage\"},\"image\":{\"@id\":\"https:\/\/drgrowkit.com\/magicstore\/100-mycelium-golden-teacher-mushroom-growkit\/#primaryimage\"},\"thumbnailUrl\":\"https:\/\/drgrowkit.com\/wp-content\/uploads\/2020\/09\/Golden-teacherxp-growkit-.jpg\",\"datePublished\":\"2020-09-02T11:44:04+00:00\",\"dateModified\":\"2024-04-17T19:54:05+00:00\",\"description\":\"Dive into the wisdom of Golden Teacher MYCELIUM with DrGrowKit.com. Authentic strains, abundant yields. Experience the revered magic of mushrooms. Start now!\",\"breadcrumb\":{\"@id\":\"https:\/\/drgrowkit.com\/magicstore\/100-mycelium-golden-teacher-mushroom-growkit\/#breadcrumb\"},\"inLanguage\":\"pl-PL\",\"potentialAction\":[{\"@type\":\"ReadAction\",\"target\":[\"https:\/\/drgrowkit.com\/magicstore\/100-mycelium-golden-teacher-mushroom-growkit\/\"]}]},{\"@type\":\"ImageObject\",\"inLanguage\":\"pl-PL\",\"@id\":\"https:\/\/drgrowkit.com\/magicstore\/100-mycelium-golden-teacher-mushroom-growkit\/#primaryimage\",\"url\":\"https:\/\/drgrowkit.com\/wp-content\/uploads\/2020\/09\/Golden-teacherxp-growkit-.jpg\",\"contentUrl\":\"https:\/\/drgrowkit.com\/wp-content\/uploads\/2020\/09\/Golden-teacherxp-growkit-.jpg\",\"width\":500,\"height\":500},{\"@type\":\"BreadcrumbList\",\"@id\":\"https:\/\/drgrowkit.com\/magicstore\/100-mycelium-golden-teacher-mushroom-growkit\/#breadcrumb\",\"itemListElement\":[{\"@type\":\"ListItem\",\"position\":1,\"name\":\"Home\",\"item\":\"https:\/\/drgrowkit.com\/\"},{\"@type\":\"ListItem\",\"position\":2,\"name\":\"Shop\",\"item\":\"https:\/\/drgrowkit.com\/pl\/magicstore\/\"},{\"@type\":\"ListItem\",\"position\":3,\"name\":\"100% MYCELIUM Golden Teacher &#8211; Mushroom Growkit\"}]},{\"@type\":\"WebSite\",\"@id\":\"https:\/\/drgrowkit.com\/nl\/#website\",\"url\":\"https:\/\/drgrowkit.com\/nl\/\",\"name\":\"DrGrowkit.com\",\"description\":\"\",\"potentialAction\":[{\"@type\":\"SearchAction\",\"target\":{\"@type\":\"EntryPoint\",\"urlTemplate\":\"https:\/\/drgrowkit.com\/nl\/?s={search_term_string}\"},\"query-input\":{\"@type\":\"PropertyValueSpecification\",\"valueRequired\":true,\"valueName\":\"search_term_string\"}}],\"inLanguage\":\"pl-PL\"}]}<\/script>\n<!-- \/ Yoast SEO Premium plugin. -->","yoast_head_json":{"title":"Embrace the Legacy: Golden Teacher MYCELIUM Kits!","description":"Dive into the wisdom of Golden Teacher MYCELIUM with DrGrowKit.com. Authentic strains, abundant yields. Experience the revered magic of mushrooms. Start now!","robots":{"index":"index","follow":"follow","max-snippet":"max-snippet:-1","max-image-preview":"max-image-preview:large","max-video-preview":"max-video-preview:-1"},"canonical":"https:\/\/drgrowkit.com\/pl\/magicstore\/100-mycelium-golden-teacher-mushroom-growkit\/","og_locale":"pl_PL","og_type":"article","og_title":"100% MYCELIUM Golden Teacher - Mushroom Growkit","og_description":"Dive into the wisdom of Golden Teacher MYCELIUM with DrGrowKit.com. Authentic strains, abundant yields. Experience the revered magic of mushrooms. Start now!","og_url":"https:\/\/drgrowkit.com\/pl\/magicstore\/100-mycelium-golden-teacher-mushroom-growkit\/","og_site_name":"DrGrowkit.com","article_modified_time":"2024-04-17T19:54:05+00:00","og_image":[{"width":500,"height":500,"url":"https:\/\/drgrowkit.com\/wp-content\/uploads\/2020\/09\/Golden-teacherxp-growkit-.jpg","type":"image\/jpeg"}],"twitter_card":"summary_large_image","twitter_misc":{"Szacowany czas czytania":"3 minuty"},"schema":{"@context":"https:\/\/schema.org","@graph":[{"@type":"WebPage","@id":"https:\/\/drgrowkit.com\/magicstore\/100-mycelium-golden-teacher-mushroom-growkit\/","url":"https:\/\/drgrowkit.com\/magicstore\/100-mycelium-golden-teacher-mushroom-growkit\/","name":"Embrace the Legacy: Golden Teacher MYCELIUM Kits!","isPartOf":{"@id":"https:\/\/drgrowkit.com\/nl\/#website"},"primaryImageOfPage":{"@id":"https:\/\/drgrowkit.com\/magicstore\/100-mycelium-golden-teacher-mushroom-growkit\/#primaryimage"},"image":{"@id":"https:\/\/drgrowkit.com\/magicstore\/100-mycelium-golden-teacher-mushroom-growkit\/#primaryimage"},"thumbnailUrl":"https:\/\/drgrowkit.com\/wp-content\/uploads\/2020\/09\/Golden-teacherxp-growkit-.jpg","datePublished":"2020-09-02T11:44:04+00:00","dateModified":"2024-04-17T19:54:05+00:00","description":"Dive into the wisdom of Golden Teacher MYCELIUM with DrGrowKit.com. Authentic strains, abundant yields. Experience the revered magic of mushrooms. Start now!","breadcrumb":{"@id":"https:\/\/drgrowkit.com\/magicstore\/100-mycelium-golden-teacher-mushroom-growkit\/#breadcrumb"},"inLanguage":"pl-PL","potentialAction":[{"@type":"ReadAction","target":["https:\/\/drgrowkit.com\/magicstore\/100-mycelium-golden-teacher-mushroom-growkit\/"]}]},{"@type":"ImageObject","inLanguage":"pl-PL","@id":"https:\/\/drgrowkit.com\/magicstore\/100-mycelium-golden-teacher-mushroom-growkit\/#primaryimage","url":"https:\/\/drgrowkit.com\/wp-content\/uploads\/2020\/09\/Golden-teacherxp-growkit-.jpg","contentUrl":"https:\/\/drgrowkit.com\/wp-content\/uploads\/2020\/09\/Golden-teacherxp-growkit-.jpg","width":500,"height":500},{"@type":"BreadcrumbList","@id":"https:\/\/drgrowkit.com\/magicstore\/100-mycelium-golden-teacher-mushroom-growkit\/#breadcrumb","itemListElement":[{"@type":"ListItem","position":1,"name":"Home","item":"https:\/\/drgrowkit.com\/"},{"@type":"ListItem","position":2,"name":"Shop","item":"https:\/\/drgrowkit.com\/pl\/magicstore\/"},{"@type":"ListItem","position":3,"name":"100% MYCELIUM Golden Teacher &#8211; Mushroom Growkit"}]},{"@type":"WebSite","@id":"https:\/\/drgrowkit.com\/nl\/#website","url":"https:\/\/drgrowkit.com\/nl\/","name":"DrGrowkit.com","description":"","potentialAction":[{"@type":"SearchAction","target":{"@type":"EntryPoint","urlTemplate":"https:\/\/drgrowkit.com\/nl\/?s={search_term_string}"},"query-input":{"@type":"PropertyValueSpecification","valueRequired":true,"valueName":"search_term_string"}}],"inLanguage":"pl-PL"}]}},"_links":{"self":[{"href":"https:\/\/drgrowkit.com\/pl\/wp-json\/wp\/v2\/product\/548"}],"collection":[{"href":"https:\/\/drgrowkit.com\/pl\/wp-json\/wp\/v2\/product"}],"about":[{"href":"https:\/\/drgrowkit.com\/pl\/wp-json\/wp\/v2\/types\/product"}],"replies":[{"embeddable":true,"href":"https:\/\/drgrowkit.com\/pl\/wp-json\/wp\/v2\/comments?post=548"}],"wp:featuredmedia":[{"embeddable":true,"href":"https:\/\/drgrowkit.com\/pl\/wp-json\/wp\/v2\/media\/746"}],"wp:attachment":[{"href":"https:\/\/drgrowkit.com\/pl\/wp-json\/wp\/v2\/media?parent=548"}],"wp:term":[{"taxonomy":"product_cat","embeddable":true,"href":"https:\/\/drgrowkit.com\/pl\/wp-json\/wp\/v2\/product_cat?post=548"},{"taxonomy":"product_tag","embeddable":true,"href":"https:\/\/drgrowkit.com\/pl\/wp-json\/wp\/v2\/product_tag?post=548"}],"curies":[{"name":"wp","href":"https:\/\/api.w.org\/{rel}","templated":true}]}}