{"id":4823,"date":"2023-02-28T15:32:48","date_gmt":"2023-02-28T15:32:48","guid":{"rendered":"https:\/\/drgrowkit.com\/?post_type=product&#038;p=4823"},"modified":"2024-04-17T19:50:32","modified_gmt":"2024-04-17T19:50:32","slug":"bulk-truffels-250-gram-atlantis","status":"publish","type":"product","link":"https:\/\/drgrowkit.com\/pl\/magicstore\/bulk-truffels-250-gram-atlantis\/","title":{"rendered":"Trufle luzem - 250 Gram"},"content":{"rendered":"<h2>Magiczne Trufle Psilocybe luzem<\/h2>\n<p>Czy r\u00f3wnie\u017c jeste\u015b rozczarowany, \u017ce za ka\u017cdym razem, gdy kupujesz paczk\u0119 magicznych trufli psilocybe, musisz ponownie zap\u0142aci\u0107 koszty wysy\u0142ki? A mo\u017ce planujesz psychodeliczn\u0105 imprez\u0119 z du\u017c\u0105 grup\u0105 bliskich przyjaci\u00f3\u0142? Wtedy m\u0105drze jest zam\u00f3wi\u0107 Trufle luzem. Dzi\u0119ki temu zaoszcz\u0119dzisz znaczn\u0105 kwot\u0119 i b\u0119dziesz mia\u0142 w domu wystarczaj\u0105c\u0105 ilo\u015b\u0107 magicznych trufli na najbli\u017cszy okres. Dokonali\u015bmy wyj\u0105tkowego wyboru przyst\u0119pnych trufli spo\u0142ecznych, poniewa\u017c s\u0105 one idealne do u\u017cytku prywatnego z grup\u0105 bliskich przyjaci\u00f3\u0142. Oczywi\u015bcie dost\u0119pne s\u0105 r\u00f3wnie\u017c nieco mocniejsze trufle dla u\u017cytkownik\u00f3w, kt\u00f3rzy maj\u0105 wi\u0119ksze do\u015bwiadczenie z psilocybin\u0105. Gdy trufle zostan\u0105 dostarczone do domu, mo\u017cna je przechowywa\u0107 przez co najmniej jeden do trzech miesi\u0119cy. Wa\u017cne jest, aby magiczne trufle by\u0142y przechowywane w lod\u00f3wce w temperaturze od trzech do pi\u0119ciu \u00b0C<\/p>","protected":false},"excerpt":{"rendered":"<p>Czy r\u00f3wnie\u017c jeste\u015bcie tak rozczarowani, \u017ce za ka\u017cdym razem, gdy kupujecie paczk\u0119 magicznych trufli psilocybe, musicie ponownie zap\u0142aci\u0107 koszty wysy\u0142ki?<\/p>","protected":false},"featured_media":4825,"comment_status":"open","ping_status":"closed","template":"","meta":[],"product_cat":[21],"product_tag":[],"yoast_head":"<!-- This site is optimized with the Yoast SEO Premium plugin v24.5 (Yoast SEO v24.5) - https:\/\/yoast.com\/wordpress\/plugins\/seo\/ -->\n<title>Elevate Your Consciousness: 250g Bulk Magic Truffles<\/title>\n<meta name=\"description\" content=\"Embark on a transformative journey with our 250g bulk magic truffles. Dive deep into the mysteries of your mind.\" \/>\n<meta name=\"robots\" content=\"index, follow, max-snippet:-1, max-image-preview:large, max-video-preview:-1\" \/>\n<link rel=\"canonical\" href=\"https:\/\/drgrowkit.com\/pl\/magicstore\/bulk-truffels-250-gram-atlantis\/\" \/>\n<meta property=\"og:locale\" content=\"pl_PL\" \/>\n<meta property=\"og:type\" content=\"article\" \/>\n<meta property=\"og:title\" content=\"Bulk truffels - 250 Gram\" \/>\n<meta property=\"og:description\" content=\"Embark on a transformative journey with our 250g bulk magic truffles. Dive deep into the mysteries of your mind.\" \/>\n<meta property=\"og:url\" content=\"https:\/\/drgrowkit.com\/pl\/magicstore\/bulk-truffels-250-gram-atlantis\/\" \/>\n<meta property=\"og:site_name\" content=\"DrGrowkit.com\" \/>\n<meta property=\"article:modified_time\" content=\"2024-04-17T19:50:32+00:00\" \/>\n<meta property=\"og:image\" content=\"https:\/\/drgrowkit.com\/wp-content\/uploads\/2023\/02\/Atlantis.jpg\" \/>\n\t<meta property=\"og:image:width\" content=\"300\" \/>\n\t<meta property=\"og:image:height\" content=\"300\" \/>\n\t<meta property=\"og:image:type\" content=\"image\/jpeg\" \/>\n<meta name=\"twitter:card\" content=\"summary_large_image\" \/>\n<meta name=\"twitter:label1\" content=\"Szacowany czas czytania\" \/>\n\t<meta name=\"twitter:data1\" content=\"1 minuta\" \/>\n<script type=\"application\/ld+json\" class=\"yoast-schema-graph\">{\"@context\":\"https:\/\/schema.org\",\"@graph\":[{\"@type\":\"WebPage\",\"@id\":\"https:\/\/drgrowkit.com\/magicstore\/bulk-truffels-250-gram-atlantis\/\",\"url\":\"https:\/\/drgrowkit.com\/magicstore\/bulk-truffels-250-gram-atlantis\/\",\"name\":\"Elevate Your Consciousness: 250g Bulk Magic Truffles\",\"isPartOf\":{\"@id\":\"https:\/\/drgrowkit.com\/nl\/#website\"},\"primaryImageOfPage\":{\"@id\":\"https:\/\/drgrowkit.com\/magicstore\/bulk-truffels-250-gram-atlantis\/#primaryimage\"},\"image\":{\"@id\":\"https:\/\/drgrowkit.com\/magicstore\/bulk-truffels-250-gram-atlantis\/#primaryimage\"},\"thumbnailUrl\":\"https:\/\/drgrowkit.com\/wp-content\/uploads\/2023\/02\/Atlantis.jpg\",\"datePublished\":\"2023-02-28T15:32:48+00:00\",\"dateModified\":\"2024-04-17T19:50:32+00:00\",\"description\":\"Embark on a transformative journey with our 250g bulk magic truffles. Dive deep into the mysteries of your mind.\",\"breadcrumb\":{\"@id\":\"https:\/\/drgrowkit.com\/magicstore\/bulk-truffels-250-gram-atlantis\/#breadcrumb\"},\"inLanguage\":\"pl-PL\",\"potentialAction\":[{\"@type\":\"ReadAction\",\"target\":[\"https:\/\/drgrowkit.com\/magicstore\/bulk-truffels-250-gram-atlantis\/\"]}]},{\"@type\":\"ImageObject\",\"inLanguage\":\"pl-PL\",\"@id\":\"https:\/\/drgrowkit.com\/magicstore\/bulk-truffels-250-gram-atlantis\/#primaryimage\",\"url\":\"https:\/\/drgrowkit.com\/wp-content\/uploads\/2023\/02\/Atlantis.jpg\",\"contentUrl\":\"https:\/\/drgrowkit.com\/wp-content\/uploads\/2023\/02\/Atlantis.jpg\",\"width\":300,\"height\":300},{\"@type\":\"BreadcrumbList\",\"@id\":\"https:\/\/drgrowkit.com\/magicstore\/bulk-truffels-250-gram-atlantis\/#breadcrumb\",\"itemListElement\":[{\"@type\":\"ListItem\",\"position\":1,\"name\":\"Home\",\"item\":\"https:\/\/drgrowkit.com\/\"},{\"@type\":\"ListItem\",\"position\":2,\"name\":\"Shop\",\"item\":\"https:\/\/drgrowkit.com\/pl\/magicstore\/\"},{\"@type\":\"ListItem\",\"position\":3,\"name\":\"Bulk truffels &#8211; 250 Gram\"}]},{\"@type\":\"WebSite\",\"@id\":\"https:\/\/drgrowkit.com\/nl\/#website\",\"url\":\"https:\/\/drgrowkit.com\/nl\/\",\"name\":\"DrGrowkit.com\",\"description\":\"\",\"potentialAction\":[{\"@type\":\"SearchAction\",\"target\":{\"@type\":\"EntryPoint\",\"urlTemplate\":\"https:\/\/drgrowkit.com\/nl\/?s={search_term_string}\"},\"query-input\":{\"@type\":\"PropertyValueSpecification\",\"valueRequired\":true,\"valueName\":\"search_term_string\"}}],\"inLanguage\":\"pl-PL\"}]}<\/script>\n<!-- \/ Yoast SEO Premium plugin. -->","yoast_head_json":{"title":"Elevate Your Consciousness: 250g Bulk Magic Truffles","description":"Embark on a transformative journey with our 250g bulk magic truffles. Dive deep into the mysteries of your mind.","robots":{"index":"index","follow":"follow","max-snippet":"max-snippet:-1","max-image-preview":"max-image-preview:large","max-video-preview":"max-video-preview:-1"},"canonical":"https:\/\/drgrowkit.com\/pl\/magicstore\/bulk-truffels-250-gram-atlantis\/","og_locale":"pl_PL","og_type":"article","og_title":"Bulk truffels - 250 Gram","og_description":"Embark on a transformative journey with our 250g bulk magic truffles. Dive deep into the mysteries of your mind.","og_url":"https:\/\/drgrowkit.com\/pl\/magicstore\/bulk-truffels-250-gram-atlantis\/","og_site_name":"DrGrowkit.com","article_modified_time":"2024-04-17T19:50:32+00:00","og_image":[{"width":300,"height":300,"url":"https:\/\/drgrowkit.com\/wp-content\/uploads\/2023\/02\/Atlantis.jpg","type":"image\/jpeg"}],"twitter_card":"summary_large_image","twitter_misc":{"Szacowany czas czytania":"1 minuta"},"schema":{"@context":"https:\/\/schema.org","@graph":[{"@type":"WebPage","@id":"https:\/\/drgrowkit.com\/magicstore\/bulk-truffels-250-gram-atlantis\/","url":"https:\/\/drgrowkit.com\/magicstore\/bulk-truffels-250-gram-atlantis\/","name":"Elevate Your Consciousness: 250g Bulk Magic Truffles","isPartOf":{"@id":"https:\/\/drgrowkit.com\/nl\/#website"},"primaryImageOfPage":{"@id":"https:\/\/drgrowkit.com\/magicstore\/bulk-truffels-250-gram-atlantis\/#primaryimage"},"image":{"@id":"https:\/\/drgrowkit.com\/magicstore\/bulk-truffels-250-gram-atlantis\/#primaryimage"},"thumbnailUrl":"https:\/\/drgrowkit.com\/wp-content\/uploads\/2023\/02\/Atlantis.jpg","datePublished":"2023-02-28T15:32:48+00:00","dateModified":"2024-04-17T19:50:32+00:00","description":"Embark on a transformative journey with our 250g bulk magic truffles. Dive deep into the mysteries of your mind.","breadcrumb":{"@id":"https:\/\/drgrowkit.com\/magicstore\/bulk-truffels-250-gram-atlantis\/#breadcrumb"},"inLanguage":"pl-PL","potentialAction":[{"@type":"ReadAction","target":["https:\/\/drgrowkit.com\/magicstore\/bulk-truffels-250-gram-atlantis\/"]}]},{"@type":"ImageObject","inLanguage":"pl-PL","@id":"https:\/\/drgrowkit.com\/magicstore\/bulk-truffels-250-gram-atlantis\/#primaryimage","url":"https:\/\/drgrowkit.com\/wp-content\/uploads\/2023\/02\/Atlantis.jpg","contentUrl":"https:\/\/drgrowkit.com\/wp-content\/uploads\/2023\/02\/Atlantis.jpg","width":300,"height":300},{"@type":"BreadcrumbList","@id":"https:\/\/drgrowkit.com\/magicstore\/bulk-truffels-250-gram-atlantis\/#breadcrumb","itemListElement":[{"@type":"ListItem","position":1,"name":"Home","item":"https:\/\/drgrowkit.com\/"},{"@type":"ListItem","position":2,"name":"Shop","item":"https:\/\/drgrowkit.com\/pl\/magicstore\/"},{"@type":"ListItem","position":3,"name":"Bulk truffels &#8211; 250 Gram"}]},{"@type":"WebSite","@id":"https:\/\/drgrowkit.com\/nl\/#website","url":"https:\/\/drgrowkit.com\/nl\/","name":"DrGrowkit.com","description":"","potentialAction":[{"@type":"SearchAction","target":{"@type":"EntryPoint","urlTemplate":"https:\/\/drgrowkit.com\/nl\/?s={search_term_string}"},"query-input":{"@type":"PropertyValueSpecification","valueRequired":true,"valueName":"search_term_string"}}],"inLanguage":"pl-PL"}]}},"_links":{"self":[{"href":"https:\/\/drgrowkit.com\/pl\/wp-json\/wp\/v2\/product\/4823"}],"collection":[{"href":"https:\/\/drgrowkit.com\/pl\/wp-json\/wp\/v2\/product"}],"about":[{"href":"https:\/\/drgrowkit.com\/pl\/wp-json\/wp\/v2\/types\/product"}],"replies":[{"embeddable":true,"href":"https:\/\/drgrowkit.com\/pl\/wp-json\/wp\/v2\/comments?post=4823"}],"wp:featuredmedia":[{"embeddable":true,"href":"https:\/\/drgrowkit.com\/pl\/wp-json\/wp\/v2\/media\/4825"}],"wp:attachment":[{"href":"https:\/\/drgrowkit.com\/pl\/wp-json\/wp\/v2\/media?parent=4823"}],"wp:term":[{"taxonomy":"product_cat","embeddable":true,"href":"https:\/\/drgrowkit.com\/pl\/wp-json\/wp\/v2\/product_cat?post=4823"},{"taxonomy":"product_tag","embeddable":true,"href":"https:\/\/drgrowkit.com\/pl\/wp-json\/wp\/v2\/product_tag?post=4823"}],"curies":[{"name":"wp","href":"https:\/\/api.w.org\/{rel}","templated":true}]}}