{"id":363,"date":"2020-08-26T20:16:45","date_gmt":"2020-08-26T20:16:45","guid":{"rendered":"https:\/\/drgrowkit.com\/?post_type=product&#038;p=363"},"modified":"2024-04-17T19:54:05","modified_gmt":"2024-04-17T19:54:05","slug":"tampanensis-mushroom-truffels","status":"publish","type":"product","link":"https:\/\/drgrowkit.com\/pl\/magicstore\/tampanensis-mushroom-truffels\/","title":{"rendered":"Tampanensis Magic Truffles"},"content":{"rendered":"<h2>Dzia\u0142anie trufli Tampanensis<\/h2>\n<p>Najbardziej trufla wp\u0142ynie na Tw\u00f3j umys\u0142. B\u0119dziesz my\u015ble\u0107 inaczej o zwyk\u0142ych tematach, co mo\u017ce pom\u00f3c Ci uzyska\u0107 nowe spojrzenie na swoje \u017cycie. Podczas podr\u00f3\u017cy \u0142atwiej rozwi\u0105\u017cesz problemy. Wreszcie, poczujesz eufori\u0119 i b\u0119dziesz o wiele bardziej kreatywny ni\u017c zwykle. Je\u015bli za\u017cyjesz du\u017ce ilo\u015bci Trufli Tampanensis, mo\u017cesz nawet do\u015bwiadczy\u0107 duchowej ekspansji w swoim umy\u015ble. Dlatego te\u017c trufla ta nazywana jest kamieniem filozoficznym. Podr\u00f3\u017c z tymi truflami trwa oko\u0142o czterech do sze\u015bciu godzin. Pierwsze efekty dzia\u0142ania tej trufli s\u0105 zauwa\u017calne po 45 minutach.<\/p>\n<h2>Jak spo\u017cywa\u0107 Trufle Tampanensis?<\/h2>\n<p>Najprostszym sposobem na wykorzystanie trufli jest jej spo\u017cycie. Bardzo wa\u017cne jest, aby \u017cu\u0107 trufl\u0119 tak d\u0142ugo, jak to mo\u017cliwe. To gwarantuje, \u017ce uzyskasz maksymalne efekty dzia\u0142ania magicznej trufli. Z trufli Tampanensis mo\u017cna r\u00f3wnie\u017c przyrz\u0105dzi\u0107 herbat\u0119. Podgrzej wod\u0119, a\u017c osi\u0105gnie temperatur\u0119 70 stopni Celsjusza. Dodaj 10 gram\u00f3w magicznych trufli i odczekaj 20 minut.<\/p>\n<p>Przy stosowaniu trufli bardzo wa\u017cne jest, aby spo\u017cywa\u0107 je na pusty \u017co\u0142\u0105dek. W przygotowaniu podr\u00f3\u017cy z magiczn\u0105 trufl\u0105 bardzo wa\u017cne jest posiadanie opiekunki do podr\u00f3\u017cy. On lub ona pocieszy Ci\u0119, je\u015bli masz z\u0142\u0105 podr\u00f3\u017c. W przypadku z\u0142ej podr\u00f3\u017cy mo\u017cna r\u00f3wnie\u017c u\u017cy\u0107 korek podr\u00f3\u017cny.<\/p>\n<h2>Jak przechowywa\u0107 trufle Tampanensis?<\/h2>\n<p>Trufle nale\u017cy przechowywa\u0107 w lod\u00f3wce. Temperatura w lod\u00f3wce powinna wynosi\u0107 oko\u0142o dw\u00f3ch do czterech stopni Celsjusza. Dzi\u0119ki temu trufle mo\u017cna przechowywa\u0107 przez d\u0142u\u017cszy czas. Trufle s\u0105 pakowane pr\u00f3\u017cniowo. Nale\u017cy jednak zawsze sprawdza\u0107 dat\u0119 wa\u017cno\u015bci, je\u015bli przechowujemy trufle przez d\u0142u\u017cszy czas.<\/p>","protected":false},"excerpt":{"rendered":"<p>Magiczna trufla Tampanensis znana jest r\u00f3wnie\u017c jako kamie\u0144 filozoficzny, poniewa\u017c dzi\u0119ki niej uzyskasz od swoich przyjaci\u00f3\u0142 nowe spojrzenie na \u017cycie. Nadaje si\u0119 ona r\u00f3wnie\u017c dla pocz\u0105tkuj\u0105cych, poniewa\u017c jej efekty s\u0105 raczej \u0142agodne w por\u00f3wnaniu z truflami takimi jak trufla Nirwana. Twoja podr\u00f3\u017c jako psychonauta prawdopodobnie rozpocznie si\u0119 w\u0142a\u015bnie od tej trufli!<\/p>","protected":false},"featured_media":360,"comment_status":"open","ping_status":"closed","template":"","meta":[],"product_cat":[21],"product_tag":[],"yoast_head":"<!-- This site is optimized with the Yoast SEO Premium plugin v24.5 (Yoast SEO v24.5) - https:\/\/yoast.com\/wordpress\/plugins\/seo\/ -->\n<title>tampanensis mushroom truffels | Drgrowkit.com<\/title>\n<meta name=\"description\" content=\"Order your Truffles before 4pm at Drgrowkit.com and we will send them the same day quickly and discreetly.\" \/>\n<meta name=\"robots\" content=\"index, follow, max-snippet:-1, max-image-preview:large, max-video-preview:-1\" \/>\n<link rel=\"canonical\" href=\"https:\/\/drgrowkit.com\/pl\/magicstore\/tampanensis-mushroom-truffels\/\" \/>\n<meta property=\"og:locale\" content=\"pl_PL\" \/>\n<meta property=\"og:type\" content=\"article\" \/>\n<meta property=\"og:title\" content=\"Tampanensis Magic Truffles\" \/>\n<meta property=\"og:description\" content=\"Order your Truffles before 4pm at Drgrowkit.com and we will send them the same day quickly and discreetly.\" \/>\n<meta property=\"og:url\" content=\"https:\/\/drgrowkit.com\/pl\/magicstore\/tampanensis-mushroom-truffels\/\" \/>\n<meta property=\"og:site_name\" content=\"DrGrowkit.com\" \/>\n<meta property=\"article:modified_time\" content=\"2024-04-17T19:54:05+00:00\" \/>\n<meta property=\"og:image\" content=\"https:\/\/drgrowkit.com\/wp-content\/uploads\/2020\/08\/tampanensis.jpg\" \/>\n\t<meta property=\"og:image:width\" content=\"420\" \/>\n\t<meta property=\"og:image:height\" content=\"400\" \/>\n\t<meta property=\"og:image:type\" content=\"image\/jpeg\" \/>\n<meta name=\"twitter:card\" content=\"summary_large_image\" \/>\n<meta name=\"twitter:label1\" content=\"Szacowany czas czytania\" \/>\n\t<meta name=\"twitter:data1\" content=\"2 minuty\" \/>\n<script type=\"application\/ld+json\" class=\"yoast-schema-graph\">{\"@context\":\"https:\/\/schema.org\",\"@graph\":[{\"@type\":\"WebPage\",\"@id\":\"https:\/\/drgrowkit.com\/magicstore\/tampanensis-mushroom-truffels\/\",\"url\":\"https:\/\/drgrowkit.com\/magicstore\/tampanensis-mushroom-truffels\/\",\"name\":\"tampanensis mushroom truffels | Drgrowkit.com\",\"isPartOf\":{\"@id\":\"https:\/\/drgrowkit.com\/nl\/#website\"},\"primaryImageOfPage\":{\"@id\":\"https:\/\/drgrowkit.com\/magicstore\/tampanensis-mushroom-truffels\/#primaryimage\"},\"image\":{\"@id\":\"https:\/\/drgrowkit.com\/magicstore\/tampanensis-mushroom-truffels\/#primaryimage\"},\"thumbnailUrl\":\"https:\/\/drgrowkit.com\/wp-content\/uploads\/2020\/08\/tampanensis.jpg\",\"datePublished\":\"2020-08-26T20:16:45+00:00\",\"dateModified\":\"2024-04-17T19:54:05+00:00\",\"description\":\"Order your Truffles before 4pm at Drgrowkit.com and we will send them the same day quickly and discreetly.\",\"breadcrumb\":{\"@id\":\"https:\/\/drgrowkit.com\/magicstore\/tampanensis-mushroom-truffels\/#breadcrumb\"},\"inLanguage\":\"pl-PL\",\"potentialAction\":[{\"@type\":\"ReadAction\",\"target\":[\"https:\/\/drgrowkit.com\/magicstore\/tampanensis-mushroom-truffels\/\"]}]},{\"@type\":\"ImageObject\",\"inLanguage\":\"pl-PL\",\"@id\":\"https:\/\/drgrowkit.com\/magicstore\/tampanensis-mushroom-truffels\/#primaryimage\",\"url\":\"https:\/\/drgrowkit.com\/wp-content\/uploads\/2020\/08\/tampanensis.jpg\",\"contentUrl\":\"https:\/\/drgrowkit.com\/wp-content\/uploads\/2020\/08\/tampanensis.jpg\",\"width\":420,\"height\":400},{\"@type\":\"BreadcrumbList\",\"@id\":\"https:\/\/drgrowkit.com\/magicstore\/tampanensis-mushroom-truffels\/#breadcrumb\",\"itemListElement\":[{\"@type\":\"ListItem\",\"position\":1,\"name\":\"Home\",\"item\":\"https:\/\/drgrowkit.com\/\"},{\"@type\":\"ListItem\",\"position\":2,\"name\":\"Shop\",\"item\":\"https:\/\/drgrowkit.com\/pl\/magicstore\/\"},{\"@type\":\"ListItem\",\"position\":3,\"name\":\"Tampanensis Magic Truffles\"}]},{\"@type\":\"WebSite\",\"@id\":\"https:\/\/drgrowkit.com\/nl\/#website\",\"url\":\"https:\/\/drgrowkit.com\/nl\/\",\"name\":\"DrGrowkit.com\",\"description\":\"\",\"potentialAction\":[{\"@type\":\"SearchAction\",\"target\":{\"@type\":\"EntryPoint\",\"urlTemplate\":\"https:\/\/drgrowkit.com\/nl\/?s={search_term_string}\"},\"query-input\":{\"@type\":\"PropertyValueSpecification\",\"valueRequired\":true,\"valueName\":\"search_term_string\"}}],\"inLanguage\":\"pl-PL\"}]}<\/script>\n<!-- \/ Yoast SEO Premium plugin. -->","yoast_head_json":{"title":"tampanensis mushroom truffels | Drgrowkit.com","description":"Order your Truffles before 4pm at Drgrowkit.com and we will send them the same day quickly and discreetly.","robots":{"index":"index","follow":"follow","max-snippet":"max-snippet:-1","max-image-preview":"max-image-preview:large","max-video-preview":"max-video-preview:-1"},"canonical":"https:\/\/drgrowkit.com\/pl\/magicstore\/tampanensis-mushroom-truffels\/","og_locale":"pl_PL","og_type":"article","og_title":"Tampanensis Magic Truffles","og_description":"Order your Truffles before 4pm at Drgrowkit.com and we will send them the same day quickly and discreetly.","og_url":"https:\/\/drgrowkit.com\/pl\/magicstore\/tampanensis-mushroom-truffels\/","og_site_name":"DrGrowkit.com","article_modified_time":"2024-04-17T19:54:05+00:00","og_image":[{"width":420,"height":400,"url":"https:\/\/drgrowkit.com\/wp-content\/uploads\/2020\/08\/tampanensis.jpg","type":"image\/jpeg"}],"twitter_card":"summary_large_image","twitter_misc":{"Szacowany czas czytania":"2 minuty"},"schema":{"@context":"https:\/\/schema.org","@graph":[{"@type":"WebPage","@id":"https:\/\/drgrowkit.com\/magicstore\/tampanensis-mushroom-truffels\/","url":"https:\/\/drgrowkit.com\/magicstore\/tampanensis-mushroom-truffels\/","name":"tampanensis mushroom truffels | Drgrowkit.com","isPartOf":{"@id":"https:\/\/drgrowkit.com\/nl\/#website"},"primaryImageOfPage":{"@id":"https:\/\/drgrowkit.com\/magicstore\/tampanensis-mushroom-truffels\/#primaryimage"},"image":{"@id":"https:\/\/drgrowkit.com\/magicstore\/tampanensis-mushroom-truffels\/#primaryimage"},"thumbnailUrl":"https:\/\/drgrowkit.com\/wp-content\/uploads\/2020\/08\/tampanensis.jpg","datePublished":"2020-08-26T20:16:45+00:00","dateModified":"2024-04-17T19:54:05+00:00","description":"Order your Truffles before 4pm at Drgrowkit.com and we will send them the same day quickly and discreetly.","breadcrumb":{"@id":"https:\/\/drgrowkit.com\/magicstore\/tampanensis-mushroom-truffels\/#breadcrumb"},"inLanguage":"pl-PL","potentialAction":[{"@type":"ReadAction","target":["https:\/\/drgrowkit.com\/magicstore\/tampanensis-mushroom-truffels\/"]}]},{"@type":"ImageObject","inLanguage":"pl-PL","@id":"https:\/\/drgrowkit.com\/magicstore\/tampanensis-mushroom-truffels\/#primaryimage","url":"https:\/\/drgrowkit.com\/wp-content\/uploads\/2020\/08\/tampanensis.jpg","contentUrl":"https:\/\/drgrowkit.com\/wp-content\/uploads\/2020\/08\/tampanensis.jpg","width":420,"height":400},{"@type":"BreadcrumbList","@id":"https:\/\/drgrowkit.com\/magicstore\/tampanensis-mushroom-truffels\/#breadcrumb","itemListElement":[{"@type":"ListItem","position":1,"name":"Home","item":"https:\/\/drgrowkit.com\/"},{"@type":"ListItem","position":2,"name":"Shop","item":"https:\/\/drgrowkit.com\/pl\/magicstore\/"},{"@type":"ListItem","position":3,"name":"Tampanensis Magic Truffles"}]},{"@type":"WebSite","@id":"https:\/\/drgrowkit.com\/nl\/#website","url":"https:\/\/drgrowkit.com\/nl\/","name":"DrGrowkit.com","description":"","potentialAction":[{"@type":"SearchAction","target":{"@type":"EntryPoint","urlTemplate":"https:\/\/drgrowkit.com\/nl\/?s={search_term_string}"},"query-input":{"@type":"PropertyValueSpecification","valueRequired":true,"valueName":"search_term_string"}}],"inLanguage":"pl-PL"}]}},"_links":{"self":[{"href":"https:\/\/drgrowkit.com\/pl\/wp-json\/wp\/v2\/product\/363"}],"collection":[{"href":"https:\/\/drgrowkit.com\/pl\/wp-json\/wp\/v2\/product"}],"about":[{"href":"https:\/\/drgrowkit.com\/pl\/wp-json\/wp\/v2\/types\/product"}],"replies":[{"embeddable":true,"href":"https:\/\/drgrowkit.com\/pl\/wp-json\/wp\/v2\/comments?post=363"}],"wp:featuredmedia":[{"embeddable":true,"href":"https:\/\/drgrowkit.com\/pl\/wp-json\/wp\/v2\/media\/360"}],"wp:attachment":[{"href":"https:\/\/drgrowkit.com\/pl\/wp-json\/wp\/v2\/media?parent=363"}],"wp:term":[{"taxonomy":"product_cat","embeddable":true,"href":"https:\/\/drgrowkit.com\/pl\/wp-json\/wp\/v2\/product_cat?post=363"},{"taxonomy":"product_tag","embeddable":true,"href":"https:\/\/drgrowkit.com\/pl\/wp-json\/wp\/v2\/product_tag?post=363"}],"curies":[{"name":"wp","href":"https:\/\/api.w.org\/{rel}","templated":true}]}}