{"id":2018,"date":"2021-10-27T14:07:51","date_gmt":"2021-10-27T14:07:51","guid":{"rendered":"https:\/\/drgrowkit.com\/?post_type=product&#038;p=2018"},"modified":"2022-02-15T16:27:37","modified_gmt":"2022-02-15T16:27:37","slug":"trip-e-happy-caps","status":"publish","type":"product","link":"https:\/\/drgrowkit.com\/pl\/magicstore\/trip-e-happy-caps\/","title":{"rendered":"Wycieczka E Happy Caps"},"content":{"rendered":"<p>Czy chcesz si\u0119 podda\u0107 psychodelicznemu tripowi bez u\u017cywania nielegalnych narkotyk\u00f3w? Happy Caps Trip-E zawieraj\u0105 Hawaiian Baby Woodrose i Guarana. Substancje te s\u0105 podobne do dzia\u0142ania LSD. Mocne kolory, wizualizacje i energia pozwol\u0105 Ci dotrze\u0107 do nowych p\u00f3\u0142kul, kiedy do\u015bwiadczysz intensywnych podr\u00f3\u017cy z tymi mocnymi kapsu\u0142kami Happy Caps.<\/p>\n<h3>Sk\u0142adniki<\/h3>\n<p>Hawaiian Baby Woodrose (150mg), kofeina (20mg), magnez, stearynian, dwutlenek wapnia, hydroksypropylometyloceluloza (kapsu\u0142ka wegetaria\u0144ska)<\/p>\n<h3>Aplikacja<\/h3>\n<p>Stosowa\u0107 jedn\u0105 lub dwie tabletki w razie potrzeby. Nie u\u017cywaj wi\u0119cej ni\u017c dwie tabletki w ci\u0105gu 24 godzin. Dzia\u0142anie leku rozpoczyna si\u0119 po 45 minutach.<\/p>\n<h3>Ostrze\u017cenie<\/h3>\n<p>Nie nale\u017cy miesza\u0107 Heavenly-E happy caps z innymi lekami z grupy SSRI lub antydepresyjnymi. Nie stosuj tych tabletek w ci\u0105\u017cy lub w okresie karmienia piersi\u0105.<\/p>","protected":false},"excerpt":{"rendered":"<p>Czy chcesz podr\u00f3\u017cowa\u0107 z psychodelikami bez u\u017cywania nielegalnych narkotyk\u00f3w? Happy Caps Trip-E zawieraj\u0105 Hawaiian Baby Woodrose i Guaran\u0119. Substancje te s\u0105 podobne do efekt\u00f3w LSD. Silne kolory, obrazy i energia pozwol\u0105 ci dotrze\u0107 do nowych p\u00f3\u0142kul, gdy do\u015bwiadczysz intensywnych podr\u00f3\u017cy dzi\u0119ki tym silnym kapsu\u0142kom Happy Caps. Sk\u0142adniki... <br \/> <a class=\"read-more\" href=\"https:\/\/drgrowkit.com\/pl\/magicstore\/trip-e-happy-caps\/\">Czytaj wi\u0119cej<\/a><\/p>","protected":false},"featured_media":2019,"comment_status":"open","ping_status":"closed","template":"","meta":[],"product_cat":[57],"product_tag":[],"yoast_head":"<!-- This site is optimized with the Yoast SEO Premium plugin v24.5 (Yoast SEO v24.5) - https:\/\/yoast.com\/wordpress\/plugins\/seo\/ -->\n<title>trip e happy caps | Drgrowkit.com<\/title>\n<meta name=\"description\" content=\"Do you want to trip with psychedelics without using illegal drugs? The Happy Caps Trip-E contain Hawaiian Baby Woodrose and and Guarana.\" \/>\n<meta name=\"robots\" content=\"index, follow, max-snippet:-1, max-image-preview:large, max-video-preview:-1\" \/>\n<link rel=\"canonical\" href=\"https:\/\/drgrowkit.com\/pl\/magicstore\/trip-e-happy-caps\/\" \/>\n<meta property=\"og:locale\" content=\"pl_PL\" \/>\n<meta property=\"og:type\" content=\"article\" \/>\n<meta property=\"og:title\" content=\"Trip E Happy Caps\" \/>\n<meta property=\"og:description\" content=\"Do you want to trip with psychedelics without using illegal drugs? The Happy Caps Trip-E contain Hawaiian Baby Woodrose and and Guarana.\" \/>\n<meta property=\"og:url\" content=\"https:\/\/drgrowkit.com\/pl\/magicstore\/trip-e-happy-caps\/\" \/>\n<meta property=\"og:site_name\" content=\"DrGrowkit.com\" \/>\n<meta property=\"article:modified_time\" content=\"2022-02-15T16:27:37+00:00\" \/>\n<meta property=\"og:image\" content=\"https:\/\/drgrowkit.com\/wp-content\/uploads\/2021\/10\/481-567.jpg\" \/>\n\t<meta property=\"og:image:width\" content=\"300\" \/>\n\t<meta property=\"og:image:height\" content=\"300\" \/>\n\t<meta property=\"og:image:type\" content=\"image\/jpeg\" \/>\n<meta name=\"twitter:card\" content=\"summary_large_image\" \/>\n<meta name=\"twitter:label1\" content=\"Szacowany czas czytania\" \/>\n\t<meta name=\"twitter:data1\" content=\"1 minuta\" \/>\n<script type=\"application\/ld+json\" class=\"yoast-schema-graph\">{\"@context\":\"https:\/\/schema.org\",\"@graph\":[{\"@type\":\"WebPage\",\"@id\":\"https:\/\/drgrowkit.com\/magicstore\/trip-e-happy-caps\/\",\"url\":\"https:\/\/drgrowkit.com\/magicstore\/trip-e-happy-caps\/\",\"name\":\"trip e happy caps | Drgrowkit.com\",\"isPartOf\":{\"@id\":\"https:\/\/drgrowkit.com\/nl\/#website\"},\"primaryImageOfPage\":{\"@id\":\"https:\/\/drgrowkit.com\/magicstore\/trip-e-happy-caps\/#primaryimage\"},\"image\":{\"@id\":\"https:\/\/drgrowkit.com\/magicstore\/trip-e-happy-caps\/#primaryimage\"},\"thumbnailUrl\":\"https:\/\/drgrowkit.com\/wp-content\/uploads\/2021\/10\/481-567.jpg\",\"datePublished\":\"2021-10-27T14:07:51+00:00\",\"dateModified\":\"2022-02-15T16:27:37+00:00\",\"description\":\"Do you want to trip with psychedelics without using illegal drugs? The Happy Caps Trip-E contain Hawaiian Baby Woodrose and and Guarana.\",\"breadcrumb\":{\"@id\":\"https:\/\/drgrowkit.com\/magicstore\/trip-e-happy-caps\/#breadcrumb\"},\"inLanguage\":\"pl-PL\",\"potentialAction\":[{\"@type\":\"ReadAction\",\"target\":[\"https:\/\/drgrowkit.com\/magicstore\/trip-e-happy-caps\/\"]}]},{\"@type\":\"ImageObject\",\"inLanguage\":\"pl-PL\",\"@id\":\"https:\/\/drgrowkit.com\/magicstore\/trip-e-happy-caps\/#primaryimage\",\"url\":\"https:\/\/drgrowkit.com\/wp-content\/uploads\/2021\/10\/481-567.jpg\",\"contentUrl\":\"https:\/\/drgrowkit.com\/wp-content\/uploads\/2021\/10\/481-567.jpg\",\"width\":300,\"height\":300},{\"@type\":\"BreadcrumbList\",\"@id\":\"https:\/\/drgrowkit.com\/magicstore\/trip-e-happy-caps\/#breadcrumb\",\"itemListElement\":[{\"@type\":\"ListItem\",\"position\":1,\"name\":\"Home\",\"item\":\"https:\/\/drgrowkit.com\/\"},{\"@type\":\"ListItem\",\"position\":2,\"name\":\"Shop\",\"item\":\"https:\/\/drgrowkit.com\/pl\/magicstore\/\"},{\"@type\":\"ListItem\",\"position\":3,\"name\":\"Trip E Happy Caps\"}]},{\"@type\":\"WebSite\",\"@id\":\"https:\/\/drgrowkit.com\/nl\/#website\",\"url\":\"https:\/\/drgrowkit.com\/nl\/\",\"name\":\"DrGrowkit.com\",\"description\":\"\",\"potentialAction\":[{\"@type\":\"SearchAction\",\"target\":{\"@type\":\"EntryPoint\",\"urlTemplate\":\"https:\/\/drgrowkit.com\/nl\/?s={search_term_string}\"},\"query-input\":{\"@type\":\"PropertyValueSpecification\",\"valueRequired\":true,\"valueName\":\"search_term_string\"}}],\"inLanguage\":\"pl-PL\"}]}<\/script>\n<!-- \/ Yoast SEO Premium plugin. -->","yoast_head_json":{"title":"trip e happy caps | Drgrowkit.com","description":"Do you want to trip with psychedelics without using illegal drugs? The Happy Caps Trip-E contain Hawaiian Baby Woodrose and and Guarana.","robots":{"index":"index","follow":"follow","max-snippet":"max-snippet:-1","max-image-preview":"max-image-preview:large","max-video-preview":"max-video-preview:-1"},"canonical":"https:\/\/drgrowkit.com\/pl\/magicstore\/trip-e-happy-caps\/","og_locale":"pl_PL","og_type":"article","og_title":"Trip E Happy Caps","og_description":"Do you want to trip with psychedelics without using illegal drugs? The Happy Caps Trip-E contain Hawaiian Baby Woodrose and and Guarana.","og_url":"https:\/\/drgrowkit.com\/pl\/magicstore\/trip-e-happy-caps\/","og_site_name":"DrGrowkit.com","article_modified_time":"2022-02-15T16:27:37+00:00","og_image":[{"width":300,"height":300,"url":"https:\/\/drgrowkit.com\/wp-content\/uploads\/2021\/10\/481-567.jpg","type":"image\/jpeg"}],"twitter_card":"summary_large_image","twitter_misc":{"Szacowany czas czytania":"1 minuta"},"schema":{"@context":"https:\/\/schema.org","@graph":[{"@type":"WebPage","@id":"https:\/\/drgrowkit.com\/magicstore\/trip-e-happy-caps\/","url":"https:\/\/drgrowkit.com\/magicstore\/trip-e-happy-caps\/","name":"trip e happy caps | Drgrowkit.com","isPartOf":{"@id":"https:\/\/drgrowkit.com\/nl\/#website"},"primaryImageOfPage":{"@id":"https:\/\/drgrowkit.com\/magicstore\/trip-e-happy-caps\/#primaryimage"},"image":{"@id":"https:\/\/drgrowkit.com\/magicstore\/trip-e-happy-caps\/#primaryimage"},"thumbnailUrl":"https:\/\/drgrowkit.com\/wp-content\/uploads\/2021\/10\/481-567.jpg","datePublished":"2021-10-27T14:07:51+00:00","dateModified":"2022-02-15T16:27:37+00:00","description":"Do you want to trip with psychedelics without using illegal drugs? The Happy Caps Trip-E contain Hawaiian Baby Woodrose and and Guarana.","breadcrumb":{"@id":"https:\/\/drgrowkit.com\/magicstore\/trip-e-happy-caps\/#breadcrumb"},"inLanguage":"pl-PL","potentialAction":[{"@type":"ReadAction","target":["https:\/\/drgrowkit.com\/magicstore\/trip-e-happy-caps\/"]}]},{"@type":"ImageObject","inLanguage":"pl-PL","@id":"https:\/\/drgrowkit.com\/magicstore\/trip-e-happy-caps\/#primaryimage","url":"https:\/\/drgrowkit.com\/wp-content\/uploads\/2021\/10\/481-567.jpg","contentUrl":"https:\/\/drgrowkit.com\/wp-content\/uploads\/2021\/10\/481-567.jpg","width":300,"height":300},{"@type":"BreadcrumbList","@id":"https:\/\/drgrowkit.com\/magicstore\/trip-e-happy-caps\/#breadcrumb","itemListElement":[{"@type":"ListItem","position":1,"name":"Home","item":"https:\/\/drgrowkit.com\/"},{"@type":"ListItem","position":2,"name":"Shop","item":"https:\/\/drgrowkit.com\/pl\/magicstore\/"},{"@type":"ListItem","position":3,"name":"Trip E Happy Caps"}]},{"@type":"WebSite","@id":"https:\/\/drgrowkit.com\/nl\/#website","url":"https:\/\/drgrowkit.com\/nl\/","name":"DrGrowkit.com","description":"","potentialAction":[{"@type":"SearchAction","target":{"@type":"EntryPoint","urlTemplate":"https:\/\/drgrowkit.com\/nl\/?s={search_term_string}"},"query-input":{"@type":"PropertyValueSpecification","valueRequired":true,"valueName":"search_term_string"}}],"inLanguage":"pl-PL"}]}},"_links":{"self":[{"href":"https:\/\/drgrowkit.com\/pl\/wp-json\/wp\/v2\/product\/2018"}],"collection":[{"href":"https:\/\/drgrowkit.com\/pl\/wp-json\/wp\/v2\/product"}],"about":[{"href":"https:\/\/drgrowkit.com\/pl\/wp-json\/wp\/v2\/types\/product"}],"replies":[{"embeddable":true,"href":"https:\/\/drgrowkit.com\/pl\/wp-json\/wp\/v2\/comments?post=2018"}],"wp:featuredmedia":[{"embeddable":true,"href":"https:\/\/drgrowkit.com\/pl\/wp-json\/wp\/v2\/media\/2019"}],"wp:attachment":[{"href":"https:\/\/drgrowkit.com\/pl\/wp-json\/wp\/v2\/media?parent=2018"}],"wp:term":[{"taxonomy":"product_cat","embeddable":true,"href":"https:\/\/drgrowkit.com\/pl\/wp-json\/wp\/v2\/product_cat?post=2018"},{"taxonomy":"product_tag","embeddable":true,"href":"https:\/\/drgrowkit.com\/pl\/wp-json\/wp\/v2\/product_tag?post=2018"}],"curies":[{"name":"wp","href":"https:\/\/api.w.org\/{rel}","templated":true}]}}