{"id":1139,"date":"2021-01-22T18:20:57","date_gmt":"2021-01-22T18:20:57","guid":{"rendered":"https:\/\/drgrowkit.com\/?post_type=product&#038;p=1139"},"modified":"2022-04-24T12:45:46","modified_gmt":"2022-04-24T12:45:46","slug":"filter-jar-2100cc","status":"publish","type":"product","link":"https:\/\/drgrowkit.com\/pl\/magicstore\/filter-jar-2100cc\/","title":{"rendered":"Filtr s\u0142oik 2100cc"},"content":{"rendered":"<p>Do wyhodowania w\u0142asnej grzybni z zarodnikami grzyb\u00f3w mo\u017cna u\u017cy\u0107 s\u0142oika z filtrem. S\u0142oik filtruj\u0105cy mo\u017cna wype\u0142ni\u0107 pod\u0142o\u017cem, takim jak br\u0105zowy ry\u017c, wermikulit czy m\u0105ka ry\u017cowa. Po przygotowaniu po\u017cywnego pod\u0142o\u017ca mo\u017cna je skolonizowa\u0107 zarodnikami grzyb\u00f3w.<\/p>\n<h2>Dost\u0119pne s\u0105 r\u00f3\u017cne s\u0142oje filtracyjne dla grzyb\u00f3w<\/h2>\n<p>Ten s\u0142oik ma wielko\u015b\u0107 2100cc. Z tego s\u0142oika mo\u017cna uzyska\u0107 do 1000 gram\u00f3w \u015bwie\u017cych grzyb\u00f3w. Potrzebne jest tylko 30 gram \u015bwie\u017cych grzyb\u00f3w. Po wyhodowaniu grzyb\u00f3w mo\u017cna je wysuszy\u0107, dzi\u0119ki czemu mo\u017cna zbudowa\u0107 roczny zapas grzyb\u00f3w.<\/p>","protected":false},"excerpt":{"rendered":"<p>Do wyhodowania w\u0142asnej grzybni z zarodnikami grzyb\u00f3w mo\u017cna u\u017cy\u0107 s\u0142oika z filtrem. S\u0142oik filtruj\u0105cy mo\u017cna wype\u0142ni\u0107 pod\u0142o\u017cem, takim jak br\u0105zowy ry\u017c, wermikulit lub m\u0105ka ry\u017cowa.<\/p>","protected":false},"featured_media":3069,"comment_status":"open","ping_status":"closed","template":"","meta":[],"product_cat":[31],"product_tag":[],"yoast_head":"<!-- This site is optimized with the Yoast SEO Premium plugin v24.5 (Yoast SEO v24.5) - https:\/\/yoast.com\/wordpress\/plugins\/seo\/ -->\n<title>Filter Jar 2100cc - Premium Filtration Solution<\/title>\n<meta name=\"description\" content=\"Explore the efficiency and effectiveness of our Filter Jar 2100cc. Elevate your filtration process with ease and precision.\" \/>\n<meta name=\"robots\" content=\"index, follow, max-snippet:-1, max-image-preview:large, max-video-preview:-1\" \/>\n<link rel=\"canonical\" href=\"https:\/\/drgrowkit.com\/pl\/magicstore\/filter-jar-2100cc\/\" \/>\n<meta property=\"og:locale\" content=\"pl_PL\" \/>\n<meta property=\"og:type\" content=\"article\" \/>\n<meta property=\"og:title\" content=\"Filter Jar 2100cc\" \/>\n<meta property=\"og:description\" content=\"Explore the efficiency and effectiveness of our Filter Jar 2100cc. Elevate your filtration process with ease and precision.\" \/>\n<meta property=\"og:url\" content=\"https:\/\/drgrowkit.com\/pl\/magicstore\/filter-jar-2100cc\/\" \/>\n<meta property=\"og:site_name\" content=\"DrGrowkit.com\" \/>\n<meta property=\"article:modified_time\" content=\"2022-04-24T12:45:46+00:00\" \/>\n<meta property=\"og:image\" content=\"https:\/\/drgrowkit.com\/wp-content\/uploads\/2021\/01\/growbox.jpg\" \/>\n\t<meta property=\"og:image:width\" content=\"300\" \/>\n\t<meta property=\"og:image:height\" content=\"300\" \/>\n\t<meta property=\"og:image:type\" content=\"image\/jpeg\" \/>\n<meta name=\"twitter:card\" content=\"summary_large_image\" \/>\n<meta name=\"twitter:label1\" content=\"Szacowany czas czytania\" \/>\n\t<meta name=\"twitter:data1\" content=\"1 minuta\" \/>\n<script type=\"application\/ld+json\" class=\"yoast-schema-graph\">{\"@context\":\"https:\/\/schema.org\",\"@graph\":[{\"@type\":\"WebPage\",\"@id\":\"https:\/\/drgrowkit.com\/magicstore\/filter-jar-2100cc\/\",\"url\":\"https:\/\/drgrowkit.com\/magicstore\/filter-jar-2100cc\/\",\"name\":\"Filter Jar 2100cc - Premium Filtration Solution\",\"isPartOf\":{\"@id\":\"https:\/\/drgrowkit.com\/nl\/#website\"},\"primaryImageOfPage\":{\"@id\":\"https:\/\/drgrowkit.com\/magicstore\/filter-jar-2100cc\/#primaryimage\"},\"image\":{\"@id\":\"https:\/\/drgrowkit.com\/magicstore\/filter-jar-2100cc\/#primaryimage\"},\"thumbnailUrl\":\"https:\/\/drgrowkit.com\/wp-content\/uploads\/2021\/01\/growbox.jpg\",\"datePublished\":\"2021-01-22T18:20:57+00:00\",\"dateModified\":\"2022-04-24T12:45:46+00:00\",\"description\":\"Explore the efficiency and effectiveness of our Filter Jar 2100cc. Elevate your filtration process with ease and precision.\",\"breadcrumb\":{\"@id\":\"https:\/\/drgrowkit.com\/magicstore\/filter-jar-2100cc\/#breadcrumb\"},\"inLanguage\":\"pl-PL\",\"potentialAction\":[{\"@type\":\"ReadAction\",\"target\":[\"https:\/\/drgrowkit.com\/magicstore\/filter-jar-2100cc\/\"]}]},{\"@type\":\"ImageObject\",\"inLanguage\":\"pl-PL\",\"@id\":\"https:\/\/drgrowkit.com\/magicstore\/filter-jar-2100cc\/#primaryimage\",\"url\":\"https:\/\/drgrowkit.com\/wp-content\/uploads\/2021\/01\/growbox.jpg\",\"contentUrl\":\"https:\/\/drgrowkit.com\/wp-content\/uploads\/2021\/01\/growbox.jpg\",\"width\":300,\"height\":300},{\"@type\":\"BreadcrumbList\",\"@id\":\"https:\/\/drgrowkit.com\/magicstore\/filter-jar-2100cc\/#breadcrumb\",\"itemListElement\":[{\"@type\":\"ListItem\",\"position\":1,\"name\":\"Home\",\"item\":\"https:\/\/drgrowkit.com\/\"},{\"@type\":\"ListItem\",\"position\":2,\"name\":\"Shop\",\"item\":\"https:\/\/drgrowkit.com\/pl\/magicstore\/\"},{\"@type\":\"ListItem\",\"position\":3,\"name\":\"Filter Jar 2100cc\"}]},{\"@type\":\"WebSite\",\"@id\":\"https:\/\/drgrowkit.com\/nl\/#website\",\"url\":\"https:\/\/drgrowkit.com\/nl\/\",\"name\":\"DrGrowkit.com\",\"description\":\"\",\"potentialAction\":[{\"@type\":\"SearchAction\",\"target\":{\"@type\":\"EntryPoint\",\"urlTemplate\":\"https:\/\/drgrowkit.com\/nl\/?s={search_term_string}\"},\"query-input\":{\"@type\":\"PropertyValueSpecification\",\"valueRequired\":true,\"valueName\":\"search_term_string\"}}],\"inLanguage\":\"pl-PL\"}]}<\/script>\n<!-- \/ Yoast SEO Premium plugin. -->","yoast_head_json":{"title":"Filter Jar 2100cc - Premium Filtration Solution","description":"Explore the efficiency and effectiveness of our Filter Jar 2100cc. Elevate your filtration process with ease and precision.","robots":{"index":"index","follow":"follow","max-snippet":"max-snippet:-1","max-image-preview":"max-image-preview:large","max-video-preview":"max-video-preview:-1"},"canonical":"https:\/\/drgrowkit.com\/pl\/magicstore\/filter-jar-2100cc\/","og_locale":"pl_PL","og_type":"article","og_title":"Filter Jar 2100cc","og_description":"Explore the efficiency and effectiveness of our Filter Jar 2100cc. Elevate your filtration process with ease and precision.","og_url":"https:\/\/drgrowkit.com\/pl\/magicstore\/filter-jar-2100cc\/","og_site_name":"DrGrowkit.com","article_modified_time":"2022-04-24T12:45:46+00:00","og_image":[{"width":300,"height":300,"url":"https:\/\/drgrowkit.com\/wp-content\/uploads\/2021\/01\/growbox.jpg","type":"image\/jpeg"}],"twitter_card":"summary_large_image","twitter_misc":{"Szacowany czas czytania":"1 minuta"},"schema":{"@context":"https:\/\/schema.org","@graph":[{"@type":"WebPage","@id":"https:\/\/drgrowkit.com\/magicstore\/filter-jar-2100cc\/","url":"https:\/\/drgrowkit.com\/magicstore\/filter-jar-2100cc\/","name":"Filter Jar 2100cc - Premium Filtration Solution","isPartOf":{"@id":"https:\/\/drgrowkit.com\/nl\/#website"},"primaryImageOfPage":{"@id":"https:\/\/drgrowkit.com\/magicstore\/filter-jar-2100cc\/#primaryimage"},"image":{"@id":"https:\/\/drgrowkit.com\/magicstore\/filter-jar-2100cc\/#primaryimage"},"thumbnailUrl":"https:\/\/drgrowkit.com\/wp-content\/uploads\/2021\/01\/growbox.jpg","datePublished":"2021-01-22T18:20:57+00:00","dateModified":"2022-04-24T12:45:46+00:00","description":"Explore the efficiency and effectiveness of our Filter Jar 2100cc. Elevate your filtration process with ease and precision.","breadcrumb":{"@id":"https:\/\/drgrowkit.com\/magicstore\/filter-jar-2100cc\/#breadcrumb"},"inLanguage":"pl-PL","potentialAction":[{"@type":"ReadAction","target":["https:\/\/drgrowkit.com\/magicstore\/filter-jar-2100cc\/"]}]},{"@type":"ImageObject","inLanguage":"pl-PL","@id":"https:\/\/drgrowkit.com\/magicstore\/filter-jar-2100cc\/#primaryimage","url":"https:\/\/drgrowkit.com\/wp-content\/uploads\/2021\/01\/growbox.jpg","contentUrl":"https:\/\/drgrowkit.com\/wp-content\/uploads\/2021\/01\/growbox.jpg","width":300,"height":300},{"@type":"BreadcrumbList","@id":"https:\/\/drgrowkit.com\/magicstore\/filter-jar-2100cc\/#breadcrumb","itemListElement":[{"@type":"ListItem","position":1,"name":"Home","item":"https:\/\/drgrowkit.com\/"},{"@type":"ListItem","position":2,"name":"Shop","item":"https:\/\/drgrowkit.com\/pl\/magicstore\/"},{"@type":"ListItem","position":3,"name":"Filter Jar 2100cc"}]},{"@type":"WebSite","@id":"https:\/\/drgrowkit.com\/nl\/#website","url":"https:\/\/drgrowkit.com\/nl\/","name":"DrGrowkit.com","description":"","potentialAction":[{"@type":"SearchAction","target":{"@type":"EntryPoint","urlTemplate":"https:\/\/drgrowkit.com\/nl\/?s={search_term_string}"},"query-input":{"@type":"PropertyValueSpecification","valueRequired":true,"valueName":"search_term_string"}}],"inLanguage":"pl-PL"}]}},"_links":{"self":[{"href":"https:\/\/drgrowkit.com\/pl\/wp-json\/wp\/v2\/product\/1139"}],"collection":[{"href":"https:\/\/drgrowkit.com\/pl\/wp-json\/wp\/v2\/product"}],"about":[{"href":"https:\/\/drgrowkit.com\/pl\/wp-json\/wp\/v2\/types\/product"}],"replies":[{"embeddable":true,"href":"https:\/\/drgrowkit.com\/pl\/wp-json\/wp\/v2\/comments?post=1139"}],"wp:featuredmedia":[{"embeddable":true,"href":"https:\/\/drgrowkit.com\/pl\/wp-json\/wp\/v2\/media\/3069"}],"wp:attachment":[{"href":"https:\/\/drgrowkit.com\/pl\/wp-json\/wp\/v2\/media?parent=1139"}],"wp:term":[{"taxonomy":"product_cat","embeddable":true,"href":"https:\/\/drgrowkit.com\/pl\/wp-json\/wp\/v2\/product_cat?post=1139"},{"taxonomy":"product_tag","embeddable":true,"href":"https:\/\/drgrowkit.com\/pl\/wp-json\/wp\/v2\/product_tag?post=1139"}],"curies":[{"name":"wp","href":"https:\/\/api.w.org\/{rel}","templated":true}]}}