{"id":1771,"date":"2021-09-21T10:49:10","date_gmt":"2021-09-21T10:49:10","guid":{"rendered":"https:\/\/drgrowkit.com\/?page_id=1771"},"modified":"2024-06-23T19:07:30","modified_gmt":"2024-06-23T19:07:30","slug":"smartshop","status":"publish","type":"page","link":"https:\/\/drgrowkit.com\/pl\/smartshop\/","title":{"rendered":"Smartshop"},"content":{"rendered":"<div  data-label=\"Portfolio\" data-id=\"portfolio--1\" data-export-id=\"portfolio-1\" data-category=\"portfolio\" class=\"portfolio-1 content-section content-section-spacing\" id=\"portfolio-1\" style=\"background-color: rgb(255, 255, 255);\"><div  class=\"gridContainer\"> <div  class=\"row text-center\"><div  class=\"section-title-col\" data-type=\"column\">  <\/div> <\/div> <div  data-type=\"row\" class=\"row spaced-cols\" data-fixed=\"true\"> <div  class=\"col-xs-12 col-sm-4\"> <div  class=\"contentswap-effect visible\" data-hover-fx=\"portfolio-1\"> <div  class=\"initial-image\"> <img  decoding=\"async\" data-size=\"500x333\" src=\"https:\/\/drgrowkit.com\/wp-content\/uploads\/2021\/11\/cbd-candy_categorie.jpg\"><\/div> <div  class=\"overlay\"><\/div> <div  class=\"swap-inner col-xs-12\"> <div  class=\"row full-height-row bottom-xs\"> <div  class=\"col-xs-12 color1 text-center content-holder\"> <h4  class=\"inverted font-500\">Produkty CBD<\/h4> <a href=\"https:\/\/drgrowkit.com\/pl\/product-categorie\/cbd-products\/\" class=\"inverted italic p small\" target=\"_self\" data-cp-link=\"1\" rel=\"noopener\">Wejd\u017a tutaj<\/a><\/div> <\/div><\/div> <\/div><\/div> <div  class=\"col-xs-12 col-sm-4\"><div  class=\"contentswap-effect visible\" data-hover-fx=\"portfolio-1\"> <div  class=\"initial-image\"> <img  decoding=\"async\" data-size=\"500x333\" src=\"https:\/\/drgrowkit.com\/wp-content\/uploads\/2021\/11\/Medical_mushrooms_Categorie.jpg\"><\/div> <div  class=\"overlay\"><\/div> <div  class=\"swap-inner col-xs-12\"> <div  class=\"row full-height-row bottom-xs\"> <div  class=\"col-xs-12 color1 text-center content-holder\"> <h4  class=\"inverted font-500\">Grzyby lecznicze<\/h4> <a href=\"https:\/\/drgrowkit.com\/pl\/product-categorie\/medicinal-mushrooms\/\" class=\"inverted italic p small\" target=\"_self\" data-cp-link=\"1\" rel=\"noopener\">Wejd\u017a tutaj<\/a><\/div> <\/div><\/div> <\/div><\/div> <div  class=\"col-xs-12 col-sm-4\"><div  class=\"contentswap-effect visible\" data-hover-fx=\"portfolio-1\"> <div  class=\"initial-image\"> <img  decoding=\"async\" data-size=\"500x333\" src=\"https:\/\/drgrowkit.com\/wp-content\/uploads\/2021\/11\/Kratom_Categorie.jpg\"><\/div> <div  class=\"overlay\"><\/div> <div  class=\"swap-inner col-xs-12\"> <div  class=\"row full-height-row bottom-xs\"> <div  class=\"col-xs-12 color1 text-center content-holder\"> <h4  class=\"inverted font-500\">Kratom<\/h4> <a href=\"https:\/\/drgrowkit.com\/pl\/product-categorie\/kratom\/\" class=\"inverted italic p small\" target=\"_self\" data-cp-link=\"1\" rel=\"noopener\">Wejd\u017a tutaj<\/a><\/div> <\/div><\/div> <\/div><\/div> <div  class=\"col-xs-12 col-sm-4\"><div  class=\"contentswap-effect visible\" data-hover-fx=\"portfolio-1\"> <div  class=\"initial-image\"> <img  decoding=\"async\" data-size=\"500x333\" src=\"https:\/\/drgrowkit.com\/wp-content\/uploads\/2021\/11\/Cacti_Categorie.jpg\"><\/div> <div  class=\"overlay\"><\/div> <div  class=\"swap-inner col-xs-12\"> <div  class=\"row full-height-row bottom-xs\"> <div  class=\"col-xs-12 color1 text-center content-holder\"> <h4  class=\"inverted font-500\">Kaktusy Meskalinowe<\/h4> <a href=\"https:\/\/drgrowkit.com\/pl\/product-categorie\/mescaline-cacti\/\" class=\"inverted italic p small\" target=\"_self\" data-cp-link=\"1\" rel=\"noopener\">Wejd\u017a tutaj<\/a><\/div> <\/div><\/div> <\/div><\/div> <div  class=\"col-xs-12 col-sm-4\"><div  class=\"contentswap-effect visible\" data-hover-fx=\"portfolio-1\"> <div  class=\"initial-image\"> <img  decoding=\"async\" data-size=\"500x333\" src=\"https:\/\/drgrowkit.com\/wp-content\/uploads\/2021\/11\/Kanna_categorie.jpg\"><\/div> <div  class=\"overlay\"><\/div> <div  class=\"swap-inner col-xs-12\"> <div  class=\"row full-height-row bottom-xs\"> <div  class=\"col-xs-12 color1 text-center content-holder\"> <h4  class=\"inverted font-500\">Kanna<\/h4> <a href=\"https:\/\/drgrowkit.com\/pl\/product-categorie\/kanna\/\" class=\"inverted italic p small\" target=\"_self\" data-cp-link=\"1\" rel=\"noopener\">Wejd\u017a tutaj<\/a><\/div> <\/div><\/div> <\/div><\/div> <div  class=\"col-xs-12 col-sm-4\"><div  class=\"contentswap-effect visible\" data-hover-fx=\"portfolio-1\"> <div  class=\"initial-image\"> <img  decoding=\"async\" data-size=\"500x333\" src=\"https:\/\/drgrowkit.com\/wp-content\/uploads\/2021\/11\/party_pills_categorie.jpg\"><\/div> <div  class=\"overlay\"><\/div> <div  class=\"swap-inner col-xs-12\"> <div  class=\"row full-height-row bottom-xs\"> <div  class=\"col-xs-12 color1 text-center content-holder\"> <h4  class=\"inverted font-500\">Pigu\u0142ki na imprez\u0119<\/h4> <a href=\"https:\/\/drgrowkit.com\/pl\/product-categorie\/party-pills\/\" class=\"inverted italic p small\" target=\"_self\" data-cp-link=\"1\" rel=\"noopener\">Wejd\u017a tutaj<\/a><\/div> <\/div><\/div> <\/div><\/div> <div  class=\"col-xs-12 col-sm-4\"> <div  class=\"contentswap-effect visible\" data-hover-fx=\"portfolio-1\"> <div  class=\"initial-image\"> <img  decoding=\"async\" data-size=\"500x333\" src=\"https:\/\/drgrowkit.com\/wp-content\/uploads\/2024\/06\/cacoa_categorie.jpg\"><\/div> <div  class=\"overlay\"><\/div> <div  class=\"swap-inner col-xs-12\"> <div  class=\"row full-height-row bottom-xs\"> <div  class=\"col-xs-12 color1 text-center content-holder\"> <h4  class=\"inverted font-500\">Ceremonialne kakao<\/h4> <a href=\"https:\/\/drgrowkit.com\/pl\/product-categorie\/ceremonial-cacao\/\" class=\"inverted italic p small\" target=\"_self\" data-cp-link=\"1\" rel=\"noopener\">Wejd\u017a tutaj<\/a><\/div> <\/div><\/div> <\/div><\/div><div  class=\"col-xs-12 col-sm-4\"> <div  class=\"contentswap-effect visible\" data-hover-fx=\"portfolio-1\"> <div  class=\"initial-image\"> <img  decoding=\"async\" data-size=\"500x333\" src=\"https:\/\/drgrowkit.com\/wp-content\/uploads\/2024\/06\/Vitamine_suplementen.jpg\"><\/div> <div  class=\"overlay\"><\/div> <div  class=\"swap-inner col-xs-12\"> <div  class=\"row full-height-row bottom-xs\"> <div  class=\"col-xs-12 color1 text-center content-holder\"> <h4  class=\"inverted font-500\">Witaminy i suplementy<\/h4> <a href=\"https:\/\/drgrowkit.com\/pl\/product-categorie\/vitaminssuplements\/\" class=\"inverted italic p small\" target=\"_self\" data-cp-link=\"1\" rel=\"noopener\">Wejd\u017a tutaj<\/a><\/div> <\/div><\/div> <\/div><\/div><div  class=\"col-xs-12 col-sm-4\"> <div  class=\"contentswap-effect visible\" data-hover-fx=\"portfolio-1\"> <div  class=\"initial-image\"> <img  decoding=\"async\" data-size=\"500x333\" src=\"https:\/\/drgrowkit.com\/wp-content\/uploads\/2024\/06\/rape.jpg\"><\/div> <div  class=\"overlay\"><\/div> <div  class=\"swap-inner col-xs-12\"> <div  class=\"row full-height-row bottom-xs\"> <div  class=\"col-xs-12 color1 text-center content-holder\"> <h4  class=\"inverted font-500\">Gwa\u0142t<\/h4> <a href=\"https:\/\/drgrowkit.com\/pl\/product-categorie\/rape\/\" class=\"inverted italic p small\" target=\"_self\" data-cp-link=\"1\" rel=\"noopener\">Wejd\u017a tutaj<\/a><\/div> <\/div><\/div> <\/div><\/div><div  class=\"col-xs-12 col-sm-4\"> <div  class=\"contentswap-effect visible\" data-hover-fx=\"portfolio-1\"> <div  class=\"initial-image\"> <img  decoding=\"async\" data-size=\"500x333\" src=\"https:\/\/drgrowkit.com\/wp-content\/uploads\/2024\/06\/Exotic_seeds.jpg\"><\/div> <div  class=\"overlay\"><\/div> <div  class=\"swap-inner col-xs-12\"> <div  class=\"row full-height-row bottom-xs\"> <div  class=\"col-xs-12 color1 text-center content-holder\"> <h4  class=\"inverted font-500\">Egzotyczne nasiona<\/h4> <a href=\"https:\/\/drgrowkit.com\/pl\/product-categorie\/exotic-seeds\/\" class=\"inverted italic p small\" target=\"_self\" data-cp-link=\"1\" rel=\"noopener\">Wejd\u017a tutaj<\/a><\/div> <\/div><\/div> <\/div><\/div><\/div><\/div> <\/div><div  data-label=\"Content\" data-id=\"content--1\" data-export-id=\"content-12\" data-category=\"content\" class=\"content-12 content-section content-section-spacing\" id=\"content-1\" style=\"background-color: rgb(245, 250, 253);\"><div  class=\"gridContainer\"> <div  class=\"row text-center\"><div  class=\"section-title-col\" data-type=\"column\">  <h2  class=\"\">Co mo\u017cna znale\u017a\u0107 w naszym Smart Shopie<\/h2><p  class=\"\">Magia nie dzieje si\u0119 tylko z shrooms i truflami, ale tak\u017ce z innymi produktami, takimi jak kanna, kratom, kaktusy meskaliny i r\u00f3\u017cne inne produkty. Nasz smartshop zawiera wszystko, czego potrzebujesz, aby poprawi\u0107 sw\u00f3j nastr\u00f3j, skupienie, energi\u0119 i dla lepszego wieczoru. Nasze smartshop s\u0105 ca\u0142kowicie naturalne i legalne. Oznacza to, \u017ce mo\u017cesz kupi\u0107 te produkty w naszym smartshop online bez \u017cadnych problem\u00f3w.<\/p><\/div> <\/div> <div  class=\"row center-xs middle-xs\"> <div  class=\"col-sm-9\" data-type=\"column\"><h2  class=\"\">Produkty Smartshop na ka\u017cdy nastr\u00f3j<\/h2> <p  class=\"\">Ka\u017cdy ma inne potrzeby. Niekt\u00f3rzy potrzebuj\u0105 si\u0119 bardziej zrelaksowa\u0107, inni bardziej skupi\u0107, a jeszcze inni poimprezowa\u0107. Nasz smartshop ma wiele produkt\u00f3w, kt\u00f3re mog\u0105 pom\u00f3c Ci si\u0119 skupi\u0107 i s\u0105 ca\u0142kowicie legalne. \u017badnych podejrzanych produkt\u00f3w i s\u0105 wykonane z naturalnych sk\u0142adnik\u00f3w. To dlatego nasz smartshop jest naprawd\u0119 m\u0105dry.<\/p><h2  class=\"\">Magiczne grzyby i trufle<\/h2><p  class=\"\">Smartshop jest kompletny tylko wtedy, gdy masz magiczne grzyby i trufle w sklepie. Mamy najlepsze grzyby i trufle, kt\u00f3re mo\u017cna hodowa\u0107 i na kt\u00f3rych mo\u017cna si\u0119 potkn\u0105\u0107. Nasze magiczne grzybki i trufle r\u00f3\u017cni\u0105 si\u0119 intensywno\u015bci\u0105 i s\u0105 przeznaczone zar\u00f3wno dla pocz\u0105tkuj\u0105cych, jak i do\u015bwiadczonych psychonaut\u00f3w.<\/p><h2  class=\"\">Kaktusy meskaliny w naszym smartshopie<\/h2><p  class=\"\">Podr\u00f3\u017c z kaktusami meskaliny jest bardzo intensywna. Dlatego zalecamy, aby u\u017cywa\u0107 go tylko wtedy, gdy masz do\u015bwiadczenie w tripowaniu z innymi produktami smartshop, takimi jak kratom, magiczne grzyby i trufle. Kaktusy meskalinowe wyhodowali\u015bmy dla Ciebie, wi\u0119c mo\u017cesz cieszy\u0107 si\u0119 tripem z nimi natychmiast po otrzymaniu ich.<\/p><h2  class=\"\">Kupowanie kratom i kanna w sklepie internetowym smartshop<\/h2><p  class=\"\">Kanna i kratom s\u0105 coraz popularniejsze w Europie Zachodniej. Oba produkty znane s\u0105 z efekt\u00f3w relaksuj\u0105cych i poprawiaj\u0105cych og\u00f3lny nastr\u00f3j. Kratom, jeden z naszych produkt\u00f3w w naszym smartshopie, jest najcz\u0119\u015bciej u\u017cywany jako naturalny zmieniacz nastroju. Efekty trwaj\u0105 do sze\u015bciu godzin, a nasz kratom jest dost\u0119pny w formie sproszkowanej. Nasz kratom jest w formie proszku i mo\u017ce by\u0107 mieszany z koktajlami mlecznymi i jedzeniem.<br >\nKanna jest kolejnym produktem w naszym smartshopie i podobnie jak kratom, jest wykonana z naturalnych sk\u0142adnik\u00f3w. Stosuje si\u0119 j\u0105 g\u0142\u00f3wnie w celu poprawy og\u00f3lnego nastroju i odpr\u0119\u017cenia. W niekt\u00f3rych przypadkach kanna mo\u017ce nawet prowadzi\u0107 do wizji. Kiedy u\u017cywasz kratom i kanna, b\u0119dziesz mia\u0142 mniej stresu i b\u0119dziesz w stanie bardziej si\u0119 zrelaksowa\u0107. Kanna jest r\u00f3wnie\u017c znana jako produkt poprawiaj\u0105cy libido. Wi\u0119c potrzebujesz si\u0119 zrelaksowa\u0107? Mo\u017cesz kupi\u0107 kanna i kratom w naszym sklepie internetowym!<\/p><h2  class=\"\">Produkty CBD<\/h2><p  class=\"\">Drgrowkit wie, jakie s\u0105 najlepsze produkty CBD. CBD lub Cannabidiol pomaga Ci si\u0119 bardziej zrelaksowa\u0107 i mo\u017ce nawet dzia\u0142a\u0107 w celu zmniejszenia stan\u00f3w zapalnych i niekt\u00f3rych rodzaj\u00f3w b\u00f3lu. Wi\u0119kszo\u015b\u0107 ludzi, kt\u00f3rzy kupuj\u0105 produkty CBD w naszym sklepie internetowym, u\u017cywa CBD ze wzgl\u0119du na jego zapach i pozytywne efekty. Jednak jest te\u017c wiele os\u00f3b, kt\u00f3re uwielbiaj\u0105 smak CBD. Dla tych os\u00f3b mamy kilka produkt\u00f3w CBDelicious, takich jak cukierki. Je\u015bli nie lubisz smaku CBD, nie martw si\u0119, mamy r\u00f3wnie\u017c r\u00f3\u017cne smaki, takie jak cola. Truskawkowy, pomara\u0144czowy, ananasowy i wiele innych.<\/p><h2  class=\"\">Staro\u017cytne grzyby lecznicze<\/h2><p  class=\"\">Wiele sk\u0142adnik\u00f3w, takich jak grzyby, jest u\u017cywanych od tysi\u0119cy lat w tradycyjnej medycynie chi\u0144skiej (TCM). Wiedz\u0105 oni dok\u0142adnie, jaki sk\u0142adnik jest potrzebny na wiele objaw\u00f3w. Wyszukali\u015bmy najlepsze grzyby lecznicze, aby\u015b m\u00f3g\u0142 je \u0142atwo kupi\u0107 w naszym sklepie internetowym smartshop. Grzyby lecznicze maj\u0105 r\u00f3wnie\u017c wiele r\u00f3\u017cnych efekt\u00f3w. Pomy\u015bl o poprawie witalno\u015bci, aktywno\u015bci m\u00f3zgu, poprawie systemu odporno\u015bciowego, a nawet o uzyskaniu wi\u0119kszej energii! Zapoznaj si\u0119 z nasz\u0105 szerok\u0105 ofert\u0105 grzyb\u00f3w leczniczych i sprawd\u017a, co pasuje do Twoich potrzeb. Zam\u00f3wisz grzyby lecznicze w naszym smartshopie, a my wy\u015blemy je do Ciebie tak szybko, jak to mo\u017cliwe w dyskretnej paczce.<\/p><h2  class=\"\">Legalne pigu\u0142ki imprezowe w naszym smartshopie<\/h2><p  class=\"\">Czy chcesz u\u017cy\u0107 pigu\u0142ek, kt\u00f3re s\u0105 wykonane z naturalnych produkt\u00f3w i s\u0105 ca\u0142kowicie legalne do kupienia (i sprzedania). Nie szukaj dalej, mamy kilka pigu\u0142ek imprezowych w naszym smartshop! Niekt\u00f3rzy my\u015bl\u0105, \u017ce pigu\u0142ki na imprez\u0119 s\u0105 zawsze nielegalne. S\u0105 w b\u0142\u0119dzie. Mamy kilka imprezowych tabletek, kt\u00f3re poprawi\u0105 Tw\u00f3j nastr\u00f3j, dodadz\u0105 Ci energii i sprawi\u0105, \u017ce b\u0119dziesz bardziej skoncentrowany. Wi\u0119c zajrzyj do naszego smartshopu po tabletki na imprez\u0119, kt\u00f3re sprawi\u0105, \u017ce ka\u017cda impreza b\u0119dzie troch\u0119 lepsza.<\/p><h2  class=\"\">Szybka i dyskretna wysy\u0142ka z naszego smartshopu<\/h2><p  class=\"\">Wszystko, co kupisz w naszym smartshopie, je\u015bli jest to kanna lub shrooms, wysy\u0142amy wszystko w dyskretnej paczce. Wysy\u0142amy Ci r\u00f3wnie\u017c informacje o produkcie, aby\u015b wiedzia\u0142 jak go u\u017cywa\u0107. Wi\u0119c nie czytaj dalej i rozpocznij zakupy w naszym internetowym smartshopie!<\/p><\/div> <\/div><\/div> <\/div>","protected":false},"excerpt":{"rendered":"<p>Produkty CBD Wejd\u017a Tutaj Grzyby lecznicze Wejd\u017a Tutaj Kratom Wejd\u017a Tutaj Meskalina Kaktusy Wejd\u017a Tutaj Kanna Wejd\u017a Tutaj Imprezowe Pigu\u0142ki Wejd\u017a Tutaj Ceremonialne Kakao Wejd\u017a Tutaj Witaminy i Suplementy Wejd\u017a Tutaj Rzepak Wejd\u017a Tutaj Egzotyczne Nasiona Wejd\u017a Tutaj Co mo\u017cna znale\u017a\u0107 w naszym Smart ShopieMagia dzieje si\u0119 nie tylko z grzybami i truflami, ale tak\u017ce z... <br \/> <a class=\"read-more\" href=\"https:\/\/drgrowkit.com\/pl\/smartshop\/\">Czytaj wi\u0119cej<\/a><\/p>","protected":false},"author":1,"featured_media":0,"parent":0,"menu_order":0,"comment_status":"closed","ping_status":"closed","template":"pro\/page-templates\/full-width-page.php","meta":{"footnotes":""},"yoast_head":"<!-- This site is optimized with the Yoast SEO Premium plugin v24.5 (Yoast SEO v24.5) - https:\/\/yoast.com\/wordpress\/plugins\/seo\/ -->\n<title>Smartshop - DrGrowkit.com<\/title>\n<meta name=\"robots\" content=\"index, follow, max-snippet:-1, max-image-preview:large, max-video-preview:-1\" \/>\n<link rel=\"canonical\" href=\"https:\/\/drgrowkit.com\/pl\/smartshop\/\" \/>\n<meta property=\"og:locale\" content=\"pl_PL\" \/>\n<meta property=\"og:type\" content=\"article\" \/>\n<meta property=\"og:title\" content=\"Smartshop\" \/>\n<meta property=\"og:description\" content=\"CBD Products Enter Here Medicinal Mushrooms Enter Here Kratom Enter Here Mescaline Cacti Enter Here Kanna Enter Here Party Pills Enter Here Ceremonial Cacao Enter Here Vitamins &amp; Suplements Enter Here Rape Enter Here Exotic Seeds Enter Here What can you find in our Smart ShopMagic doesn\u2019t only happen with shrooms and truffles, but also&hellip; Read more\" \/>\n<meta property=\"og:url\" content=\"https:\/\/drgrowkit.com\/pl\/smartshop\/\" \/>\n<meta property=\"og:site_name\" content=\"DrGrowkit.com\" \/>\n<meta property=\"article:modified_time\" content=\"2024-06-23T19:07:30+00:00\" \/>\n<meta property=\"og:image\" content=\"https:\/\/drgrowkit.com\/wp-content\/uploads\/2021\/11\/cbd-candy_categorie.jpg\" \/>\n<meta name=\"twitter:card\" content=\"summary_large_image\" \/>\n<meta name=\"twitter:label1\" content=\"Szacowany czas czytania\" \/>\n\t<meta name=\"twitter:data1\" content=\"5 minut\" \/>\n<script type=\"application\/ld+json\" class=\"yoast-schema-graph\">{\"@context\":\"https:\/\/schema.org\",\"@graph\":[{\"@type\":\"WebPage\",\"@id\":\"https:\/\/drgrowkit.com\/smartshop\/\",\"url\":\"https:\/\/drgrowkit.com\/smartshop\/\",\"name\":\"Smartshop - DrGrowkit.com\",\"isPartOf\":{\"@id\":\"https:\/\/drgrowkit.com\/nl\/#website\"},\"primaryImageOfPage\":{\"@id\":\"https:\/\/drgrowkit.com\/smartshop\/#primaryimage\"},\"image\":{\"@id\":\"https:\/\/drgrowkit.com\/smartshop\/#primaryimage\"},\"thumbnailUrl\":\"https:\/\/drgrowkit.com\/wp-content\/uploads\/2021\/11\/cbd-candy_categorie.jpg\",\"datePublished\":\"2021-09-21T10:49:10+00:00\",\"dateModified\":\"2024-06-23T19:07:30+00:00\",\"breadcrumb\":{\"@id\":\"https:\/\/drgrowkit.com\/smartshop\/#breadcrumb\"},\"inLanguage\":\"pl-PL\",\"potentialAction\":[{\"@type\":\"ReadAction\",\"target\":[\"https:\/\/drgrowkit.com\/smartshop\/\"]}]},{\"@type\":\"ImageObject\",\"inLanguage\":\"pl-PL\",\"@id\":\"https:\/\/drgrowkit.com\/smartshop\/#primaryimage\",\"url\":\"https:\/\/drgrowkit.com\/wp-content\/uploads\/2021\/11\/cbd-candy_categorie.jpg\",\"contentUrl\":\"https:\/\/drgrowkit.com\/wp-content\/uploads\/2021\/11\/cbd-candy_categorie.jpg\"},{\"@type\":\"BreadcrumbList\",\"@id\":\"https:\/\/drgrowkit.com\/smartshop\/#breadcrumb\",\"itemListElement\":[{\"@type\":\"ListItem\",\"position\":1,\"name\":\"Home\",\"item\":\"https:\/\/drgrowkit.com\/\"},{\"@type\":\"ListItem\",\"position\":2,\"name\":\"Smartshop\"}]},{\"@type\":\"WebSite\",\"@id\":\"https:\/\/drgrowkit.com\/nl\/#website\",\"url\":\"https:\/\/drgrowkit.com\/nl\/\",\"name\":\"DrGrowkit.com\",\"description\":\"\",\"potentialAction\":[{\"@type\":\"SearchAction\",\"target\":{\"@type\":\"EntryPoint\",\"urlTemplate\":\"https:\/\/drgrowkit.com\/nl\/?s={search_term_string}\"},\"query-input\":{\"@type\":\"PropertyValueSpecification\",\"valueRequired\":true,\"valueName\":\"search_term_string\"}}],\"inLanguage\":\"pl-PL\"}]}<\/script>\n<!-- \/ Yoast SEO Premium plugin. -->","yoast_head_json":{"title":"Smartshop - DrGrowkit.com","robots":{"index":"index","follow":"follow","max-snippet":"max-snippet:-1","max-image-preview":"max-image-preview:large","max-video-preview":"max-video-preview:-1"},"canonical":"https:\/\/drgrowkit.com\/pl\/smartshop\/","og_locale":"pl_PL","og_type":"article","og_title":"Smartshop","og_description":"CBD Products Enter Here Medicinal Mushrooms Enter Here Kratom Enter Here Mescaline Cacti Enter Here Kanna Enter Here Party Pills Enter Here Ceremonial Cacao Enter Here Vitamins &amp; Suplements Enter Here Rape Enter Here Exotic Seeds Enter Here What can you find in our Smart ShopMagic doesn\u2019t only happen with shrooms and truffles, but also&hellip; Read more","og_url":"https:\/\/drgrowkit.com\/pl\/smartshop\/","og_site_name":"DrGrowkit.com","article_modified_time":"2024-06-23T19:07:30+00:00","og_image":[{"url":"https:\/\/drgrowkit.com\/wp-content\/uploads\/2021\/11\/cbd-candy_categorie.jpg","type":"","width":"","height":""}],"twitter_card":"summary_large_image","twitter_misc":{"Szacowany czas czytania":"5 minut"},"schema":{"@context":"https:\/\/schema.org","@graph":[{"@type":"WebPage","@id":"https:\/\/drgrowkit.com\/smartshop\/","url":"https:\/\/drgrowkit.com\/smartshop\/","name":"Smartshop - DrGrowkit.com","isPartOf":{"@id":"https:\/\/drgrowkit.com\/nl\/#website"},"primaryImageOfPage":{"@id":"https:\/\/drgrowkit.com\/smartshop\/#primaryimage"},"image":{"@id":"https:\/\/drgrowkit.com\/smartshop\/#primaryimage"},"thumbnailUrl":"https:\/\/drgrowkit.com\/wp-content\/uploads\/2021\/11\/cbd-candy_categorie.jpg","datePublished":"2021-09-21T10:49:10+00:00","dateModified":"2024-06-23T19:07:30+00:00","breadcrumb":{"@id":"https:\/\/drgrowkit.com\/smartshop\/#breadcrumb"},"inLanguage":"pl-PL","potentialAction":[{"@type":"ReadAction","target":["https:\/\/drgrowkit.com\/smartshop\/"]}]},{"@type":"ImageObject","inLanguage":"pl-PL","@id":"https:\/\/drgrowkit.com\/smartshop\/#primaryimage","url":"https:\/\/drgrowkit.com\/wp-content\/uploads\/2021\/11\/cbd-candy_categorie.jpg","contentUrl":"https:\/\/drgrowkit.com\/wp-content\/uploads\/2021\/11\/cbd-candy_categorie.jpg"},{"@type":"BreadcrumbList","@id":"https:\/\/drgrowkit.com\/smartshop\/#breadcrumb","itemListElement":[{"@type":"ListItem","position":1,"name":"Home","item":"https:\/\/drgrowkit.com\/"},{"@type":"ListItem","position":2,"name":"Smartshop"}]},{"@type":"WebSite","@id":"https:\/\/drgrowkit.com\/nl\/#website","url":"https:\/\/drgrowkit.com\/nl\/","name":"DrGrowkit.com","description":"","potentialAction":[{"@type":"SearchAction","target":{"@type":"EntryPoint","urlTemplate":"https:\/\/drgrowkit.com\/nl\/?s={search_term_string}"},"query-input":{"@type":"PropertyValueSpecification","valueRequired":true,"valueName":"search_term_string"}}],"inLanguage":"pl-PL"}]}},"_links":{"self":[{"href":"https:\/\/drgrowkit.com\/pl\/wp-json\/wp\/v2\/pages\/1771"}],"collection":[{"href":"https:\/\/drgrowkit.com\/pl\/wp-json\/wp\/v2\/pages"}],"about":[{"href":"https:\/\/drgrowkit.com\/pl\/wp-json\/wp\/v2\/types\/page"}],"author":[{"embeddable":true,"href":"https:\/\/drgrowkit.com\/pl\/wp-json\/wp\/v2\/users\/1"}],"replies":[{"embeddable":true,"href":"https:\/\/drgrowkit.com\/pl\/wp-json\/wp\/v2\/comments?post=1771"}],"version-history":[{"count":5,"href":"https:\/\/drgrowkit.com\/pl\/wp-json\/wp\/v2\/pages\/1771\/revisions"}],"predecessor-version":[{"id":7558,"href":"https:\/\/drgrowkit.com\/pl\/wp-json\/wp\/v2\/pages\/1771\/revisions\/7558"}],"wp:attachment":[{"href":"https:\/\/drgrowkit.com\/pl\/wp-json\/wp\/v2\/media?parent=1771"}],"curies":[{"name":"wp","href":"https:\/\/api.w.org\/{rel}","templated":true}]}}