{"id":588,"date":"2020-09-21T17:50:02","date_gmt":"2020-09-21T17:50:02","guid":{"rendered":"https:\/\/drgrowkit.com\/?post_type=product&#038;p=588"},"modified":"2023-12-13T15:42:56","modified_gmt":"2023-12-13T15:42:56","slug":"jalisco-truffles","status":"publish","type":"product","link":"https:\/\/drgrowkit.com\/it\/magicstore\/jalisco-truffles\/","title":{"rendered":"Tartufi magici di Jalisco"},"content":{"rendered":"<h2>Gli effetti del tartufo di Jalisco<\/h2>\n<p>Questo \u00e8 un tartufo adatto a utenti esperti. Avrete allucinazioni, avrete delle risate e potreste sperimentare che i colori potrebbero essere pi\u00f9 brillanti. Il viaggio dura fino a sei ore e i primi effetti arrivano dopo circa 45 minuti. Le allucinazioni avranno luogo solo se si consumano quantit\u00e0 elevate di questo tartufo magico.<\/p>\n<h2>Quanto tartufo di Jalisco dovrei consumare?<\/h2>\n<p>Ci sono vari tipi di viaggi che si possono sperimentare. Si possono avere effetti lievi, effetti forti ed effetti estremi. Il tartufo di Jalisco \u00e8 confezionato per 25 grammi. Se vuoi un trip estremo, dovresti usare 25 grammi. Se volete un viaggio leggero, potete consumare 10 grammi di tartufo di Jalisco. Si potrebbe anche fare un t\u00e8 di tartufi magici. Non lasciate mai cuocere il t\u00e8. Non lasciate nemmeno che la temperatura dell'acqua salga oltre i 70 gradi. Cuocendo il tartufo magico oltre questa temperatura, gli effetti psicoattivi del tartufo magico diminuiscono. Se avete intenzione di fare un t\u00e8 al tartufo, dovreste usarne circa 10-25 grammi.<\/p>\n<h2>Come prepararsi per un viaggio al tartufo<\/h2>\n<p>Quando avete intenzione di usare i tartufi magici dovreste assicurarvi di essere in una zona familiare. \u00c8 molto importante rimanere rilassati durante il viaggio. Se gli effetti del tartufo magico sono troppo forti, si pu\u00f2 anche usare un tappo per il viaggio. Questo potrebbe aiutare quando si ha un brutto viaggio. Potresti anche chiedere a un amico di rimanere sobrio. Lui\/lei potrebbe aiutarvi a rilassarvi non appena avrete un brutto trip.<\/p>\n<h2>Come conservare i tartufi magici di Jalisco<\/h2>\n<p>Potete conservare i tartufi magici in frigorifero. La temperatura ideale dovrebbe essere tra i due e i quattro gradi Celsius. I tartufi possono scadere, quindi non aspettate troppo a lungo quando comprate i tartufi magici.<\/p>","protected":false},"excerpt":{"rendered":"<p>Il tartufo magico di Jalisco \u00e8 uno dei tartufi pi\u00f9 recenti. Questo tartufo \u00e8 perfetto per gli utenti pi\u00f9 esperti di tartufi e funghi magici. Questo tartufo magico vi dar\u00e0 immagini intense. Questo tartufo \u00e8 originario del Messico. Questo tartufo \u00e8 stato usato per secoli dalla popolazione Maya.<\/p>","protected":false},"featured_media":760,"comment_status":"open","ping_status":"closed","template":"","meta":[],"product_cat":[21],"product_tag":[],"yoast_head":"<!-- This site is optimized with the Yoast SEO Premium plugin v24.5 (Yoast SEO v24.5) - https:\/\/yoast.com\/wordpress\/plugins\/seo\/ -->\n<title>jalisco truffles | Drgrowkit.com<\/title>\n<meta name=\"description\" content=\"This is truffle suitable for experienced users. You will get hallucinations, have laughing kicks and you might experience beautiful colours\" \/>\n<meta name=\"robots\" content=\"index, follow, max-snippet:-1, max-image-preview:large, max-video-preview:-1\" \/>\n<link rel=\"canonical\" href=\"https:\/\/drgrowkit.com\/it\/magicstore\/jalisco-truffles\/\" \/>\n<meta property=\"og:locale\" content=\"it_IT\" \/>\n<meta property=\"og:type\" content=\"article\" \/>\n<meta property=\"og:title\" content=\"Jalisco Magic Truffles\" \/>\n<meta property=\"og:description\" content=\"This is truffle suitable for experienced users. You will get hallucinations, have laughing kicks and you might experience beautiful colours\" \/>\n<meta property=\"og:url\" content=\"https:\/\/drgrowkit.com\/it\/magicstore\/jalisco-truffles\/\" \/>\n<meta property=\"og:site_name\" content=\"DrGrowkit.com\" \/>\n<meta property=\"article:modified_time\" content=\"2023-12-13T15:42:56+00:00\" \/>\n<meta property=\"og:image\" content=\"https:\/\/drgrowkit.com\/wp-content\/uploads\/2020\/09\/Naamloos-6.jpg\" \/>\n\t<meta property=\"og:image:width\" content=\"500\" \/>\n\t<meta property=\"og:image:height\" content=\"500\" \/>\n\t<meta property=\"og:image:type\" content=\"image\/jpeg\" \/>\n<meta name=\"twitter:card\" content=\"summary_large_image\" \/>\n<meta name=\"twitter:label1\" content=\"Tempo di lettura stimato\" \/>\n\t<meta name=\"twitter:data1\" content=\"2 minuti\" \/>\n<script type=\"application\/ld+json\" class=\"yoast-schema-graph\">{\"@context\":\"https:\/\/schema.org\",\"@graph\":[{\"@type\":\"WebPage\",\"@id\":\"https:\/\/drgrowkit.com\/magicstore\/jalisco-truffles\/\",\"url\":\"https:\/\/drgrowkit.com\/magicstore\/jalisco-truffles\/\",\"name\":\"jalisco truffles | Drgrowkit.com\",\"isPartOf\":{\"@id\":\"https:\/\/drgrowkit.com\/nl\/#website\"},\"primaryImageOfPage\":{\"@id\":\"https:\/\/drgrowkit.com\/magicstore\/jalisco-truffles\/#primaryimage\"},\"image\":{\"@id\":\"https:\/\/drgrowkit.com\/magicstore\/jalisco-truffles\/#primaryimage\"},\"thumbnailUrl\":\"https:\/\/drgrowkit.com\/wp-content\/uploads\/2020\/09\/Naamloos-6.jpg\",\"datePublished\":\"2020-09-21T17:50:02+00:00\",\"dateModified\":\"2023-12-13T15:42:56+00:00\",\"description\":\"This is truffle suitable for experienced users. You will get hallucinations, have laughing kicks and you might experience beautiful colours\",\"breadcrumb\":{\"@id\":\"https:\/\/drgrowkit.com\/magicstore\/jalisco-truffles\/#breadcrumb\"},\"inLanguage\":\"it-IT\",\"potentialAction\":[{\"@type\":\"ReadAction\",\"target\":[\"https:\/\/drgrowkit.com\/magicstore\/jalisco-truffles\/\"]}]},{\"@type\":\"ImageObject\",\"inLanguage\":\"it-IT\",\"@id\":\"https:\/\/drgrowkit.com\/magicstore\/jalisco-truffles\/#primaryimage\",\"url\":\"https:\/\/drgrowkit.com\/wp-content\/uploads\/2020\/09\/Naamloos-6.jpg\",\"contentUrl\":\"https:\/\/drgrowkit.com\/wp-content\/uploads\/2020\/09\/Naamloos-6.jpg\",\"width\":500,\"height\":500},{\"@type\":\"BreadcrumbList\",\"@id\":\"https:\/\/drgrowkit.com\/magicstore\/jalisco-truffles\/#breadcrumb\",\"itemListElement\":[{\"@type\":\"ListItem\",\"position\":1,\"name\":\"Home\",\"item\":\"https:\/\/drgrowkit.com\/\"},{\"@type\":\"ListItem\",\"position\":2,\"name\":\"Shop\",\"item\":\"https:\/\/drgrowkit.com\/pl\/magicstore\/\"},{\"@type\":\"ListItem\",\"position\":3,\"name\":\"Jalisco Magic Truffles\"}]},{\"@type\":\"WebSite\",\"@id\":\"https:\/\/drgrowkit.com\/nl\/#website\",\"url\":\"https:\/\/drgrowkit.com\/nl\/\",\"name\":\"DrGrowkit.com\",\"description\":\"\",\"potentialAction\":[{\"@type\":\"SearchAction\",\"target\":{\"@type\":\"EntryPoint\",\"urlTemplate\":\"https:\/\/drgrowkit.com\/nl\/?s={search_term_string}\"},\"query-input\":{\"@type\":\"PropertyValueSpecification\",\"valueRequired\":true,\"valueName\":\"search_term_string\"}}],\"inLanguage\":\"it-IT\"}]}<\/script>\n<!-- \/ Yoast SEO Premium plugin. -->","yoast_head_json":{"title":"jalisco truffles | Drgrowkit.com","description":"This is truffle suitable for experienced users. You will get hallucinations, have laughing kicks and you might experience beautiful colours","robots":{"index":"index","follow":"follow","max-snippet":"max-snippet:-1","max-image-preview":"max-image-preview:large","max-video-preview":"max-video-preview:-1"},"canonical":"https:\/\/drgrowkit.com\/it\/magicstore\/jalisco-truffles\/","og_locale":"it_IT","og_type":"article","og_title":"Jalisco Magic Truffles","og_description":"This is truffle suitable for experienced users. You will get hallucinations, have laughing kicks and you might experience beautiful colours","og_url":"https:\/\/drgrowkit.com\/it\/magicstore\/jalisco-truffles\/","og_site_name":"DrGrowkit.com","article_modified_time":"2023-12-13T15:42:56+00:00","og_image":[{"width":500,"height":500,"url":"https:\/\/drgrowkit.com\/wp-content\/uploads\/2020\/09\/Naamloos-6.jpg","type":"image\/jpeg"}],"twitter_card":"summary_large_image","twitter_misc":{"Tempo di lettura stimato":"2 minuti"},"schema":{"@context":"https:\/\/schema.org","@graph":[{"@type":"WebPage","@id":"https:\/\/drgrowkit.com\/magicstore\/jalisco-truffles\/","url":"https:\/\/drgrowkit.com\/magicstore\/jalisco-truffles\/","name":"jalisco truffles | Drgrowkit.com","isPartOf":{"@id":"https:\/\/drgrowkit.com\/nl\/#website"},"primaryImageOfPage":{"@id":"https:\/\/drgrowkit.com\/magicstore\/jalisco-truffles\/#primaryimage"},"image":{"@id":"https:\/\/drgrowkit.com\/magicstore\/jalisco-truffles\/#primaryimage"},"thumbnailUrl":"https:\/\/drgrowkit.com\/wp-content\/uploads\/2020\/09\/Naamloos-6.jpg","datePublished":"2020-09-21T17:50:02+00:00","dateModified":"2023-12-13T15:42:56+00:00","description":"This is truffle suitable for experienced users. You will get hallucinations, have laughing kicks and you might experience beautiful colours","breadcrumb":{"@id":"https:\/\/drgrowkit.com\/magicstore\/jalisco-truffles\/#breadcrumb"},"inLanguage":"it-IT","potentialAction":[{"@type":"ReadAction","target":["https:\/\/drgrowkit.com\/magicstore\/jalisco-truffles\/"]}]},{"@type":"ImageObject","inLanguage":"it-IT","@id":"https:\/\/drgrowkit.com\/magicstore\/jalisco-truffles\/#primaryimage","url":"https:\/\/drgrowkit.com\/wp-content\/uploads\/2020\/09\/Naamloos-6.jpg","contentUrl":"https:\/\/drgrowkit.com\/wp-content\/uploads\/2020\/09\/Naamloos-6.jpg","width":500,"height":500},{"@type":"BreadcrumbList","@id":"https:\/\/drgrowkit.com\/magicstore\/jalisco-truffles\/#breadcrumb","itemListElement":[{"@type":"ListItem","position":1,"name":"Home","item":"https:\/\/drgrowkit.com\/"},{"@type":"ListItem","position":2,"name":"Shop","item":"https:\/\/drgrowkit.com\/pl\/magicstore\/"},{"@type":"ListItem","position":3,"name":"Jalisco Magic Truffles"}]},{"@type":"WebSite","@id":"https:\/\/drgrowkit.com\/nl\/#website","url":"https:\/\/drgrowkit.com\/nl\/","name":"DrGrowkit.com","description":"","potentialAction":[{"@type":"SearchAction","target":{"@type":"EntryPoint","urlTemplate":"https:\/\/drgrowkit.com\/nl\/?s={search_term_string}"},"query-input":{"@type":"PropertyValueSpecification","valueRequired":true,"valueName":"search_term_string"}}],"inLanguage":"it-IT"}]}},"_links":{"self":[{"href":"https:\/\/drgrowkit.com\/it\/wp-json\/wp\/v2\/product\/588"}],"collection":[{"href":"https:\/\/drgrowkit.com\/it\/wp-json\/wp\/v2\/product"}],"about":[{"href":"https:\/\/drgrowkit.com\/it\/wp-json\/wp\/v2\/types\/product"}],"replies":[{"embeddable":true,"href":"https:\/\/drgrowkit.com\/it\/wp-json\/wp\/v2\/comments?post=588"}],"wp:featuredmedia":[{"embeddable":true,"href":"https:\/\/drgrowkit.com\/it\/wp-json\/wp\/v2\/media\/760"}],"wp:attachment":[{"href":"https:\/\/drgrowkit.com\/it\/wp-json\/wp\/v2\/media?parent=588"}],"wp:term":[{"taxonomy":"product_cat","embeddable":true,"href":"https:\/\/drgrowkit.com\/it\/wp-json\/wp\/v2\/product_cat?post=588"},{"taxonomy":"product_tag","embeddable":true,"href":"https:\/\/drgrowkit.com\/it\/wp-json\/wp\/v2\/product_tag?post=588"}],"curies":[{"name":"wp","href":"https:\/\/api.w.org\/{rel}","templated":true}]}}