{"id":7828,"date":"2024-09-21T04:47:49","date_gmt":"2024-09-21T04:47:49","guid":{"rendered":"https:\/\/drgrowkit.com\/?post_type=product&#038;p=7828"},"modified":"2024-09-21T04:47:50","modified_gmt":"2024-09-21T04:47:50","slug":"propolis-ultra-capsules-120-pieces-propolia","status":"publish","type":"product","link":"https:\/\/drgrowkit.com\/fr\/magicstore\/propolis-ultra-capsules-120-pieces-propolia\/","title":{"rendered":"Propolis Ultra Capsules 120 pi\u00e8ces - Propolia"},"content":{"rendered":"<p>Soutenez votre syst\u00e8me immunitaire de fa\u00e7on naturelle avec <strong>Propolis Ultra Capsules<\/strong> de Propolia. Fabriqu\u00e9es \u00e0 partir de propolis d'abeille pure et de haute qualit\u00e9, ces g\u00e9lules regorgent de bioflavono\u00efdes et d'antioxydants qui aident \u00e0 prot\u00e9ger l'organisme contre les infections et les inflammations. La propolis est utilis\u00e9e depuis des si\u00e8cles pour ses propri\u00e9t\u00e9s antibact\u00e9riennes, antivirales et anti-inflammatoires, ce qui en fait un excellent compl\u00e9ment quotidien pour la sant\u00e9 globale et le soutien immunitaire. Avec 120 g\u00e9lules faciles \u00e0 prendre, ce produit constitue un moyen puissant et naturel de renforcer les d\u00e9fenses de l'organisme.<\/p>\n<h3>Ingr\u00e9dients<\/h3>\n<p>Pour 8 g\u00e9lules :<\/p>\n<ul>\n<li>Extrait de propolis 2.4g (excipient : amidon de ma\u00efs 1.8g)<\/li>\n<li>Enveloppe de la capsule : v\u00e9g\u00e9tale.<\/li>\n<\/ul>\n<h3>Effet<\/h3>\n<ul>\n<li><strong>D\u00e9riv\u00e9 des abeilles mellif\u00e8res<\/strong>: La propolis est produite par les abeilles \u00e0 partir des r\u00e9sines de diverses plantes et arbres.<\/li>\n<li><strong>Protection dans la ruche<\/strong>: Les abeilles utilisent la propolis pour prot\u00e9ger leurs ruches contre les bact\u00e9ries et les champignons.<\/li>\n<li><strong>Un produit de sant\u00e9 polyvalent<\/strong>: La propolis est largement utilis\u00e9e \u00e0 des fins sanitaires gr\u00e2ce \u00e0 ses propri\u00e9t\u00e9s antibact\u00e9riennes et antifongiques.<\/li>\n<li><strong>Naturellement riche en nutriments<\/strong>: Contient une s\u00e9rie de min\u00e9raux et de vitamines essentiels \u00e0 la sant\u00e9.<\/li>\n<li><strong>Contient plus de 300 ingr\u00e9dients actifs<\/strong>: Sa composition complexe contribue \u00e0 ses multiples bienfaits pour la sant\u00e9.<\/li>\n<li><strong>Riche en compos\u00e9s bioactifs<\/strong>: Comprend un riche m\u00e9lange de flavono\u00efdes, d'acides ph\u00e9noliques et d'huiles essentielles, qui contribuent tous \u00e0 ses propri\u00e9t\u00e9s th\u00e9rapeutiques.<\/li>\n<\/ul>\n<h3>Utilisez<\/h3>\n<p>Pour renforcer le syst\u00e8me immunitaire, il est recommand\u00e9 de faire une cure d'un mois en prenant chaque jour 4 g\u00e9lules avant le petit d\u00e9jeuner et 4 g\u00e9lules avant le d\u00eener (soit 8 g\u00e9lules par jour). Une cure d'un mois n\u00e9cessite 240 g\u00e9lules, soit deux pots de 120 g\u00e9lules.<\/p>\n<h3>Avertissement<\/h3>\n<p>Ne convient pas aux personnes allergiques aux produits de la ruche, aux femmes enceintes et aux enfants de moins de 3 ans. Un compl\u00e9ment alimentaire ne peut se substituer \u00e0 une alimentation vari\u00e9e et \u00e9quilibr\u00e9e et \u00e0 un mode de vie sain. Tenir hors de port\u00e9e des jeunes enfants. Ne pas d\u00e9passer la dose recommand\u00e9e. Conserver dans un endroit frais et sec. Ce produit n'est pas un m\u00e9dicament.<\/p>\n<h3>Contenu<\/h3>\n<p>Propolis Ultra Capsules de Propolia - 120 Capsules<\/p>","protected":false},"excerpt":{"rendered":"<p>Soutenez votre syst\u00e8me immunitaire naturellement avec les g\u00e9lules Propolis Ultra de Propolia. Fabriqu\u00e9es \u00e0 partir de propolis d'abeille pure et de haute qualit\u00e9, ces g\u00e9lules regorgent de bioflavono\u00efdes et d'antioxydants qui aident \u00e0 prot\u00e9ger l'organisme contre les infections et les inflammations. La propolis est utilis\u00e9e depuis des si\u00e8cles pour ses propri\u00e9t\u00e9s antibact\u00e9riennes, antivirales et anti-inflammatoires, ce qui en fait un excellent... <br \/> <a class=\"read-more\" href=\"https:\/\/drgrowkit.com\/fr\/magicstore\/propolis-ultra-capsules-120-pieces-propolia\/\">En savoir plus<\/a><\/p>","protected":false},"featured_media":7829,"comment_status":"closed","ping_status":"closed","template":"","meta":[],"product_cat":[77],"product_tag":[],"yoast_head":"<!-- This site is optimized with the Yoast SEO Premium plugin v24.5 (Yoast SEO v24.5) - https:\/\/yoast.com\/wordpress\/plugins\/seo\/ -->\n<title>Propolis Ultra Capsules \u2013 Immune Support &amp; Antioxidants<\/title>\n<meta name=\"description\" content=\"Boost your immune system with Propolis Ultra Capsules by Propolia. Natural antibacterial and antiviral properties, packed with antioxidants. 120 pieces available.\" \/>\n<meta name=\"robots\" content=\"index, follow, max-snippet:-1, max-image-preview:large, max-video-preview:-1\" \/>\n<link rel=\"canonical\" href=\"https:\/\/drgrowkit.com\/fr\/magicstore\/propolis-ultra-capsules-120-pieces-propolia\/\" \/>\n<meta property=\"og:locale\" content=\"fr_FR\" \/>\n<meta property=\"og:type\" content=\"article\" \/>\n<meta property=\"og:title\" content=\"Propolis Ultra Capsules 120 pieces - Propolia\" \/>\n<meta property=\"og:description\" content=\"Boost your immune system with Propolis Ultra Capsules by Propolia. Natural antibacterial and antiviral properties, packed with antioxidants. 120 pieces available.\" \/>\n<meta property=\"og:url\" content=\"https:\/\/drgrowkit.com\/fr\/magicstore\/propolis-ultra-capsules-120-pieces-propolia\/\" \/>\n<meta property=\"og:site_name\" content=\"DrGrowkit.com\" \/>\n<meta property=\"article:modified_time\" content=\"2024-09-21T04:47:50+00:00\" \/>\n<meta property=\"og:image\" content=\"https:\/\/drgrowkit.com\/wp-content\/uploads\/2024\/09\/Propolis-Ultra-Capsules.jpg\" \/>\n\t<meta property=\"og:image:width\" content=\"300\" \/>\n\t<meta property=\"og:image:height\" content=\"300\" \/>\n\t<meta property=\"og:image:type\" content=\"image\/jpeg\" \/>\n<meta name=\"twitter:card\" content=\"summary_large_image\" \/>\n<meta name=\"twitter:label1\" content=\"Dur\u00e9e de lecture estim\u00e9e\" \/>\n\t<meta name=\"twitter:data1\" content=\"2 minutes\" \/>\n<script type=\"application\/ld+json\" class=\"yoast-schema-graph\">{\"@context\":\"https:\/\/schema.org\",\"@graph\":[{\"@type\":\"WebPage\",\"@id\":\"https:\/\/drgrowkit.com\/magicstore\/propolis-ultra-capsules-120-pieces-propolia\/\",\"url\":\"https:\/\/drgrowkit.com\/magicstore\/propolis-ultra-capsules-120-pieces-propolia\/\",\"name\":\"Propolis Ultra Capsules \u2013 Immune Support & Antioxidants\",\"isPartOf\":{\"@id\":\"https:\/\/drgrowkit.com\/nl\/#website\"},\"primaryImageOfPage\":{\"@id\":\"https:\/\/drgrowkit.com\/magicstore\/propolis-ultra-capsules-120-pieces-propolia\/#primaryimage\"},\"image\":{\"@id\":\"https:\/\/drgrowkit.com\/magicstore\/propolis-ultra-capsules-120-pieces-propolia\/#primaryimage\"},\"thumbnailUrl\":\"https:\/\/drgrowkit.com\/wp-content\/uploads\/2024\/09\/Propolis-Ultra-Capsules.jpg\",\"datePublished\":\"2024-09-21T04:47:49+00:00\",\"dateModified\":\"2024-09-21T04:47:50+00:00\",\"description\":\"Boost your immune system with Propolis Ultra Capsules by Propolia. Natural antibacterial and antiviral properties, packed with antioxidants. 120 pieces available.\",\"breadcrumb\":{\"@id\":\"https:\/\/drgrowkit.com\/magicstore\/propolis-ultra-capsules-120-pieces-propolia\/#breadcrumb\"},\"inLanguage\":\"fr-FR\",\"potentialAction\":[{\"@type\":\"ReadAction\",\"target\":[\"https:\/\/drgrowkit.com\/magicstore\/propolis-ultra-capsules-120-pieces-propolia\/\"]}]},{\"@type\":\"ImageObject\",\"inLanguage\":\"fr-FR\",\"@id\":\"https:\/\/drgrowkit.com\/magicstore\/propolis-ultra-capsules-120-pieces-propolia\/#primaryimage\",\"url\":\"https:\/\/drgrowkit.com\/wp-content\/uploads\/2024\/09\/Propolis-Ultra-Capsules.jpg\",\"contentUrl\":\"https:\/\/drgrowkit.com\/wp-content\/uploads\/2024\/09\/Propolis-Ultra-Capsules.jpg\",\"width\":300,\"height\":300,\"caption\":\"Propolis Ultra Capsules\"},{\"@type\":\"BreadcrumbList\",\"@id\":\"https:\/\/drgrowkit.com\/magicstore\/propolis-ultra-capsules-120-pieces-propolia\/#breadcrumb\",\"itemListElement\":[{\"@type\":\"ListItem\",\"position\":1,\"name\":\"Home\",\"item\":\"https:\/\/drgrowkit.com\/\"},{\"@type\":\"ListItem\",\"position\":2,\"name\":\"Shop\",\"item\":\"https:\/\/drgrowkit.com\/pl\/magicstore\/\"},{\"@type\":\"ListItem\",\"position\":3,\"name\":\"Propolis Ultra Capsules 120 pieces &#8211; Propolia\"}]},{\"@type\":\"WebSite\",\"@id\":\"https:\/\/drgrowkit.com\/nl\/#website\",\"url\":\"https:\/\/drgrowkit.com\/nl\/\",\"name\":\"DrGrowkit.com\",\"description\":\"\",\"potentialAction\":[{\"@type\":\"SearchAction\",\"target\":{\"@type\":\"EntryPoint\",\"urlTemplate\":\"https:\/\/drgrowkit.com\/nl\/?s={search_term_string}\"},\"query-input\":{\"@type\":\"PropertyValueSpecification\",\"valueRequired\":true,\"valueName\":\"search_term_string\"}}],\"inLanguage\":\"fr-FR\"}]}<\/script>\n<!-- \/ Yoast SEO Premium plugin. -->","yoast_head_json":{"title":"Propolis Ultra Capsules \u2013 Immune Support & Antioxidants","description":"Boost your immune system with Propolis Ultra Capsules by Propolia. Natural antibacterial and antiviral properties, packed with antioxidants. 120 pieces available.","robots":{"index":"index","follow":"follow","max-snippet":"max-snippet:-1","max-image-preview":"max-image-preview:large","max-video-preview":"max-video-preview:-1"},"canonical":"https:\/\/drgrowkit.com\/fr\/magicstore\/propolis-ultra-capsules-120-pieces-propolia\/","og_locale":"fr_FR","og_type":"article","og_title":"Propolis Ultra Capsules 120 pieces - Propolia","og_description":"Boost your immune system with Propolis Ultra Capsules by Propolia. Natural antibacterial and antiviral properties, packed with antioxidants. 120 pieces available.","og_url":"https:\/\/drgrowkit.com\/fr\/magicstore\/propolis-ultra-capsules-120-pieces-propolia\/","og_site_name":"DrGrowkit.com","article_modified_time":"2024-09-21T04:47:50+00:00","og_image":[{"width":300,"height":300,"url":"https:\/\/drgrowkit.com\/wp-content\/uploads\/2024\/09\/Propolis-Ultra-Capsules.jpg","type":"image\/jpeg"}],"twitter_card":"summary_large_image","twitter_misc":{"Dur\u00e9e de lecture estim\u00e9e":"2 minutes"},"schema":{"@context":"https:\/\/schema.org","@graph":[{"@type":"WebPage","@id":"https:\/\/drgrowkit.com\/magicstore\/propolis-ultra-capsules-120-pieces-propolia\/","url":"https:\/\/drgrowkit.com\/magicstore\/propolis-ultra-capsules-120-pieces-propolia\/","name":"Propolis Ultra Capsules \u2013 Immune Support & Antioxidants","isPartOf":{"@id":"https:\/\/drgrowkit.com\/nl\/#website"},"primaryImageOfPage":{"@id":"https:\/\/drgrowkit.com\/magicstore\/propolis-ultra-capsules-120-pieces-propolia\/#primaryimage"},"image":{"@id":"https:\/\/drgrowkit.com\/magicstore\/propolis-ultra-capsules-120-pieces-propolia\/#primaryimage"},"thumbnailUrl":"https:\/\/drgrowkit.com\/wp-content\/uploads\/2024\/09\/Propolis-Ultra-Capsules.jpg","datePublished":"2024-09-21T04:47:49+00:00","dateModified":"2024-09-21T04:47:50+00:00","description":"Boost your immune system with Propolis Ultra Capsules by Propolia. Natural antibacterial and antiviral properties, packed with antioxidants. 120 pieces available.","breadcrumb":{"@id":"https:\/\/drgrowkit.com\/magicstore\/propolis-ultra-capsules-120-pieces-propolia\/#breadcrumb"},"inLanguage":"fr-FR","potentialAction":[{"@type":"ReadAction","target":["https:\/\/drgrowkit.com\/magicstore\/propolis-ultra-capsules-120-pieces-propolia\/"]}]},{"@type":"ImageObject","inLanguage":"fr-FR","@id":"https:\/\/drgrowkit.com\/magicstore\/propolis-ultra-capsules-120-pieces-propolia\/#primaryimage","url":"https:\/\/drgrowkit.com\/wp-content\/uploads\/2024\/09\/Propolis-Ultra-Capsules.jpg","contentUrl":"https:\/\/drgrowkit.com\/wp-content\/uploads\/2024\/09\/Propolis-Ultra-Capsules.jpg","width":300,"height":300,"caption":"Propolis Ultra Capsules"},{"@type":"BreadcrumbList","@id":"https:\/\/drgrowkit.com\/magicstore\/propolis-ultra-capsules-120-pieces-propolia\/#breadcrumb","itemListElement":[{"@type":"ListItem","position":1,"name":"Home","item":"https:\/\/drgrowkit.com\/"},{"@type":"ListItem","position":2,"name":"Shop","item":"https:\/\/drgrowkit.com\/pl\/magicstore\/"},{"@type":"ListItem","position":3,"name":"Propolis Ultra Capsules 120 pieces &#8211; Propolia"}]},{"@type":"WebSite","@id":"https:\/\/drgrowkit.com\/nl\/#website","url":"https:\/\/drgrowkit.com\/nl\/","name":"DrGrowkit.com","description":"","potentialAction":[{"@type":"SearchAction","target":{"@type":"EntryPoint","urlTemplate":"https:\/\/drgrowkit.com\/nl\/?s={search_term_string}"},"query-input":{"@type":"PropertyValueSpecification","valueRequired":true,"valueName":"search_term_string"}}],"inLanguage":"fr-FR"}]}},"_links":{"self":[{"href":"https:\/\/drgrowkit.com\/fr\/wp-json\/wp\/v2\/product\/7828"}],"collection":[{"href":"https:\/\/drgrowkit.com\/fr\/wp-json\/wp\/v2\/product"}],"about":[{"href":"https:\/\/drgrowkit.com\/fr\/wp-json\/wp\/v2\/types\/product"}],"replies":[{"embeddable":true,"href":"https:\/\/drgrowkit.com\/fr\/wp-json\/wp\/v2\/comments?post=7828"}],"wp:featuredmedia":[{"embeddable":true,"href":"https:\/\/drgrowkit.com\/fr\/wp-json\/wp\/v2\/media\/7829"}],"wp:attachment":[{"href":"https:\/\/drgrowkit.com\/fr\/wp-json\/wp\/v2\/media?parent=7828"}],"wp:term":[{"taxonomy":"product_cat","embeddable":true,"href":"https:\/\/drgrowkit.com\/fr\/wp-json\/wp\/v2\/product_cat?post=7828"},{"taxonomy":"product_tag","embeddable":true,"href":"https:\/\/drgrowkit.com\/fr\/wp-json\/wp\/v2\/product_tag?post=7828"}],"curies":[{"name":"wp","href":"https:\/\/api.w.org\/{rel}","templated":true}]}}