{"id":586,"date":"2020-09-21T17:48:27","date_gmt":"2020-09-21T17:48:27","guid":{"rendered":"https:\/\/drgrowkit.com\/?post_type=product&#038;p=586"},"modified":"2024-04-17T19:50:32","modified_gmt":"2024-04-17T19:50:32","slug":"pajaritos-truffles","status":"publish","type":"product","link":"https:\/\/drgrowkit.com\/fr\/magicstore\/pajaritos-truffles\/","title":{"rendered":"Truffes magiques de Pajaritos"},"content":{"rendered":"<h2>Les effets de la truffe magique Pajaritos<\/h2>\n<p>Cette truffe est une truffe sociale. Vous n'obtiendrez pas de forts effets visuels. Cependant, vous pourrez en profiter pour bien rire. Cette truffe vous conviendra parfaitement lors des f\u00eates. Vous pourrez \u00e9galement r\u00e9soudre les probl\u00e8mes plus facilement et vous vous sentirez euphorique. Cette truffe vous permet de penser \u00e0 la vie et de ressentir des effets visuels l\u00e9gers d\u00e8s que vous vous allongez.<\/p>\n<h2>Comment doser les truffes magiques Pajaritos ?<\/h2>\n<p>Le voyage de cette truffe prend jusqu'\u00e0 six heures. Le voyage se d\u00e9clenche apr\u00e8s environ 45 minutes. Il est tr\u00e8s important de doser correctement cette truffe. La quantit\u00e9 que vous devez consommer d\u00e9pend principalement de l'intensit\u00e9 du trip que vous souhaitez. Pour un trip l\u00e9ger, il suffit de 10 grammes. Si vous voulez un trip plus intense, vous pouvez consommer environ 25 grammes. Il est tr\u00e8s important de m\u00e2cher la truffe aussi longtemps que possible pour obtenir les meilleurs effets. Vous pouvez \u00e9galement faire un th\u00e9 de cette truffe. Versez de l'eau chaude sur la truffe et attendez 20 minutes.<\/p>\n<h2>Microdosage avec la truffe Pajaritos<\/h2>\n<p>Cette truffe peut \u00eatre utilis\u00e9e pour le microdosage. En microdosant, vous pouvez am\u00e9liorer votre concentration, votre niveau d'\u00e9nergie, et m\u00eame am\u00e9liorer votre cr\u00e9ativit\u00e9. Il est cependant tr\u00e8s important de consommer de petites quantit\u00e9s pour \u00e9viter les effets visuels.<\/p>\n<h2>Comment conserver les truffes magiques Pajaritos ?<\/h2>\n<p>Cette truffe doit \u00eatre conserv\u00e9e au r\u00e9frig\u00e9rateur. La meilleure temp\u00e9rature se situe entre deux et quatre degr\u00e9s Celsius. Il est recommand\u00e9 de consommer les truffes le plus rapidement possible car elles ont une date de p\u00e9remption.<\/p>","protected":false},"excerpt":{"rendered":"<p>Si vous avez un peu d'exp\u00e9rience et que vous voulez quelque chose de plus fort, alors la truffe Pajaritos vous conviendra parfaitement. Cette truffe augmente votre cr\u00e9ativit\u00e9 et vous procure \u00e9galement des sensations de rire. C'est la truffe parfaite \u00e0 utiliser pendant les f\u00eates car vous devenez plus social. Le voyage est en outre philosophique. Apprenez de nouvelles choses sur la vie avec cette truffe magique.<\/p>","protected":false},"featured_media":803,"comment_status":"open","ping_status":"closed","template":"","meta":[],"product_cat":[21],"product_tag":[],"yoast_head":"<!-- This site is optimized with the Yoast SEO Premium plugin v24.5 (Yoast SEO v24.5) - https:\/\/yoast.com\/wordpress\/plugins\/seo\/ -->\n<title>pajaritos truffles | Drgrowkit.com<\/title>\n<meta name=\"description\" content=\"This truffle is a social truffle. You won\u2019t get strong visual effects. However, you can have a great laugh with it.\" \/>\n<meta name=\"robots\" content=\"index, follow, max-snippet:-1, max-image-preview:large, max-video-preview:-1\" \/>\n<link rel=\"canonical\" href=\"https:\/\/drgrowkit.com\/fr\/magicstore\/pajaritos-truffles\/\" \/>\n<meta property=\"og:locale\" content=\"fr_FR\" \/>\n<meta property=\"og:type\" content=\"article\" \/>\n<meta property=\"og:title\" content=\"Pajaritos Magic Truffles\" \/>\n<meta property=\"og:description\" content=\"This truffle is a social truffle. You won\u2019t get strong visual effects. However, you can have a great laugh with it.\" \/>\n<meta property=\"og:url\" content=\"https:\/\/drgrowkit.com\/fr\/magicstore\/pajaritos-truffles\/\" \/>\n<meta property=\"og:site_name\" content=\"DrGrowkit.com\" \/>\n<meta property=\"article:modified_time\" content=\"2024-04-17T19:50:32+00:00\" \/>\n<meta property=\"og:image\" content=\"https:\/\/drgrowkit.com\/wp-content\/uploads\/2020\/09\/paia.jpg\" \/>\n\t<meta property=\"og:image:width\" content=\"340\" \/>\n\t<meta property=\"og:image:height\" content=\"340\" \/>\n\t<meta property=\"og:image:type\" content=\"image\/jpeg\" \/>\n<meta name=\"twitter:card\" content=\"summary_large_image\" \/>\n<meta name=\"twitter:label1\" content=\"Dur\u00e9e de lecture estim\u00e9e\" \/>\n\t<meta name=\"twitter:data1\" content=\"2 minutes\" \/>\n<script type=\"application\/ld+json\" class=\"yoast-schema-graph\">{\"@context\":\"https:\/\/schema.org\",\"@graph\":[{\"@type\":\"WebPage\",\"@id\":\"https:\/\/drgrowkit.com\/magicstore\/pajaritos-truffles\/\",\"url\":\"https:\/\/drgrowkit.com\/magicstore\/pajaritos-truffles\/\",\"name\":\"pajaritos truffles | Drgrowkit.com\",\"isPartOf\":{\"@id\":\"https:\/\/drgrowkit.com\/nl\/#website\"},\"primaryImageOfPage\":{\"@id\":\"https:\/\/drgrowkit.com\/magicstore\/pajaritos-truffles\/#primaryimage\"},\"image\":{\"@id\":\"https:\/\/drgrowkit.com\/magicstore\/pajaritos-truffles\/#primaryimage\"},\"thumbnailUrl\":\"https:\/\/drgrowkit.com\/wp-content\/uploads\/2020\/09\/paia.jpg\",\"datePublished\":\"2020-09-21T17:48:27+00:00\",\"dateModified\":\"2024-04-17T19:50:32+00:00\",\"description\":\"This truffle is a social truffle. You won\u2019t get strong visual effects. However, you can have a great laugh with it.\",\"breadcrumb\":{\"@id\":\"https:\/\/drgrowkit.com\/magicstore\/pajaritos-truffles\/#breadcrumb\"},\"inLanguage\":\"fr-FR\",\"potentialAction\":[{\"@type\":\"ReadAction\",\"target\":[\"https:\/\/drgrowkit.com\/magicstore\/pajaritos-truffles\/\"]}]},{\"@type\":\"ImageObject\",\"inLanguage\":\"fr-FR\",\"@id\":\"https:\/\/drgrowkit.com\/magicstore\/pajaritos-truffles\/#primaryimage\",\"url\":\"https:\/\/drgrowkit.com\/wp-content\/uploads\/2020\/09\/paia.jpg\",\"contentUrl\":\"https:\/\/drgrowkit.com\/wp-content\/uploads\/2020\/09\/paia.jpg\",\"width\":340,\"height\":340},{\"@type\":\"BreadcrumbList\",\"@id\":\"https:\/\/drgrowkit.com\/magicstore\/pajaritos-truffles\/#breadcrumb\",\"itemListElement\":[{\"@type\":\"ListItem\",\"position\":1,\"name\":\"Home\",\"item\":\"https:\/\/drgrowkit.com\/\"},{\"@type\":\"ListItem\",\"position\":2,\"name\":\"Shop\",\"item\":\"https:\/\/drgrowkit.com\/pl\/magicstore\/\"},{\"@type\":\"ListItem\",\"position\":3,\"name\":\"Pajaritos Magic Truffles\"}]},{\"@type\":\"WebSite\",\"@id\":\"https:\/\/drgrowkit.com\/nl\/#website\",\"url\":\"https:\/\/drgrowkit.com\/nl\/\",\"name\":\"DrGrowkit.com\",\"description\":\"\",\"potentialAction\":[{\"@type\":\"SearchAction\",\"target\":{\"@type\":\"EntryPoint\",\"urlTemplate\":\"https:\/\/drgrowkit.com\/nl\/?s={search_term_string}\"},\"query-input\":{\"@type\":\"PropertyValueSpecification\",\"valueRequired\":true,\"valueName\":\"search_term_string\"}}],\"inLanguage\":\"fr-FR\"}]}<\/script>\n<!-- \/ Yoast SEO Premium plugin. -->","yoast_head_json":{"title":"pajaritos truffles | Drgrowkit.com","description":"This truffle is a social truffle. You won\u2019t get strong visual effects. However, you can have a great laugh with it.","robots":{"index":"index","follow":"follow","max-snippet":"max-snippet:-1","max-image-preview":"max-image-preview:large","max-video-preview":"max-video-preview:-1"},"canonical":"https:\/\/drgrowkit.com\/fr\/magicstore\/pajaritos-truffles\/","og_locale":"fr_FR","og_type":"article","og_title":"Pajaritos Magic Truffles","og_description":"This truffle is a social truffle. You won\u2019t get strong visual effects. However, you can have a great laugh with it.","og_url":"https:\/\/drgrowkit.com\/fr\/magicstore\/pajaritos-truffles\/","og_site_name":"DrGrowkit.com","article_modified_time":"2024-04-17T19:50:32+00:00","og_image":[{"width":340,"height":340,"url":"https:\/\/drgrowkit.com\/wp-content\/uploads\/2020\/09\/paia.jpg","type":"image\/jpeg"}],"twitter_card":"summary_large_image","twitter_misc":{"Dur\u00e9e de lecture estim\u00e9e":"2 minutes"},"schema":{"@context":"https:\/\/schema.org","@graph":[{"@type":"WebPage","@id":"https:\/\/drgrowkit.com\/magicstore\/pajaritos-truffles\/","url":"https:\/\/drgrowkit.com\/magicstore\/pajaritos-truffles\/","name":"pajaritos truffles | Drgrowkit.com","isPartOf":{"@id":"https:\/\/drgrowkit.com\/nl\/#website"},"primaryImageOfPage":{"@id":"https:\/\/drgrowkit.com\/magicstore\/pajaritos-truffles\/#primaryimage"},"image":{"@id":"https:\/\/drgrowkit.com\/magicstore\/pajaritos-truffles\/#primaryimage"},"thumbnailUrl":"https:\/\/drgrowkit.com\/wp-content\/uploads\/2020\/09\/paia.jpg","datePublished":"2020-09-21T17:48:27+00:00","dateModified":"2024-04-17T19:50:32+00:00","description":"This truffle is a social truffle. You won\u2019t get strong visual effects. However, you can have a great laugh with it.","breadcrumb":{"@id":"https:\/\/drgrowkit.com\/magicstore\/pajaritos-truffles\/#breadcrumb"},"inLanguage":"fr-FR","potentialAction":[{"@type":"ReadAction","target":["https:\/\/drgrowkit.com\/magicstore\/pajaritos-truffles\/"]}]},{"@type":"ImageObject","inLanguage":"fr-FR","@id":"https:\/\/drgrowkit.com\/magicstore\/pajaritos-truffles\/#primaryimage","url":"https:\/\/drgrowkit.com\/wp-content\/uploads\/2020\/09\/paia.jpg","contentUrl":"https:\/\/drgrowkit.com\/wp-content\/uploads\/2020\/09\/paia.jpg","width":340,"height":340},{"@type":"BreadcrumbList","@id":"https:\/\/drgrowkit.com\/magicstore\/pajaritos-truffles\/#breadcrumb","itemListElement":[{"@type":"ListItem","position":1,"name":"Home","item":"https:\/\/drgrowkit.com\/"},{"@type":"ListItem","position":2,"name":"Shop","item":"https:\/\/drgrowkit.com\/pl\/magicstore\/"},{"@type":"ListItem","position":3,"name":"Pajaritos Magic Truffles"}]},{"@type":"WebSite","@id":"https:\/\/drgrowkit.com\/nl\/#website","url":"https:\/\/drgrowkit.com\/nl\/","name":"DrGrowkit.com","description":"","potentialAction":[{"@type":"SearchAction","target":{"@type":"EntryPoint","urlTemplate":"https:\/\/drgrowkit.com\/nl\/?s={search_term_string}"},"query-input":{"@type":"PropertyValueSpecification","valueRequired":true,"valueName":"search_term_string"}}],"inLanguage":"fr-FR"}]}},"_links":{"self":[{"href":"https:\/\/drgrowkit.com\/fr\/wp-json\/wp\/v2\/product\/586"}],"collection":[{"href":"https:\/\/drgrowkit.com\/fr\/wp-json\/wp\/v2\/product"}],"about":[{"href":"https:\/\/drgrowkit.com\/fr\/wp-json\/wp\/v2\/types\/product"}],"replies":[{"embeddable":true,"href":"https:\/\/drgrowkit.com\/fr\/wp-json\/wp\/v2\/comments?post=586"}],"wp:featuredmedia":[{"embeddable":true,"href":"https:\/\/drgrowkit.com\/fr\/wp-json\/wp\/v2\/media\/803"}],"wp:attachment":[{"href":"https:\/\/drgrowkit.com\/fr\/wp-json\/wp\/v2\/media?parent=586"}],"wp:term":[{"taxonomy":"product_cat","embeddable":true,"href":"https:\/\/drgrowkit.com\/fr\/wp-json\/wp\/v2\/product_cat?post=586"},{"taxonomy":"product_tag","embeddable":true,"href":"https:\/\/drgrowkit.com\/fr\/wp-json\/wp\/v2\/product_tag?post=586"}],"curies":[{"name":"wp","href":"https:\/\/api.w.org\/{rel}","templated":true}]}}