{"id":4823,"date":"2023-02-28T15:32:48","date_gmt":"2023-02-28T15:32:48","guid":{"rendered":"https:\/\/drgrowkit.com\/?post_type=product&#038;p=4823"},"modified":"2024-04-17T19:50:32","modified_gmt":"2024-04-17T19:50:32","slug":"bulk-truffels-250-gram-atlantis","status":"publish","type":"product","link":"https:\/\/drgrowkit.com\/fr\/magicstore\/bulk-truffels-250-gram-atlantis\/","title":{"rendered":"Truffes en vrac - 250 grammes"},"content":{"rendered":"<h2>Truffes magiques de Psilocybe en vrac<\/h2>\n<p>\u00cates-vous \u00e9galement d\u00e9\u00e7u que chaque fois que vous achetez un paquet de truffes magiques au psilocybe, vous deviez \u00e0 nouveau payer les frais d'exp\u00e9dition ? Ou bien vous organisez une f\u00eate psych\u00e9d\u00e9lique avec un grand groupe d'amis proches ? Dans ce cas, il est judicieux de commander des truffes en vrac. Vous \u00e9conomiserez ainsi une somme consid\u00e9rable et vous aurez suffisamment de truffes magiques \u00e0 la maison pour la p\u00e9riode \u00e0 venir. Nous avons fait une s\u00e9lection unique de truffes sociales accessibles car elles sont parfaites pour un usage priv\u00e9 avec un groupe d'amis proches. Bien s\u00fbr, il y a aussi des truffes un peu plus fortes disponibles pour les utilisateurs qui ont plus d'exp\u00e9rience avec la psilocybine. Lorsque les truffes sont livr\u00e9es \u00e0 domicile, elles peuvent \u00eatre conserv\u00e9es pendant au moins un \u00e0 trois mois. Il est important que les truffes magiques soient conserv\u00e9es au r\u00e9frig\u00e9rateur \u00e0 une temp\u00e9rature comprise entre 3 et 5 \u00b0C.<\/p>","protected":false},"excerpt":{"rendered":"<p>\u00cates-vous aussi d\u00e9\u00e7u que chaque fois que vous achetez un paquet de truffes magiques au psilocybe, vous deviez \u00e0 nouveau payer les frais d'exp\u00e9dition ?<\/p>","protected":false},"featured_media":4825,"comment_status":"open","ping_status":"closed","template":"","meta":[],"product_cat":[21],"product_tag":[],"yoast_head":"<!-- This site is optimized with the Yoast SEO Premium plugin v24.5 (Yoast SEO v24.5) - https:\/\/yoast.com\/wordpress\/plugins\/seo\/ -->\n<title>Elevate Your Consciousness: 250g Bulk Magic Truffles<\/title>\n<meta name=\"description\" content=\"Embark on a transformative journey with our 250g bulk magic truffles. Dive deep into the mysteries of your mind.\" \/>\n<meta name=\"robots\" content=\"index, follow, max-snippet:-1, max-image-preview:large, max-video-preview:-1\" \/>\n<link rel=\"canonical\" href=\"https:\/\/drgrowkit.com\/fr\/magicstore\/bulk-truffels-250-gram-atlantis\/\" \/>\n<meta property=\"og:locale\" content=\"fr_FR\" \/>\n<meta property=\"og:type\" content=\"article\" \/>\n<meta property=\"og:title\" content=\"Bulk truffels - 250 Gram\" \/>\n<meta property=\"og:description\" content=\"Embark on a transformative journey with our 250g bulk magic truffles. Dive deep into the mysteries of your mind.\" \/>\n<meta property=\"og:url\" content=\"https:\/\/drgrowkit.com\/fr\/magicstore\/bulk-truffels-250-gram-atlantis\/\" \/>\n<meta property=\"og:site_name\" content=\"DrGrowkit.com\" \/>\n<meta property=\"article:modified_time\" content=\"2024-04-17T19:50:32+00:00\" \/>\n<meta property=\"og:image\" content=\"https:\/\/drgrowkit.com\/wp-content\/uploads\/2023\/02\/Atlantis.jpg\" \/>\n\t<meta property=\"og:image:width\" content=\"300\" \/>\n\t<meta property=\"og:image:height\" content=\"300\" \/>\n\t<meta property=\"og:image:type\" content=\"image\/jpeg\" \/>\n<meta name=\"twitter:card\" content=\"summary_large_image\" \/>\n<meta name=\"twitter:label1\" content=\"Dur\u00e9e de lecture estim\u00e9e\" \/>\n\t<meta name=\"twitter:data1\" content=\"1 minute\" \/>\n<script type=\"application\/ld+json\" class=\"yoast-schema-graph\">{\"@context\":\"https:\/\/schema.org\",\"@graph\":[{\"@type\":\"WebPage\",\"@id\":\"https:\/\/drgrowkit.com\/magicstore\/bulk-truffels-250-gram-atlantis\/\",\"url\":\"https:\/\/drgrowkit.com\/magicstore\/bulk-truffels-250-gram-atlantis\/\",\"name\":\"Elevate Your Consciousness: 250g Bulk Magic Truffles\",\"isPartOf\":{\"@id\":\"https:\/\/drgrowkit.com\/nl\/#website\"},\"primaryImageOfPage\":{\"@id\":\"https:\/\/drgrowkit.com\/magicstore\/bulk-truffels-250-gram-atlantis\/#primaryimage\"},\"image\":{\"@id\":\"https:\/\/drgrowkit.com\/magicstore\/bulk-truffels-250-gram-atlantis\/#primaryimage\"},\"thumbnailUrl\":\"https:\/\/drgrowkit.com\/wp-content\/uploads\/2023\/02\/Atlantis.jpg\",\"datePublished\":\"2023-02-28T15:32:48+00:00\",\"dateModified\":\"2024-04-17T19:50:32+00:00\",\"description\":\"Embark on a transformative journey with our 250g bulk magic truffles. Dive deep into the mysteries of your mind.\",\"breadcrumb\":{\"@id\":\"https:\/\/drgrowkit.com\/magicstore\/bulk-truffels-250-gram-atlantis\/#breadcrumb\"},\"inLanguage\":\"fr-FR\",\"potentialAction\":[{\"@type\":\"ReadAction\",\"target\":[\"https:\/\/drgrowkit.com\/magicstore\/bulk-truffels-250-gram-atlantis\/\"]}]},{\"@type\":\"ImageObject\",\"inLanguage\":\"fr-FR\",\"@id\":\"https:\/\/drgrowkit.com\/magicstore\/bulk-truffels-250-gram-atlantis\/#primaryimage\",\"url\":\"https:\/\/drgrowkit.com\/wp-content\/uploads\/2023\/02\/Atlantis.jpg\",\"contentUrl\":\"https:\/\/drgrowkit.com\/wp-content\/uploads\/2023\/02\/Atlantis.jpg\",\"width\":300,\"height\":300},{\"@type\":\"BreadcrumbList\",\"@id\":\"https:\/\/drgrowkit.com\/magicstore\/bulk-truffels-250-gram-atlantis\/#breadcrumb\",\"itemListElement\":[{\"@type\":\"ListItem\",\"position\":1,\"name\":\"Home\",\"item\":\"https:\/\/drgrowkit.com\/\"},{\"@type\":\"ListItem\",\"position\":2,\"name\":\"Shop\",\"item\":\"https:\/\/drgrowkit.com\/pl\/magicstore\/\"},{\"@type\":\"ListItem\",\"position\":3,\"name\":\"Bulk truffels &#8211; 250 Gram\"}]},{\"@type\":\"WebSite\",\"@id\":\"https:\/\/drgrowkit.com\/nl\/#website\",\"url\":\"https:\/\/drgrowkit.com\/nl\/\",\"name\":\"DrGrowkit.com\",\"description\":\"\",\"potentialAction\":[{\"@type\":\"SearchAction\",\"target\":{\"@type\":\"EntryPoint\",\"urlTemplate\":\"https:\/\/drgrowkit.com\/nl\/?s={search_term_string}\"},\"query-input\":{\"@type\":\"PropertyValueSpecification\",\"valueRequired\":true,\"valueName\":\"search_term_string\"}}],\"inLanguage\":\"fr-FR\"}]}<\/script>\n<!-- \/ Yoast SEO Premium plugin. -->","yoast_head_json":{"title":"Elevate Your Consciousness: 250g Bulk Magic Truffles","description":"Embark on a transformative journey with our 250g bulk magic truffles. Dive deep into the mysteries of your mind.","robots":{"index":"index","follow":"follow","max-snippet":"max-snippet:-1","max-image-preview":"max-image-preview:large","max-video-preview":"max-video-preview:-1"},"canonical":"https:\/\/drgrowkit.com\/fr\/magicstore\/bulk-truffels-250-gram-atlantis\/","og_locale":"fr_FR","og_type":"article","og_title":"Bulk truffels - 250 Gram","og_description":"Embark on a transformative journey with our 250g bulk magic truffles. Dive deep into the mysteries of your mind.","og_url":"https:\/\/drgrowkit.com\/fr\/magicstore\/bulk-truffels-250-gram-atlantis\/","og_site_name":"DrGrowkit.com","article_modified_time":"2024-04-17T19:50:32+00:00","og_image":[{"width":300,"height":300,"url":"https:\/\/drgrowkit.com\/wp-content\/uploads\/2023\/02\/Atlantis.jpg","type":"image\/jpeg"}],"twitter_card":"summary_large_image","twitter_misc":{"Dur\u00e9e de lecture estim\u00e9e":"1 minute"},"schema":{"@context":"https:\/\/schema.org","@graph":[{"@type":"WebPage","@id":"https:\/\/drgrowkit.com\/magicstore\/bulk-truffels-250-gram-atlantis\/","url":"https:\/\/drgrowkit.com\/magicstore\/bulk-truffels-250-gram-atlantis\/","name":"Elevate Your Consciousness: 250g Bulk Magic Truffles","isPartOf":{"@id":"https:\/\/drgrowkit.com\/nl\/#website"},"primaryImageOfPage":{"@id":"https:\/\/drgrowkit.com\/magicstore\/bulk-truffels-250-gram-atlantis\/#primaryimage"},"image":{"@id":"https:\/\/drgrowkit.com\/magicstore\/bulk-truffels-250-gram-atlantis\/#primaryimage"},"thumbnailUrl":"https:\/\/drgrowkit.com\/wp-content\/uploads\/2023\/02\/Atlantis.jpg","datePublished":"2023-02-28T15:32:48+00:00","dateModified":"2024-04-17T19:50:32+00:00","description":"Embark on a transformative journey with our 250g bulk magic truffles. Dive deep into the mysteries of your mind.","breadcrumb":{"@id":"https:\/\/drgrowkit.com\/magicstore\/bulk-truffels-250-gram-atlantis\/#breadcrumb"},"inLanguage":"fr-FR","potentialAction":[{"@type":"ReadAction","target":["https:\/\/drgrowkit.com\/magicstore\/bulk-truffels-250-gram-atlantis\/"]}]},{"@type":"ImageObject","inLanguage":"fr-FR","@id":"https:\/\/drgrowkit.com\/magicstore\/bulk-truffels-250-gram-atlantis\/#primaryimage","url":"https:\/\/drgrowkit.com\/wp-content\/uploads\/2023\/02\/Atlantis.jpg","contentUrl":"https:\/\/drgrowkit.com\/wp-content\/uploads\/2023\/02\/Atlantis.jpg","width":300,"height":300},{"@type":"BreadcrumbList","@id":"https:\/\/drgrowkit.com\/magicstore\/bulk-truffels-250-gram-atlantis\/#breadcrumb","itemListElement":[{"@type":"ListItem","position":1,"name":"Home","item":"https:\/\/drgrowkit.com\/"},{"@type":"ListItem","position":2,"name":"Shop","item":"https:\/\/drgrowkit.com\/pl\/magicstore\/"},{"@type":"ListItem","position":3,"name":"Bulk truffels &#8211; 250 Gram"}]},{"@type":"WebSite","@id":"https:\/\/drgrowkit.com\/nl\/#website","url":"https:\/\/drgrowkit.com\/nl\/","name":"DrGrowkit.com","description":"","potentialAction":[{"@type":"SearchAction","target":{"@type":"EntryPoint","urlTemplate":"https:\/\/drgrowkit.com\/nl\/?s={search_term_string}"},"query-input":{"@type":"PropertyValueSpecification","valueRequired":true,"valueName":"search_term_string"}}],"inLanguage":"fr-FR"}]}},"_links":{"self":[{"href":"https:\/\/drgrowkit.com\/fr\/wp-json\/wp\/v2\/product\/4823"}],"collection":[{"href":"https:\/\/drgrowkit.com\/fr\/wp-json\/wp\/v2\/product"}],"about":[{"href":"https:\/\/drgrowkit.com\/fr\/wp-json\/wp\/v2\/types\/product"}],"replies":[{"embeddable":true,"href":"https:\/\/drgrowkit.com\/fr\/wp-json\/wp\/v2\/comments?post=4823"}],"wp:featuredmedia":[{"embeddable":true,"href":"https:\/\/drgrowkit.com\/fr\/wp-json\/wp\/v2\/media\/4825"}],"wp:attachment":[{"href":"https:\/\/drgrowkit.com\/fr\/wp-json\/wp\/v2\/media?parent=4823"}],"wp:term":[{"taxonomy":"product_cat","embeddable":true,"href":"https:\/\/drgrowkit.com\/fr\/wp-json\/wp\/v2\/product_cat?post=4823"},{"taxonomy":"product_tag","embeddable":true,"href":"https:\/\/drgrowkit.com\/fr\/wp-json\/wp\/v2\/product_tag?post=4823"}],"curies":[{"name":"wp","href":"https:\/\/api.w.org\/{rel}","templated":true}]}}