{"id":779,"date":"2020-10-03T21:30:25","date_gmt":"2020-10-03T21:30:25","guid":{"rendered":"https:\/\/drgrowkit.com\/?page_id=779"},"modified":"2022-02-12T20:34:59","modified_gmt":"2022-02-12T20:34:59","slug":"shipping","status":"publish","type":"page","link":"https:\/\/drgrowkit.com\/fr\/expedition\/","title":{"rendered":"Exp\u00e9dition"},"content":{"rendered":"<div  data-label=\"Content\" data-id=\"content--1\" data-export-id=\"content-12\" data-category=\"content\" class=\"content-12 content-section content-section-spacing\" id=\"content-1\" style=\"background-color: rgb(245, 250, 253);\"><div  class=\"gridContainer\"> <div  class=\"row text-center\"><div  class=\"section-title-col\" data-type=\"column\"> <h2  class=\"\" style=\"text-align: left;\"><font  style=\"vertical-align: inherit;\"><font  style=\"vertical-align: inherit;\" class=\"\">Comment mon colis sera-t-il livr\u00e9 ?<\/font><\/font><\/h2> <p  class=\"lead\" style=\"text-align: left;\"><font  style=\"vertical-align: inherit;\"><font  style=\"vertical-align: inherit;\" class=\"\">Toutes nos commandes que nous envoyons par POSTNL, DHL ou DPD pr\u00e9f\u00e8rent un autre moyen de transport ? envoyez votre question \u00e0 info@drgrowkit.com<\/font><\/font><\/p><h2  class=\"\"><font  style=\"vertical-align: inherit;\"><font  style=\"vertical-align: inherit;\" class=\"\">Ma commande est-elle emball\u00e9e discr\u00e8tement ?<\/font><\/font><\/h2><p  class=\"lead\" style=\"text-align: left;\"><font  style=\"vertical-align: inherit;\"><font  style=\"vertical-align: inherit;\">Tous les colis sont envoy\u00e9s dans des bo\u00eetes ordinaires.&nbsp;&nbsp;<\/font><\/font><font  style=\"vertical-align: inherit;\"><font  style=\"vertical-align: inherit;\">Nous ne pla\u00e7ons pas de logos ou de contenus sur les emballages.<\/font><\/font><\/p><h2  class=\"\"><font  style=\"vertical-align: inherit;\"><font  style=\"vertical-align: inherit;\">Vos produits sont-ils l\u00e9gaux ?<\/font><\/font><\/h2><p  class=\"lead\" style=\"text-align: left;\"><font  style=\"vertical-align: inherit;\"><font  style=\"vertical-align: inherit;\">Tous les produits sont l\u00e9gaux aux Pays-Bas. <\/font><\/font><br ><font  style=\"vertical-align: inherit;\"><font  style=\"vertical-align: inherit;\" class=\"\">\nNous vous recommandons de v\u00e9rifier vos lois locales avant de passer une commande car drgrowkit.com n'acceptera aucune responsabilit\u00e9 pour les articles confisqu\u00e9s. <\/font><\/font><br ><font  style=\"vertical-align: inherit;\"><font  style=\"vertical-align: inherit;\" class=\"\">\nLes commandes pass\u00e9es depuis l'un des pays mentionn\u00e9s le seront \u00e0 vos propres risques.<\/font><\/font><\/p><h2  class=\"\"><font  style=\"vertical-align: inherit;\"><font  style=\"vertical-align: inherit;\">Combien de temps faudra-t-il pour que mon colis arrive ?<\/font><\/font><\/h2><p  class=\"lead\" style=\"text-align: left;\"><font  style=\"vertical-align: inherit;\"><font  style=\"vertical-align: inherit;\">Les commandes ne seront trait\u00e9es qu'apr\u00e8s r\u00e9ception du paiement int\u00e9gral. <\/font><\/font><br ><font  style=\"vertical-align: inherit;\"><font  style=\"vertical-align: inherit;\">\nUne fois votre commande v\u00e9rifi\u00e9e, elle sera envoy\u00e9e le jour m\u00eame ou le jour ouvrable suivant. <\/font><font  style=\"vertical-align: inherit;\">Veuillez lire les d\u00e9tails de notre exp\u00e9dition pour plus d'informations et les heures d'arriv\u00e9e estim\u00e9es. <\/font><\/font><br ><font  style=\"vertical-align: inherit;\"><font  style=\"vertical-align: inherit;\">\nN'oubliez pas que les virements bancaires de pays \u00e0 pays peuvent prendre quelques jours<\/font><\/font><\/p><h2  class=\"\"><font  style=\"vertical-align: inherit;\"><font  style=\"vertical-align: inherit;\">Que se passe-t-il si ma commande est endommag\u00e9e \u00e0 l'arriv\u00e9e \/ port\u00e9e disparue ?<\/font><\/font><\/h2><p  class=\"lead\" style=\"text-align: left;\"><font  style=\"vertical-align: inherit;\"><font  style=\"vertical-align: inherit;\">Si, pour une raison quelconque, votre colis arrive endommag\u00e9 ou a disparu, vous devez nous contacter d\u00e8s que possible.\n<\/font><\/font><\/p><h2  class=\"\"><font  style=\"vertical-align: inherit;\"><font  style=\"vertical-align: inherit;\">Je suis un client \u00e9tranger et c'est ma premi\u00e8re commande. Comment cela fonctionne-t-il ?<\/font><\/font><\/h2><p  class=\"lead\" style=\"text-align: left;\"><font  style=\"vertical-align: inherit;\"><font  style=\"vertical-align: inherit;\">Il suffit de faire le tour du march\u00e9 et de remplir votre panier. <\/font><\/font><br ><font  style=\"vertical-align: inherit;\"><font  style=\"vertical-align: inherit;\">\nSi vous avez termin\u00e9, veuillez remplir soigneusement toutes les informations demand\u00e9es. <\/font><\/font><br ><font  style=\"vertical-align: inherit;\"><font  style=\"vertical-align: inherit;\">\n- Assurez-vous d'\u00eatre clair \u00e0 ce sujet : \"Exp\u00e9dition : vers quel pays\". <\/font><\/font><br ><font  style=\"vertical-align: inherit;\"><font  style=\"vertical-align: inherit;\">\n- N'oubliez pas d'indiquer vos nom, pr\u00e9nom, adresse \u00e9lectronique, adresse, code postal, ville. <\/font><\/font><br ><font  style=\"vertical-align: inherit;\"><font  style=\"vertical-align: inherit;\">\n- Confirmer \u00e0 nouveau le pays. <\/font><\/font><br ><font  style=\"vertical-align: inherit;\"><font  style=\"vertical-align: inherit;\">\n- Acceptez nos conditions. <\/font><\/font><br ><font  style=\"vertical-align: inherit;\"><font  style=\"vertical-align: inherit;\">\n- Choisissez le mode de paiement. <\/font><\/font><br ><font  style=\"vertical-align: inherit;\"><font  style=\"vertical-align: inherit;\">\n- Attendez votre courriel de confirmation et effectuez votre transfert d'argent. <\/font><font  style=\"vertical-align: inherit;\">N'oubliez pas de mentionner votre num\u00e9ro de commande.<\/font><\/font><\/p><h2  class=\"\"><font  style=\"vertical-align: inherit;\"><font  style=\"vertical-align: inherit;\">Vers quels pays exp\u00e9diez-vous ?<\/font><\/font><\/h2><p  class=\"lead\" data-keeper-edited=\"yes\"><font  style=\"vertical-align: inherit;\"><font  style=\"vertical-align: inherit;\">Autriche, Belgique, Bulgarie, Croatie, R\u00e9publique de Chypre, R\u00e9publique tch\u00e8que, Danemark, Estonie, Finlande, France, Allemagne, Gr\u00e8ce, Hongrie, Irlande, Italie, Lettonie, Lituanie, Luxembourg, Malte, Pays-Bas, Pologne, Portugal, Roumanie, Slovaquie, Slov\u00e9nie, Espagne et Su\u00e8de<\/font><\/font><\/p><h2 class=\"\" >Exp\u00e9dition vers les \u00c9tats-Unis<\/h2><p  class=\"lead\">Pour nos clients am\u00e9ricains, nous exp\u00e9dions uniquement des truffes magiques, des microdoses de psilocybine et des flacons de spores frais. Le poids des produits ne doit pas d\u00e9passer 300 grammes par commande. Il s'agit d'environ 12 sacs de truffes magiques de 25 grammes.\n<br ><br >Pour l'instant, nous n'exp\u00e9dions que vers :\n<br ><br >Californie, Colorado, \u00c9tat de Washington, G\u00e9orgie, Maine, New Jersey, Oregon, Michigan, Massachusetts, Virginie, Virginie occidentale<br ><\/p><\/div> <\/div> <div  class=\"row center-xs middle-xs\"> <div  class=\"col-sm-9\" data-type=\"column\"> <\/div> <\/div><\/div> <\/div>","protected":false},"excerpt":{"rendered":"<p>Comment mon colis sera-t-il livr\u00e9 ? Toutes nos commandes sont envoy\u00e9es par la POSTNL, DHL ou DPD. Si vous pr\u00e9f\u00e9rez un autre moyen de transport, envoyez votre question \u00e0 info@drgrowkit.comIs. Ma commande est emball\u00e9e de mani\u00e8re discr\u00e8te ? Tous les colis sont envoy\u00e9s dans des bo\u00eetes simples.  Nous ne pla\u00e7ons pas de logo ou de contenu sur le mat\u00e9riel d'emballage.vos produits sont-ils l\u00e9gaux ? tous les produits sont l\u00e9gaux dans les... <br \/> <a class=\"read-more\" href=\"https:\/\/drgrowkit.com\/fr\/expedition\/\">En savoir plus<\/a><\/p>","protected":false},"author":1,"featured_media":0,"parent":0,"menu_order":0,"comment_status":"closed","ping_status":"closed","template":"pro\/page-templates\/full-width-page.php","meta":{"footnotes":""},"yoast_head":"<!-- This site is optimized with the Yoast SEO Premium plugin v24.5 (Yoast SEO v24.5) - https:\/\/yoast.com\/wordpress\/plugins\/seo\/ -->\n<title>Shipping - DrGrowkit.com<\/title>\n<meta name=\"robots\" content=\"index, follow, max-snippet:-1, max-image-preview:large, max-video-preview:-1\" \/>\n<link rel=\"canonical\" href=\"https:\/\/drgrowkit.com\/fr\/expedition\/\" \/>\n<meta property=\"og:locale\" content=\"fr_FR\" \/>\n<meta property=\"og:type\" content=\"article\" \/>\n<meta property=\"og:title\" content=\"Shipping\" \/>\n<meta property=\"og:description\" content=\"How will my package be delivered All of our orders we send with POSTNL, DHL, or DPD prefer a different means of transportation ? send your question to info@drgrowkit.comIs my order discretely packed?All packages are sent in plain boxes.&nbsp;&nbsp;We do not place logos or contents on packaging material.Are your products legal?All products are legal within&hellip; Read more\" \/>\n<meta property=\"og:url\" content=\"https:\/\/drgrowkit.com\/fr\/expedition\/\" \/>\n<meta property=\"og:site_name\" content=\"DrGrowkit.com\" \/>\n<meta property=\"article:modified_time\" content=\"2022-02-12T20:34:59+00:00\" \/>\n<meta name=\"twitter:card\" content=\"summary_large_image\" \/>\n<meta name=\"twitter:label1\" content=\"Dur\u00e9e de lecture estim\u00e9e\" \/>\n\t<meta name=\"twitter:data1\" content=\"2 minutes\" \/>\n<script type=\"application\/ld+json\" class=\"yoast-schema-graph\">{\"@context\":\"https:\/\/schema.org\",\"@graph\":[{\"@type\":\"WebPage\",\"@id\":\"https:\/\/drgrowkit.com\/shipping\/\",\"url\":\"https:\/\/drgrowkit.com\/shipping\/\",\"name\":\"Shipping - DrGrowkit.com\",\"isPartOf\":{\"@id\":\"https:\/\/drgrowkit.com\/nl\/#website\"},\"datePublished\":\"2020-10-03T21:30:25+00:00\",\"dateModified\":\"2022-02-12T20:34:59+00:00\",\"breadcrumb\":{\"@id\":\"https:\/\/drgrowkit.com\/shipping\/#breadcrumb\"},\"inLanguage\":\"fr-FR\",\"potentialAction\":[{\"@type\":\"ReadAction\",\"target\":[\"https:\/\/drgrowkit.com\/shipping\/\"]}]},{\"@type\":\"BreadcrumbList\",\"@id\":\"https:\/\/drgrowkit.com\/shipping\/#breadcrumb\",\"itemListElement\":[{\"@type\":\"ListItem\",\"position\":1,\"name\":\"Home\",\"item\":\"https:\/\/drgrowkit.com\/\"},{\"@type\":\"ListItem\",\"position\":2,\"name\":\"Shipping\"}]},{\"@type\":\"WebSite\",\"@id\":\"https:\/\/drgrowkit.com\/nl\/#website\",\"url\":\"https:\/\/drgrowkit.com\/nl\/\",\"name\":\"DrGrowkit.com\",\"description\":\"\",\"potentialAction\":[{\"@type\":\"SearchAction\",\"target\":{\"@type\":\"EntryPoint\",\"urlTemplate\":\"https:\/\/drgrowkit.com\/nl\/?s={search_term_string}\"},\"query-input\":{\"@type\":\"PropertyValueSpecification\",\"valueRequired\":true,\"valueName\":\"search_term_string\"}}],\"inLanguage\":\"fr-FR\"}]}<\/script>\n<!-- \/ Yoast SEO Premium plugin. -->","yoast_head_json":{"title":"Shipping - DrGrowkit.com","robots":{"index":"index","follow":"follow","max-snippet":"max-snippet:-1","max-image-preview":"max-image-preview:large","max-video-preview":"max-video-preview:-1"},"canonical":"https:\/\/drgrowkit.com\/fr\/expedition\/","og_locale":"fr_FR","og_type":"article","og_title":"Shipping","og_description":"How will my package be delivered All of our orders we send with POSTNL, DHL, or DPD prefer a different means of transportation ? send your question to info@drgrowkit.comIs my order discretely packed?All packages are sent in plain boxes.&nbsp;&nbsp;We do not place logos or contents on packaging material.Are your products legal?All products are legal within&hellip; Read more","og_url":"https:\/\/drgrowkit.com\/fr\/expedition\/","og_site_name":"DrGrowkit.com","article_modified_time":"2022-02-12T20:34:59+00:00","twitter_card":"summary_large_image","twitter_misc":{"Dur\u00e9e de lecture estim\u00e9e":"2 minutes"},"schema":{"@context":"https:\/\/schema.org","@graph":[{"@type":"WebPage","@id":"https:\/\/drgrowkit.com\/shipping\/","url":"https:\/\/drgrowkit.com\/shipping\/","name":"Shipping - DrGrowkit.com","isPartOf":{"@id":"https:\/\/drgrowkit.com\/nl\/#website"},"datePublished":"2020-10-03T21:30:25+00:00","dateModified":"2022-02-12T20:34:59+00:00","breadcrumb":{"@id":"https:\/\/drgrowkit.com\/shipping\/#breadcrumb"},"inLanguage":"fr-FR","potentialAction":[{"@type":"ReadAction","target":["https:\/\/drgrowkit.com\/shipping\/"]}]},{"@type":"BreadcrumbList","@id":"https:\/\/drgrowkit.com\/shipping\/#breadcrumb","itemListElement":[{"@type":"ListItem","position":1,"name":"Home","item":"https:\/\/drgrowkit.com\/"},{"@type":"ListItem","position":2,"name":"Shipping"}]},{"@type":"WebSite","@id":"https:\/\/drgrowkit.com\/nl\/#website","url":"https:\/\/drgrowkit.com\/nl\/","name":"DrGrowkit.com","description":"","potentialAction":[{"@type":"SearchAction","target":{"@type":"EntryPoint","urlTemplate":"https:\/\/drgrowkit.com\/nl\/?s={search_term_string}"},"query-input":{"@type":"PropertyValueSpecification","valueRequired":true,"valueName":"search_term_string"}}],"inLanguage":"fr-FR"}]}},"_links":{"self":[{"href":"https:\/\/drgrowkit.com\/fr\/wp-json\/wp\/v2\/pages\/779"}],"collection":[{"href":"https:\/\/drgrowkit.com\/fr\/wp-json\/wp\/v2\/pages"}],"about":[{"href":"https:\/\/drgrowkit.com\/fr\/wp-json\/wp\/v2\/types\/page"}],"author":[{"embeddable":true,"href":"https:\/\/drgrowkit.com\/fr\/wp-json\/wp\/v2\/users\/1"}],"replies":[{"embeddable":true,"href":"https:\/\/drgrowkit.com\/fr\/wp-json\/wp\/v2\/comments?post=779"}],"version-history":[{"count":5,"href":"https:\/\/drgrowkit.com\/fr\/wp-json\/wp\/v2\/pages\/779\/revisions"}],"predecessor-version":[{"id":2700,"href":"https:\/\/drgrowkit.com\/fr\/wp-json\/wp\/v2\/pages\/779\/revisions\/2700"}],"wp:attachment":[{"href":"https:\/\/drgrowkit.com\/fr\/wp-json\/wp\/v2\/media?parent=779"}],"curies":[{"name":"wp","href":"https:\/\/api.w.org\/{rel}","templated":true}]}}