{"id":629,"date":"2020-10-01T16:59:55","date_gmt":"2020-10-01T16:59:55","guid":{"rendered":"https:\/\/drgrowkit.com\/?post_type=product&#038;p=629"},"modified":"2023-01-28T08:24:21","modified_gmt":"2023-01-28T08:24:21","slug":"cubensis-growkit-amazonian-small","status":"publish","type":"product","link":"https:\/\/drgrowkit.com\/es\/magicstore\/cubensis-growkit-amazonian-small\/","title":{"rendered":"Mondo Growkit Amazon\u00eda Media"},"content":{"rendered":"<h3>Los efectos del hongo m\u00e1gico amaz\u00f3nico<\/h3>\n<p>El viaje al hongo m\u00e1gico del Amazonas es bastante intenso. Adem\u00e1s, te relajas y te sientes un poco so\u00f1ador. A veces, la seta amaz\u00f3nica se conoce como \"la seta feliz\". Por lo tanto, te sentir\u00e1s m\u00e1s feliz al consumir el hongo amaz\u00f3nico. Como se ha dicho es el comienzo del viaje bastante intenso. Esto significa que notar\u00e1s una experiencia fuerte y visual. Por favor, utiliza peque\u00f1as dosis cuando antes de empezar un viaje. Para hacer un viaje intenso puedes consumir de 3 a 5 gramos de setas secas, que es lo mismo que de 30 a 50 gramos de setas amaz\u00f3nicas frescas. \u00bfQuieres un viaje ligero con efectos visuales leves? S\u00f3lo tienes que utilizar de 1 a 1,5 gramos de setas secas.<\/p>\n<h3>El contenido del Growkit Amaz\u00f3nico Peque\u00f1o de Cubensis<\/h3>\n<p>Este kit de cultivo contiene todo lo que necesitas para cultivar setas amaz\u00f3nicas. En s\u00f3lo dos semanas puedes cultivar grandes setas m\u00e1gicas amaz\u00f3nicas. \u00a1Puedes cosechar este tipo de setas hasta cinco veces con un solo growkit! Adem\u00e1s, crecen hasta una longitud de 30 cent\u00edmetros. Con este growkit puedes cultivar entre 300 y 600 gramos de la seta m\u00e1gica amaz\u00f3nica. Este growkit contiene:<\/p>\n<ul>\n<li>Bolsa de cultivo<\/li>\n<li>Growkit<\/li>\n<li>Sujetapapeles<\/li>\n<li>Cubensis amaz\u00f3nica<\/li>\n<\/ul>\n<h3>El manual de cultivo de la seta m\u00e1gica amaz\u00f3nica<\/h3>\n<p>Para este tipo de setas m\u00e1gicas s\u00f3lo necesitar\u00e1s agua. Esto significa que con s\u00f3lo a\u00f1adir agua, las setas de tu growkit est\u00e1n listas para crecer. En s\u00f3lo nueve pasos cultivar\u00e1s tus setas m\u00e1gicas con facilidad.<\/p>\n<ul>\n<li>L\u00e1vese bien las manos y limpie el exterior del GrowKit con un pa\u00f1o limpio y h\u00famedo. Retire la tapa, pero gu\u00e1rdela para el paso 3.<\/li>\n<li>Haga algunos agujeros en la capa superior con un tenedor limpio. Divida los agujeros regularmente sobre el GrowKit (de 6 a 8 filas de agujeros es suficiente). Esto permite que la sustancia absorba mejor el agua.<\/li>\n<li>Llene el GrowKit con agua tibia (20\u00baC) hasta el borde. Vuelva a colocar la tapa y deje el GrowKit en remojo durante una hora.<\/li>\n<li>Tras el remojo, retire la tapa del GrowKit y vierta el exceso de agua. Deje que el GrowKit 5 se escurra durante 10 segundos.<\/li>\n<li>A\u00f1ada 0,5 litros de agua limpia tibia (20\u00baC) a la bolsa de cultivo.<\/li>\n<li>Coloque el GrowKit en la bolsa de cultivo. Aseg\u00farese de que el agua no sobrepasa el borde del GrowKit.<\/li>\n<li>Cierra la bolsa de cultivo haciendo una tapa en la parte superior y fij\u00e1ndola de forma enorme con dos clips (parte del paquete GrowKit).<\/li>\n<li>Coloque el kit de cultivo en un lugar alejado de la luz solar directa. No coloque el GrowKit debajo de una l\u00e1mpara y tampoco sobre o cerca de una estufa o fuente de calor. La temperatura ideal es entre 20 y 25 \u00baC. \"Deje la bolsa cerrada hasta que se empiecen a formar las preformaciones\" (esto puede tardar una o dos semanas) En esta fase el kit no necesita ox\u00edgeno, sino un alto contenido de CO2.<\/li>\n<li>\"Despu\u00e9s de que los prepollos hayan empezado a crecer\" Humedezca el kit diariamente con una botella de spray (m\u00e1ximo 1-2 bombas). En esta etapa, los hongos deben necesitar agua fresca, aire y el CO2 debe ser regulado. Esto tambi\u00e9n es importante despu\u00e9s de la cosecha.<\/li>\n<li>Las primeras setas ser\u00e1n visibles en dos semanas. Tenga paciencia, puede que los primeros hongos tarden m\u00e1s en crecer. Las setas deben recogerse justo antes de que la membrana empiece a aflojarse.<\/li>\n<\/ul>","protected":false},"excerpt":{"rendered":"<p>La seta amaz\u00f3nica es muy f\u00e1cil de cultivar. Esta seta tropical, al ser originaria del Amazonas, te proporciona un viaje intenso. Al principio, este viaje ser\u00e1 muy intenso y despu\u00e9s es un viaje m\u00e1s ligero.<\/p>","protected":false},"featured_media":878,"comment_status":"open","ping_status":"closed","template":"","meta":[],"product_cat":[27],"product_tag":[],"yoast_head":"<!-- This site is optimized with the Yoast SEO Premium plugin v24.5 (Yoast SEO v24.5) - https:\/\/yoast.com\/wordpress\/plugins\/seo\/ -->\n<title>Mondo Amazonian Growkit - Cultivate Magical Amazonian Shrooms<\/title>\n<meta name=\"description\" content=\"Grow your own potent Amazonian magic mushrooms with the Mondo Growkit. Easy, efficient, and magical.\" \/>\n<meta name=\"robots\" content=\"index, follow, max-snippet:-1, max-image-preview:large, max-video-preview:-1\" \/>\n<link rel=\"canonical\" href=\"https:\/\/drgrowkit.com\/es\/magicstore\/cubensis-growkit-amazonian-small\/\" \/>\n<meta property=\"og:locale\" content=\"es_ES\" \/>\n<meta property=\"og:type\" content=\"article\" \/>\n<meta property=\"og:title\" content=\"Mondo Growkit Amazonian Medium\" \/>\n<meta property=\"og:description\" content=\"Grow your own potent Amazonian magic mushrooms with the Mondo Growkit. Easy, efficient, and magical.\" \/>\n<meta property=\"og:url\" content=\"https:\/\/drgrowkit.com\/es\/magicstore\/cubensis-growkit-amazonian-small\/\" \/>\n<meta property=\"og:site_name\" content=\"DrGrowkit.com\" \/>\n<meta property=\"article:modified_time\" content=\"2023-01-28T08:24:21+00:00\" \/>\n<meta property=\"og:image\" content=\"https:\/\/drgrowkit.com\/wp-content\/uploads\/2020\/10\/amazonian-smal.jpg\" \/>\n\t<meta property=\"og:image:width\" content=\"500\" \/>\n\t<meta property=\"og:image:height\" content=\"500\" \/>\n\t<meta property=\"og:image:type\" content=\"image\/jpeg\" \/>\n<meta name=\"twitter:card\" content=\"summary_large_image\" \/>\n<meta name=\"twitter:label1\" content=\"Tiempo de lectura\" \/>\n\t<meta name=\"twitter:data1\" content=\"3 minutos\" \/>\n<script type=\"application\/ld+json\" class=\"yoast-schema-graph\">{\"@context\":\"https:\/\/schema.org\",\"@graph\":[{\"@type\":\"WebPage\",\"@id\":\"https:\/\/drgrowkit.com\/magicstore\/cubensis-growkit-amazonian-small\/\",\"url\":\"https:\/\/drgrowkit.com\/magicstore\/cubensis-growkit-amazonian-small\/\",\"name\":\"Mondo Amazonian Growkit - Cultivate Magical Amazonian Shrooms\",\"isPartOf\":{\"@id\":\"https:\/\/drgrowkit.com\/nl\/#website\"},\"primaryImageOfPage\":{\"@id\":\"https:\/\/drgrowkit.com\/magicstore\/cubensis-growkit-amazonian-small\/#primaryimage\"},\"image\":{\"@id\":\"https:\/\/drgrowkit.com\/magicstore\/cubensis-growkit-amazonian-small\/#primaryimage\"},\"thumbnailUrl\":\"https:\/\/drgrowkit.com\/wp-content\/uploads\/2020\/10\/amazonian-smal.jpg\",\"datePublished\":\"2020-10-01T16:59:55+00:00\",\"dateModified\":\"2023-01-28T08:24:21+00:00\",\"description\":\"Grow your own potent Amazonian magic mushrooms with the Mondo Growkit. Easy, efficient, and magical.\",\"breadcrumb\":{\"@id\":\"https:\/\/drgrowkit.com\/magicstore\/cubensis-growkit-amazonian-small\/#breadcrumb\"},\"inLanguage\":\"es\",\"potentialAction\":[{\"@type\":\"ReadAction\",\"target\":[\"https:\/\/drgrowkit.com\/magicstore\/cubensis-growkit-amazonian-small\/\"]}]},{\"@type\":\"ImageObject\",\"inLanguage\":\"es\",\"@id\":\"https:\/\/drgrowkit.com\/magicstore\/cubensis-growkit-amazonian-small\/#primaryimage\",\"url\":\"https:\/\/drgrowkit.com\/wp-content\/uploads\/2020\/10\/amazonian-smal.jpg\",\"contentUrl\":\"https:\/\/drgrowkit.com\/wp-content\/uploads\/2020\/10\/amazonian-smal.jpg\",\"width\":500,\"height\":500},{\"@type\":\"BreadcrumbList\",\"@id\":\"https:\/\/drgrowkit.com\/magicstore\/cubensis-growkit-amazonian-small\/#breadcrumb\",\"itemListElement\":[{\"@type\":\"ListItem\",\"position\":1,\"name\":\"Home\",\"item\":\"https:\/\/drgrowkit.com\/\"},{\"@type\":\"ListItem\",\"position\":2,\"name\":\"Shop\",\"item\":\"https:\/\/drgrowkit.com\/pl\/magicstore\/\"},{\"@type\":\"ListItem\",\"position\":3,\"name\":\"Mondo Growkit Amazonian Medium\"}]},{\"@type\":\"WebSite\",\"@id\":\"https:\/\/drgrowkit.com\/nl\/#website\",\"url\":\"https:\/\/drgrowkit.com\/nl\/\",\"name\":\"DrGrowkit.com\",\"description\":\"\",\"potentialAction\":[{\"@type\":\"SearchAction\",\"target\":{\"@type\":\"EntryPoint\",\"urlTemplate\":\"https:\/\/drgrowkit.com\/nl\/?s={search_term_string}\"},\"query-input\":{\"@type\":\"PropertyValueSpecification\",\"valueRequired\":true,\"valueName\":\"search_term_string\"}}],\"inLanguage\":\"es\"}]}<\/script>\n<!-- \/ Yoast SEO Premium plugin. -->","yoast_head_json":{"title":"Mondo Amazonian Growkit - Cultivate Magical Amazonian Shrooms","description":"Grow your own potent Amazonian magic mushrooms with the Mondo Growkit. Easy, efficient, and magical.","robots":{"index":"index","follow":"follow","max-snippet":"max-snippet:-1","max-image-preview":"max-image-preview:large","max-video-preview":"max-video-preview:-1"},"canonical":"https:\/\/drgrowkit.com\/es\/magicstore\/cubensis-growkit-amazonian-small\/","og_locale":"es_ES","og_type":"article","og_title":"Mondo Growkit Amazonian Medium","og_description":"Grow your own potent Amazonian magic mushrooms with the Mondo Growkit. Easy, efficient, and magical.","og_url":"https:\/\/drgrowkit.com\/es\/magicstore\/cubensis-growkit-amazonian-small\/","og_site_name":"DrGrowkit.com","article_modified_time":"2023-01-28T08:24:21+00:00","og_image":[{"width":500,"height":500,"url":"https:\/\/drgrowkit.com\/wp-content\/uploads\/2020\/10\/amazonian-smal.jpg","type":"image\/jpeg"}],"twitter_card":"summary_large_image","twitter_misc":{"Tiempo de lectura":"3 minutos"},"schema":{"@context":"https:\/\/schema.org","@graph":[{"@type":"WebPage","@id":"https:\/\/drgrowkit.com\/magicstore\/cubensis-growkit-amazonian-small\/","url":"https:\/\/drgrowkit.com\/magicstore\/cubensis-growkit-amazonian-small\/","name":"Mondo Amazonian Growkit - Cultivate Magical Amazonian Shrooms","isPartOf":{"@id":"https:\/\/drgrowkit.com\/nl\/#website"},"primaryImageOfPage":{"@id":"https:\/\/drgrowkit.com\/magicstore\/cubensis-growkit-amazonian-small\/#primaryimage"},"image":{"@id":"https:\/\/drgrowkit.com\/magicstore\/cubensis-growkit-amazonian-small\/#primaryimage"},"thumbnailUrl":"https:\/\/drgrowkit.com\/wp-content\/uploads\/2020\/10\/amazonian-smal.jpg","datePublished":"2020-10-01T16:59:55+00:00","dateModified":"2023-01-28T08:24:21+00:00","description":"Grow your own potent Amazonian magic mushrooms with the Mondo Growkit. Easy, efficient, and magical.","breadcrumb":{"@id":"https:\/\/drgrowkit.com\/magicstore\/cubensis-growkit-amazonian-small\/#breadcrumb"},"inLanguage":"es","potentialAction":[{"@type":"ReadAction","target":["https:\/\/drgrowkit.com\/magicstore\/cubensis-growkit-amazonian-small\/"]}]},{"@type":"ImageObject","inLanguage":"es","@id":"https:\/\/drgrowkit.com\/magicstore\/cubensis-growkit-amazonian-small\/#primaryimage","url":"https:\/\/drgrowkit.com\/wp-content\/uploads\/2020\/10\/amazonian-smal.jpg","contentUrl":"https:\/\/drgrowkit.com\/wp-content\/uploads\/2020\/10\/amazonian-smal.jpg","width":500,"height":500},{"@type":"BreadcrumbList","@id":"https:\/\/drgrowkit.com\/magicstore\/cubensis-growkit-amazonian-small\/#breadcrumb","itemListElement":[{"@type":"ListItem","position":1,"name":"Home","item":"https:\/\/drgrowkit.com\/"},{"@type":"ListItem","position":2,"name":"Shop","item":"https:\/\/drgrowkit.com\/pl\/magicstore\/"},{"@type":"ListItem","position":3,"name":"Mondo Growkit Amazonian Medium"}]},{"@type":"WebSite","@id":"https:\/\/drgrowkit.com\/nl\/#website","url":"https:\/\/drgrowkit.com\/nl\/","name":"DrGrowkit.com","description":"","potentialAction":[{"@type":"SearchAction","target":{"@type":"EntryPoint","urlTemplate":"https:\/\/drgrowkit.com\/nl\/?s={search_term_string}"},"query-input":{"@type":"PropertyValueSpecification","valueRequired":true,"valueName":"search_term_string"}}],"inLanguage":"es"}]}},"_links":{"self":[{"href":"https:\/\/drgrowkit.com\/es\/wp-json\/wp\/v2\/product\/629"}],"collection":[{"href":"https:\/\/drgrowkit.com\/es\/wp-json\/wp\/v2\/product"}],"about":[{"href":"https:\/\/drgrowkit.com\/es\/wp-json\/wp\/v2\/types\/product"}],"replies":[{"embeddable":true,"href":"https:\/\/drgrowkit.com\/es\/wp-json\/wp\/v2\/comments?post=629"}],"wp:featuredmedia":[{"embeddable":true,"href":"https:\/\/drgrowkit.com\/es\/wp-json\/wp\/v2\/media\/878"}],"wp:attachment":[{"href":"https:\/\/drgrowkit.com\/es\/wp-json\/wp\/v2\/media?parent=629"}],"wp:term":[{"taxonomy":"product_cat","embeddable":true,"href":"https:\/\/drgrowkit.com\/es\/wp-json\/wp\/v2\/product_cat?post=629"},{"taxonomy":"product_tag","embeddable":true,"href":"https:\/\/drgrowkit.com\/es\/wp-json\/wp\/v2\/product_tag?post=629"}],"curies":[{"name":"wp","href":"https:\/\/api.w.org\/{rel}","templated":true}]}}