{"id":581,"date":"2020-09-21T17:42:53","date_gmt":"2020-09-21T17:42:53","guid":{"rendered":"https:\/\/drgrowkit.com\/?post_type=product&#038;p=581"},"modified":"2022-04-09T00:00:34","modified_gmt":"2022-04-09T00:00:34","slug":"utopia-truffles","status":"publish","type":"product","link":"https:\/\/drgrowkit.com\/es\/magicstore\/utopia-truffles\/","title":{"rendered":"Trufas m\u00e1gicas de Utop\u00eda"},"content":{"rendered":"<h2>Los efectos de la trufa m\u00e1gica de Utop\u00eda<\/h2>\n<p>Esta es una trufa muy fuerte. Prep\u00e1rate para un viaje muy intenso, visual y espectacular. Experimentar\u00e1s una experiencia fuera del cuerpo y te explorar\u00e1s a ti mismo y a tu mundo. Experimentar\u00e1s alucinaciones muy intensas y podr\u00e1s hablar de la iluminaci\u00f3n. Podr\u00e1s saber lo que es importante en la vida y lo que es importante para ti. Para una experiencia completa, puedes consumir unos 15 gramos. Aunque 7,5 gramos son suficientes para un viaje sencillo. En ambos casos, el viaje es muy intenso y hace efecto a los 45 minutos de su consumo. Puedes comer la trufa y prepararte un t\u00e9 con ella. Cuando vayas a comer la trufa es muy importante que la mastiques el mayor tiempo posible para obtener los m\u00e1ximos efectos. Tambi\u00e9n se puede hacer un t\u00e9 de trufas. Calienta el agua hasta que est\u00e9 a 70 grados cent\u00edgrados y a\u00f1ade las trufas m\u00e1gicas. Espere 20 minutos y estar\u00e1 listo para su consumo.<\/p>\n<h2>Prep\u00e1rese para un viaje intenso<\/h2>\n<p>El viaje con la trufa m\u00e1gica utop\u00eda es muy intenso. Debes estar preparado para un viaje intenso. Por lo tanto, tienes que prepararte. Para algunas personas, un viaje con la trufa m\u00e1gica Utop\u00eda puede ser demasiado intenso. En este caso, es muy importante prepararse para evitar un mal viaje. Pide a un amigo que se mantenga sobrio. Ellos pueden ayudarte en caso de que tengas un mal viaje. Pueden decirte que todo terminar\u00e1 y que no es real. Tambi\u00e9n puedes utilizar un tap\u00f3n de viaje. Esto puede ser usado en caso de un mal viaje.<\/p>\n<h2>C\u00f3mo guardar las trufas m\u00e1gicas Utop\u00eda<\/h2>\n<p>Puede conservar las trufas m\u00e1gicas Utop\u00eda en el frigor\u00edfico entre dos y cuatro grados cent\u00edgrados. Las trufas m\u00e1gicas se pueden consumir, en el mejor de los casos, tan pronto como reciba el paquete. Hay una fecha de caducidad para nuestras trufas, por favor, compruebe antes de su consumo la fecha de caducidad.<\/p>","protected":false},"excerpt":{"rendered":"<p>La trufa Utopia Magic es muy fuerte. Puedes volcarte de la risa y conseguir unos efectos visuales muy fuertes. Tambi\u00e9n puedes alucinar. Este espectacular viaje s\u00f3lo es apto para usuarios muy experimentados. Esto se debe principalmente a que esta trufa contiene altas cantidades de sustancias psicoactivas.<\/p>","protected":false},"featured_media":805,"comment_status":"open","ping_status":"closed","template":"","meta":[],"product_cat":[21],"product_tag":[],"yoast_head":"<!-- This site is optimized with the Yoast SEO Premium plugin v24.5 (Yoast SEO v24.5) - https:\/\/yoast.com\/wordpress\/plugins\/seo\/ -->\n<title>utopia truffles | Drgrowkit.com<\/title>\n<meta name=\"description\" content=\"Order your Truffles before 4pm at Drgrowkit.com and we will send them the same day quickly and discreetly\" \/>\n<meta name=\"robots\" content=\"index, follow, max-snippet:-1, max-image-preview:large, max-video-preview:-1\" \/>\n<link rel=\"canonical\" href=\"https:\/\/drgrowkit.com\/es\/magicstore\/utopia-truffles\/\" \/>\n<meta property=\"og:locale\" content=\"es_ES\" \/>\n<meta property=\"og:type\" content=\"article\" \/>\n<meta property=\"og:title\" content=\"Utopia Magic Truffles\" \/>\n<meta property=\"og:description\" content=\"Order your Truffles before 4pm at Drgrowkit.com and we will send them the same day quickly and discreetly\" \/>\n<meta property=\"og:url\" content=\"https:\/\/drgrowkit.com\/es\/magicstore\/utopia-truffles\/\" \/>\n<meta property=\"og:site_name\" content=\"DrGrowkit.com\" \/>\n<meta property=\"article:modified_time\" content=\"2022-04-09T00:00:34+00:00\" \/>\n<meta property=\"og:image\" content=\"https:\/\/drgrowkit.com\/wp-content\/uploads\/2020\/09\/utopia-product.jpg\" \/>\n\t<meta property=\"og:image:width\" content=\"340\" \/>\n\t<meta property=\"og:image:height\" content=\"340\" \/>\n\t<meta property=\"og:image:type\" content=\"image\/jpeg\" \/>\n<meta name=\"twitter:card\" content=\"summary_large_image\" \/>\n<meta name=\"twitter:label1\" content=\"Tiempo de lectura\" \/>\n\t<meta name=\"twitter:data1\" content=\"2 minutos\" \/>\n<script type=\"application\/ld+json\" class=\"yoast-schema-graph\">{\"@context\":\"https:\/\/schema.org\",\"@graph\":[{\"@type\":\"WebPage\",\"@id\":\"https:\/\/drgrowkit.com\/magicstore\/utopia-truffles\/\",\"url\":\"https:\/\/drgrowkit.com\/magicstore\/utopia-truffles\/\",\"name\":\"utopia truffles | Drgrowkit.com\",\"isPartOf\":{\"@id\":\"https:\/\/drgrowkit.com\/nl\/#website\"},\"primaryImageOfPage\":{\"@id\":\"https:\/\/drgrowkit.com\/magicstore\/utopia-truffles\/#primaryimage\"},\"image\":{\"@id\":\"https:\/\/drgrowkit.com\/magicstore\/utopia-truffles\/#primaryimage\"},\"thumbnailUrl\":\"https:\/\/drgrowkit.com\/wp-content\/uploads\/2020\/09\/utopia-product.jpg\",\"datePublished\":\"2020-09-21T17:42:53+00:00\",\"dateModified\":\"2022-04-09T00:00:34+00:00\",\"description\":\"Order your Truffles before 4pm at Drgrowkit.com and we will send them the same day quickly and discreetly\",\"breadcrumb\":{\"@id\":\"https:\/\/drgrowkit.com\/magicstore\/utopia-truffles\/#breadcrumb\"},\"inLanguage\":\"es\",\"potentialAction\":[{\"@type\":\"ReadAction\",\"target\":[\"https:\/\/drgrowkit.com\/magicstore\/utopia-truffles\/\"]}]},{\"@type\":\"ImageObject\",\"inLanguage\":\"es\",\"@id\":\"https:\/\/drgrowkit.com\/magicstore\/utopia-truffles\/#primaryimage\",\"url\":\"https:\/\/drgrowkit.com\/wp-content\/uploads\/2020\/09\/utopia-product.jpg\",\"contentUrl\":\"https:\/\/drgrowkit.com\/wp-content\/uploads\/2020\/09\/utopia-product.jpg\",\"width\":340,\"height\":340},{\"@type\":\"BreadcrumbList\",\"@id\":\"https:\/\/drgrowkit.com\/magicstore\/utopia-truffles\/#breadcrumb\",\"itemListElement\":[{\"@type\":\"ListItem\",\"position\":1,\"name\":\"Home\",\"item\":\"https:\/\/drgrowkit.com\/\"},{\"@type\":\"ListItem\",\"position\":2,\"name\":\"Shop\",\"item\":\"https:\/\/drgrowkit.com\/pl\/magicstore\/\"},{\"@type\":\"ListItem\",\"position\":3,\"name\":\"Utopia Magic Truffles\"}]},{\"@type\":\"WebSite\",\"@id\":\"https:\/\/drgrowkit.com\/nl\/#website\",\"url\":\"https:\/\/drgrowkit.com\/nl\/\",\"name\":\"DrGrowkit.com\",\"description\":\"\",\"potentialAction\":[{\"@type\":\"SearchAction\",\"target\":{\"@type\":\"EntryPoint\",\"urlTemplate\":\"https:\/\/drgrowkit.com\/nl\/?s={search_term_string}\"},\"query-input\":{\"@type\":\"PropertyValueSpecification\",\"valueRequired\":true,\"valueName\":\"search_term_string\"}}],\"inLanguage\":\"es\"}]}<\/script>\n<!-- \/ Yoast SEO Premium plugin. -->","yoast_head_json":{"title":"utopia truffles | Drgrowkit.com","description":"Order your Truffles before 4pm at Drgrowkit.com and we will send them the same day quickly and discreetly","robots":{"index":"index","follow":"follow","max-snippet":"max-snippet:-1","max-image-preview":"max-image-preview:large","max-video-preview":"max-video-preview:-1"},"canonical":"https:\/\/drgrowkit.com\/es\/magicstore\/utopia-truffles\/","og_locale":"es_ES","og_type":"article","og_title":"Utopia Magic Truffles","og_description":"Order your Truffles before 4pm at Drgrowkit.com and we will send them the same day quickly and discreetly","og_url":"https:\/\/drgrowkit.com\/es\/magicstore\/utopia-truffles\/","og_site_name":"DrGrowkit.com","article_modified_time":"2022-04-09T00:00:34+00:00","og_image":[{"width":340,"height":340,"url":"https:\/\/drgrowkit.com\/wp-content\/uploads\/2020\/09\/utopia-product.jpg","type":"image\/jpeg"}],"twitter_card":"summary_large_image","twitter_misc":{"Tiempo de lectura":"2 minutos"},"schema":{"@context":"https:\/\/schema.org","@graph":[{"@type":"WebPage","@id":"https:\/\/drgrowkit.com\/magicstore\/utopia-truffles\/","url":"https:\/\/drgrowkit.com\/magicstore\/utopia-truffles\/","name":"utopia truffles | Drgrowkit.com","isPartOf":{"@id":"https:\/\/drgrowkit.com\/nl\/#website"},"primaryImageOfPage":{"@id":"https:\/\/drgrowkit.com\/magicstore\/utopia-truffles\/#primaryimage"},"image":{"@id":"https:\/\/drgrowkit.com\/magicstore\/utopia-truffles\/#primaryimage"},"thumbnailUrl":"https:\/\/drgrowkit.com\/wp-content\/uploads\/2020\/09\/utopia-product.jpg","datePublished":"2020-09-21T17:42:53+00:00","dateModified":"2022-04-09T00:00:34+00:00","description":"Order your Truffles before 4pm at Drgrowkit.com and we will send them the same day quickly and discreetly","breadcrumb":{"@id":"https:\/\/drgrowkit.com\/magicstore\/utopia-truffles\/#breadcrumb"},"inLanguage":"es","potentialAction":[{"@type":"ReadAction","target":["https:\/\/drgrowkit.com\/magicstore\/utopia-truffles\/"]}]},{"@type":"ImageObject","inLanguage":"es","@id":"https:\/\/drgrowkit.com\/magicstore\/utopia-truffles\/#primaryimage","url":"https:\/\/drgrowkit.com\/wp-content\/uploads\/2020\/09\/utopia-product.jpg","contentUrl":"https:\/\/drgrowkit.com\/wp-content\/uploads\/2020\/09\/utopia-product.jpg","width":340,"height":340},{"@type":"BreadcrumbList","@id":"https:\/\/drgrowkit.com\/magicstore\/utopia-truffles\/#breadcrumb","itemListElement":[{"@type":"ListItem","position":1,"name":"Home","item":"https:\/\/drgrowkit.com\/"},{"@type":"ListItem","position":2,"name":"Shop","item":"https:\/\/drgrowkit.com\/pl\/magicstore\/"},{"@type":"ListItem","position":3,"name":"Utopia Magic Truffles"}]},{"@type":"WebSite","@id":"https:\/\/drgrowkit.com\/nl\/#website","url":"https:\/\/drgrowkit.com\/nl\/","name":"DrGrowkit.com","description":"","potentialAction":[{"@type":"SearchAction","target":{"@type":"EntryPoint","urlTemplate":"https:\/\/drgrowkit.com\/nl\/?s={search_term_string}"},"query-input":{"@type":"PropertyValueSpecification","valueRequired":true,"valueName":"search_term_string"}}],"inLanguage":"es"}]}},"_links":{"self":[{"href":"https:\/\/drgrowkit.com\/es\/wp-json\/wp\/v2\/product\/581"}],"collection":[{"href":"https:\/\/drgrowkit.com\/es\/wp-json\/wp\/v2\/product"}],"about":[{"href":"https:\/\/drgrowkit.com\/es\/wp-json\/wp\/v2\/types\/product"}],"replies":[{"embeddable":true,"href":"https:\/\/drgrowkit.com\/es\/wp-json\/wp\/v2\/comments?post=581"}],"wp:featuredmedia":[{"embeddable":true,"href":"https:\/\/drgrowkit.com\/es\/wp-json\/wp\/v2\/media\/805"}],"wp:attachment":[{"href":"https:\/\/drgrowkit.com\/es\/wp-json\/wp\/v2\/media?parent=581"}],"wp:term":[{"taxonomy":"product_cat","embeddable":true,"href":"https:\/\/drgrowkit.com\/es\/wp-json\/wp\/v2\/product_cat?post=581"},{"taxonomy":"product_tag","embeddable":true,"href":"https:\/\/drgrowkit.com\/es\/wp-json\/wp\/v2\/product_tag?post=581"}],"curies":[{"name":"wp","href":"https:\/\/api.w.org\/{rel}","templated":true}]}}