{"id":2142,"date":"2021-11-15T20:03:47","date_gmt":"2021-11-15T20:03:47","guid":{"rendered":"https:\/\/drgrowkit.com\/?post_type=product&#038;p=2142"},"modified":"2024-10-27T05:29:47","modified_gmt":"2024-10-27T05:29:47","slug":"maeng-da-white-poeder-mitragyna-speciosa-25-gram","status":"publish","type":"product","link":"https:\/\/drgrowkit.com\/es\/magicstore\/maeng-da-white-poeder-mitragyna-speciosa-25-gram\/","title":{"rendered":"Maeng Da White - Poeder - Mitragyna Speciosa 25 Gramos"},"content":{"rendered":"<p>El polvo blanco de Maeng Da es un estimulante cuando se utiliza en dosis bajas. Si quieres usarlo como relajante, tienes que usar m\u00e1s de tres gramos. El Kratom es conocido por energizarte pero tambi\u00e9n como antidepresivo. El kratom es originario de Asia y se utiliza desde hace miles de a\u00f1os. El Maeng Da blanco es conocido como uno de los kratoms m\u00e1s fuertes que existen.<\/p>\n<h2>\u00bfCu\u00e1les son los efectos del Maeng da white?<\/h2>\n<p>El polvo de Maeng Da White es un tipo de kratom que se puede utilizar de dos maneras. Puedes usarlo para sentirte m\u00e1s euf\u00f3rico pero tambi\u00e9n como relajante. En cantidades mayores (+3 gramos) se puede utilizar para calmar el dolor y como antidepresivo.<\/p>\n<h2>\u00bfC\u00f3mo se usa el kratom?<\/h2>\n<p>El kratom se puede utilizar de m\u00faltiples maneras. Puedes hacer con el polvo un t\u00e9 o mezclarlo con alimentos. Tambi\u00e9n puedes encapsular el polvo de kratom. De esta manera siempre sabr\u00e1s que tomas la cantidad adecuada para obtener los efectos deseados.<\/p>\n<h3>Advertencia<\/h3>\n<p>El kratom no debe usarse cuando:<\/p>\n<ul>\n<li>Utiliza ciertos medicamentos<\/li>\n<li>Cuando se usan antidepresivos<\/li>\n<li>Utilizar el alcohol<\/li>\n<li>En caso de embarazo o lactancia<\/li>\n<li>Cuando tenga problemas de salud<\/li>\n<\/ul>\n<p>Consulta siempre a un m\u00e9dico si no est\u00e1s seguro de poder consumir Kratom.<\/p>","protected":false},"excerpt":{"rendered":"<p>El polvo blanco de Maeng Da es un estimulante cuando se utiliza en dosis bajas. Si quieres usarlo como relajante, tienes que usar m\u00e1s de tres gramos. El Kratom es conocido por energizarte pero tambi\u00e9n como antidepresivo.<\/p>","protected":false},"featured_media":2143,"comment_status":"open","ping_status":"closed","template":"","meta":[],"product_cat":[54],"product_tag":[],"yoast_head":"<!-- This site is optimized with the Yoast SEO Premium plugin v24.5 (Yoast SEO v24.5) - https:\/\/yoast.com\/wordpress\/plugins\/seo\/ -->\n<title>Kratom Maeng Da White: Peak Clarity &amp; Energy | Drgrowkit.com<\/title>\n<meta name=\"description\" content=\"Tap into the revitalizing power of our Kratom Maeng Da White. Offering unparalleled clarity and energy. Discover excellence at Drgrowkit.com.\" \/>\n<meta name=\"robots\" content=\"index, follow, max-snippet:-1, max-image-preview:large, max-video-preview:-1\" \/>\n<link rel=\"canonical\" href=\"https:\/\/drgrowkit.com\/es\/magicstore\/maeng-da-white-poeder-mitragyna-speciosa-25-gram\/\" \/>\n<meta property=\"og:locale\" content=\"es_ES\" \/>\n<meta property=\"og:type\" content=\"article\" \/>\n<meta property=\"og:title\" content=\"Maeng Da White - Poeder - Mitragyna Speciosa 25 Gram\" \/>\n<meta property=\"og:description\" content=\"Tap into the revitalizing power of our Kratom Maeng Da White. Offering unparalleled clarity and energy. Discover excellence at Drgrowkit.com.\" \/>\n<meta property=\"og:url\" content=\"https:\/\/drgrowkit.com\/es\/magicstore\/maeng-da-white-poeder-mitragyna-speciosa-25-gram\/\" \/>\n<meta property=\"og:site_name\" content=\"DrGrowkit.com\" \/>\n<meta property=\"article:modified_time\" content=\"2024-10-27T05:29:47+00:00\" \/>\n<meta property=\"og:image\" content=\"https:\/\/drgrowkit.com\/wp-content\/uploads\/2021\/11\/maeng-da-white-poeder-mitragyna-speciosa-25-gram.jpg\" \/>\n\t<meta property=\"og:image:width\" content=\"500\" \/>\n\t<meta property=\"og:image:height\" content=\"500\" \/>\n\t<meta property=\"og:image:type\" content=\"image\/jpeg\" \/>\n<meta name=\"twitter:card\" content=\"summary_large_image\" \/>\n<meta name=\"twitter:label1\" content=\"Tiempo de lectura\" \/>\n\t<meta name=\"twitter:data1\" content=\"1 minuto\" \/>\n<script type=\"application\/ld+json\" class=\"yoast-schema-graph\">{\"@context\":\"https:\/\/schema.org\",\"@graph\":[{\"@type\":\"WebPage\",\"@id\":\"https:\/\/drgrowkit.com\/magicstore\/maeng-da-white-poeder-mitragyna-speciosa-25-gram\/\",\"url\":\"https:\/\/drgrowkit.com\/magicstore\/maeng-da-white-poeder-mitragyna-speciosa-25-gram\/\",\"name\":\"Kratom Maeng Da White: Peak Clarity & Energy | Drgrowkit.com\",\"isPartOf\":{\"@id\":\"https:\/\/drgrowkit.com\/nl\/#website\"},\"primaryImageOfPage\":{\"@id\":\"https:\/\/drgrowkit.com\/magicstore\/maeng-da-white-poeder-mitragyna-speciosa-25-gram\/#primaryimage\"},\"image\":{\"@id\":\"https:\/\/drgrowkit.com\/magicstore\/maeng-da-white-poeder-mitragyna-speciosa-25-gram\/#primaryimage\"},\"thumbnailUrl\":\"https:\/\/drgrowkit.com\/wp-content\/uploads\/2021\/11\/maeng-da-white-poeder-mitragyna-speciosa-25-gram.jpg\",\"datePublished\":\"2021-11-15T20:03:47+00:00\",\"dateModified\":\"2024-10-27T05:29:47+00:00\",\"description\":\"Tap into the revitalizing power of our Kratom Maeng Da White. Offering unparalleled clarity and energy. Discover excellence at Drgrowkit.com.\",\"breadcrumb\":{\"@id\":\"https:\/\/drgrowkit.com\/magicstore\/maeng-da-white-poeder-mitragyna-speciosa-25-gram\/#breadcrumb\"},\"inLanguage\":\"es\",\"potentialAction\":[{\"@type\":\"ReadAction\",\"target\":[\"https:\/\/drgrowkit.com\/magicstore\/maeng-da-white-poeder-mitragyna-speciosa-25-gram\/\"]}]},{\"@type\":\"ImageObject\",\"inLanguage\":\"es\",\"@id\":\"https:\/\/drgrowkit.com\/magicstore\/maeng-da-white-poeder-mitragyna-speciosa-25-gram\/#primaryimage\",\"url\":\"https:\/\/drgrowkit.com\/wp-content\/uploads\/2021\/11\/maeng-da-white-poeder-mitragyna-speciosa-25-gram.jpg\",\"contentUrl\":\"https:\/\/drgrowkit.com\/wp-content\/uploads\/2021\/11\/maeng-da-white-poeder-mitragyna-speciosa-25-gram.jpg\",\"width\":500,\"height\":500},{\"@type\":\"BreadcrumbList\",\"@id\":\"https:\/\/drgrowkit.com\/magicstore\/maeng-da-white-poeder-mitragyna-speciosa-25-gram\/#breadcrumb\",\"itemListElement\":[{\"@type\":\"ListItem\",\"position\":1,\"name\":\"Home\",\"item\":\"https:\/\/drgrowkit.com\/\"},{\"@type\":\"ListItem\",\"position\":2,\"name\":\"Shop\",\"item\":\"https:\/\/drgrowkit.com\/pl\/magicstore\/\"},{\"@type\":\"ListItem\",\"position\":3,\"name\":\"Maeng Da White &#8211; Poeder &#8211; Mitragyna Speciosa 25 Gram\"}]},{\"@type\":\"WebSite\",\"@id\":\"https:\/\/drgrowkit.com\/nl\/#website\",\"url\":\"https:\/\/drgrowkit.com\/nl\/\",\"name\":\"DrGrowkit.com\",\"description\":\"\",\"potentialAction\":[{\"@type\":\"SearchAction\",\"target\":{\"@type\":\"EntryPoint\",\"urlTemplate\":\"https:\/\/drgrowkit.com\/nl\/?s={search_term_string}\"},\"query-input\":{\"@type\":\"PropertyValueSpecification\",\"valueRequired\":true,\"valueName\":\"search_term_string\"}}],\"inLanguage\":\"es\"}]}<\/script>\n<!-- \/ Yoast SEO Premium plugin. -->","yoast_head_json":{"title":"Kratom Maeng Da White: Peak Clarity & Energy | Drgrowkit.com","description":"Tap into the revitalizing power of our Kratom Maeng Da White. Offering unparalleled clarity and energy. Discover excellence at Drgrowkit.com.","robots":{"index":"index","follow":"follow","max-snippet":"max-snippet:-1","max-image-preview":"max-image-preview:large","max-video-preview":"max-video-preview:-1"},"canonical":"https:\/\/drgrowkit.com\/es\/magicstore\/maeng-da-white-poeder-mitragyna-speciosa-25-gram\/","og_locale":"es_ES","og_type":"article","og_title":"Maeng Da White - Poeder - Mitragyna Speciosa 25 Gram","og_description":"Tap into the revitalizing power of our Kratom Maeng Da White. Offering unparalleled clarity and energy. Discover excellence at Drgrowkit.com.","og_url":"https:\/\/drgrowkit.com\/es\/magicstore\/maeng-da-white-poeder-mitragyna-speciosa-25-gram\/","og_site_name":"DrGrowkit.com","article_modified_time":"2024-10-27T05:29:47+00:00","og_image":[{"width":500,"height":500,"url":"https:\/\/drgrowkit.com\/wp-content\/uploads\/2021\/11\/maeng-da-white-poeder-mitragyna-speciosa-25-gram.jpg","type":"image\/jpeg"}],"twitter_card":"summary_large_image","twitter_misc":{"Tiempo de lectura":"1 minuto"},"schema":{"@context":"https:\/\/schema.org","@graph":[{"@type":"WebPage","@id":"https:\/\/drgrowkit.com\/magicstore\/maeng-da-white-poeder-mitragyna-speciosa-25-gram\/","url":"https:\/\/drgrowkit.com\/magicstore\/maeng-da-white-poeder-mitragyna-speciosa-25-gram\/","name":"Kratom Maeng Da White: Peak Clarity & Energy | Drgrowkit.com","isPartOf":{"@id":"https:\/\/drgrowkit.com\/nl\/#website"},"primaryImageOfPage":{"@id":"https:\/\/drgrowkit.com\/magicstore\/maeng-da-white-poeder-mitragyna-speciosa-25-gram\/#primaryimage"},"image":{"@id":"https:\/\/drgrowkit.com\/magicstore\/maeng-da-white-poeder-mitragyna-speciosa-25-gram\/#primaryimage"},"thumbnailUrl":"https:\/\/drgrowkit.com\/wp-content\/uploads\/2021\/11\/maeng-da-white-poeder-mitragyna-speciosa-25-gram.jpg","datePublished":"2021-11-15T20:03:47+00:00","dateModified":"2024-10-27T05:29:47+00:00","description":"Tap into the revitalizing power of our Kratom Maeng Da White. Offering unparalleled clarity and energy. Discover excellence at Drgrowkit.com.","breadcrumb":{"@id":"https:\/\/drgrowkit.com\/magicstore\/maeng-da-white-poeder-mitragyna-speciosa-25-gram\/#breadcrumb"},"inLanguage":"es","potentialAction":[{"@type":"ReadAction","target":["https:\/\/drgrowkit.com\/magicstore\/maeng-da-white-poeder-mitragyna-speciosa-25-gram\/"]}]},{"@type":"ImageObject","inLanguage":"es","@id":"https:\/\/drgrowkit.com\/magicstore\/maeng-da-white-poeder-mitragyna-speciosa-25-gram\/#primaryimage","url":"https:\/\/drgrowkit.com\/wp-content\/uploads\/2021\/11\/maeng-da-white-poeder-mitragyna-speciosa-25-gram.jpg","contentUrl":"https:\/\/drgrowkit.com\/wp-content\/uploads\/2021\/11\/maeng-da-white-poeder-mitragyna-speciosa-25-gram.jpg","width":500,"height":500},{"@type":"BreadcrumbList","@id":"https:\/\/drgrowkit.com\/magicstore\/maeng-da-white-poeder-mitragyna-speciosa-25-gram\/#breadcrumb","itemListElement":[{"@type":"ListItem","position":1,"name":"Home","item":"https:\/\/drgrowkit.com\/"},{"@type":"ListItem","position":2,"name":"Shop","item":"https:\/\/drgrowkit.com\/pl\/magicstore\/"},{"@type":"ListItem","position":3,"name":"Maeng Da White &#8211; Poeder &#8211; Mitragyna Speciosa 25 Gram"}]},{"@type":"WebSite","@id":"https:\/\/drgrowkit.com\/nl\/#website","url":"https:\/\/drgrowkit.com\/nl\/","name":"DrGrowkit.com","description":"","potentialAction":[{"@type":"SearchAction","target":{"@type":"EntryPoint","urlTemplate":"https:\/\/drgrowkit.com\/nl\/?s={search_term_string}"},"query-input":{"@type":"PropertyValueSpecification","valueRequired":true,"valueName":"search_term_string"}}],"inLanguage":"es"}]}},"_links":{"self":[{"href":"https:\/\/drgrowkit.com\/es\/wp-json\/wp\/v2\/product\/2142"}],"collection":[{"href":"https:\/\/drgrowkit.com\/es\/wp-json\/wp\/v2\/product"}],"about":[{"href":"https:\/\/drgrowkit.com\/es\/wp-json\/wp\/v2\/types\/product"}],"replies":[{"embeddable":true,"href":"https:\/\/drgrowkit.com\/es\/wp-json\/wp\/v2\/comments?post=2142"}],"wp:featuredmedia":[{"embeddable":true,"href":"https:\/\/drgrowkit.com\/es\/wp-json\/wp\/v2\/media\/2143"}],"wp:attachment":[{"href":"https:\/\/drgrowkit.com\/es\/wp-json\/wp\/v2\/media?parent=2142"}],"wp:term":[{"taxonomy":"product_cat","embeddable":true,"href":"https:\/\/drgrowkit.com\/es\/wp-json\/wp\/v2\/product_cat?post=2142"},{"taxonomy":"product_tag","embeddable":true,"href":"https:\/\/drgrowkit.com\/es\/wp-json\/wp\/v2\/product_tag?post=2142"}],"curies":[{"name":"wp","href":"https:\/\/api.w.org\/{rel}","templated":true}]}}