{"id":588,"date":"2020-09-21T17:50:02","date_gmt":"2020-09-21T17:50:02","guid":{"rendered":"https:\/\/drgrowkit.com\/?post_type=product&#038;p=588"},"modified":"2023-12-13T15:42:56","modified_gmt":"2023-12-13T15:42:56","slug":"jalisco-truffles","status":"publish","type":"product","link":"https:\/\/drgrowkit.com\/de\/magicstore\/jalisco-truffles\/","title":{"rendered":"Jalisco Magische Tr\u00fcffel"},"content":{"rendered":"<h2>Die Wirkung der Jalisco-Tr\u00fcffel<\/h2>\n<p>Dies ist Tr\u00fcffel geeignet f\u00fcr erfahrene Benutzer. Du wirst Halluzinationen bekommen, Lachkr\u00e4mpfe haben und Du k\u00f6nntest erleben, dass Farben heller sein k\u00f6nnten. Der Trip dauert bis zu sechs Stunden und die ersten Effekte treten nach etwa 45 Minuten ein. Halluzinationen treten nur auf, wenn Sie hohe Mengen dieses magischen Tr\u00fcffels konsumieren.<\/p>\n<h2>Wie viel von dem Jalisco-Tr\u00fcffel sollte ich verzehren?<\/h2>\n<p>Es gibt verschiedene Arten von Trips, die Sie erleben k\u00f6nnen. Sie k\u00f6nnten milde Effekte, starke Effekte und extreme Effekte haben. Der Jalisco-Tr\u00fcffel ist f\u00fcr 25 Gramm verpackt. Wenn Sie einen extremen Trip wollen, sollten Sie 25 Gramm verwenden. Wenn Sie einen milden Trip wollen, k\u00f6nnten Sie 10 Gramm des Jalisco-Tr\u00fcffels konsumieren. Sie k\u00f6nnten auch einen Tee aus magischen Tr\u00fcffeln zubereiten. Lassen Sie den Tee auf keinen Fall kochen. Lassen Sie nicht einmal die Temperatur des Wassers \u00fcber 70 Grad Celsius steigen. Wenn Sie den magischen Tr\u00fcffel \u00fcber dieser Temperatur kochen, nimmt die psychoaktive Wirkung des magischen Tr\u00fcffels ab. Wenn Sie einen Tee aus dem Tr\u00fcffel zubereiten wollen, sollten Sie etwa 10 bis 25 Gramm verwenden.<\/p>\n<h2>Wie man sich auf eine Tr\u00fcffelreise vorbereitet<\/h2>\n<p>Wenn Sie magische Tr\u00fcffel verwenden wollen, sollten Sie sicherstellen, dass Sie sich in einer vertrauten Umgebung befinden. Es ist sehr wichtig, dass Sie w\u00e4hrend der Reise entspannt bleiben. Wenn die Wirkung des magischen Tr\u00fcffels zu stark ist, k\u00f6nnten Sie auch einen Tripstopper verwenden. Dies k\u00f6nnte helfen, wenn Sie einen schlechten Trip haben. Sie k\u00f6nnten auch einen Freund bitten, n\u00fcchtern zu bleiben. Er\/Sie k\u00f6nnte Ihnen helfen, sich zu entspannen, sobald Sie einen schlechten Trip haben.<\/p>\n<h2>Wie man Jalisco-Magie-Tr\u00fcffel aufbewahrt<\/h2>\n<p>Sie k\u00f6nnen magische Tr\u00fcffel im K\u00fchlschrank aufbewahren. Die ideale Temperatur sollte zwischen zwei und vier Grad Celsius liegen. Die Tr\u00fcffel k\u00f6nnen verfallen, warten Sie also nicht zu lange mit dem Kauf von Zaubertr\u00fcffeln.<\/p>","protected":false},"excerpt":{"rendered":"<p>Der Jalisco-Zaubertr\u00fcffel ist einer der neueren Tr\u00fcffel. Dieser Tr\u00fcffel ist perfekt f\u00fcr den erfahreneren Tr\u00fcffel- und Zauberpilznutzer. Dieser magische Tr\u00fcffel wird Ihnen intensive Eindr\u00fccke vermitteln. Dieser Tr\u00fcffel stammt urspr\u00fcnglich aus Mexiko. Dieser Tr\u00fcffel wird schon seit Jahrhunderten von der Maya-Bev\u00f6lkerung verwendet.<\/p>","protected":false},"featured_media":760,"comment_status":"open","ping_status":"closed","template":"","meta":[],"product_cat":[21],"product_tag":[],"yoast_head":"<!-- This site is optimized with the Yoast SEO Premium plugin v24.5 (Yoast SEO v24.5) - https:\/\/yoast.com\/wordpress\/plugins\/seo\/ -->\n<title>jalisco truffles | Drgrowkit.com<\/title>\n<meta name=\"description\" content=\"This is truffle suitable for experienced users. You will get hallucinations, have laughing kicks and you might experience beautiful colours\" \/>\n<meta name=\"robots\" content=\"index, follow, max-snippet:-1, max-image-preview:large, max-video-preview:-1\" \/>\n<link rel=\"canonical\" href=\"https:\/\/drgrowkit.com\/de\/magicstore\/jalisco-truffles\/\" \/>\n<meta property=\"og:locale\" content=\"de_DE\" \/>\n<meta property=\"og:type\" content=\"article\" \/>\n<meta property=\"og:title\" content=\"Jalisco Magic Truffles\" \/>\n<meta property=\"og:description\" content=\"This is truffle suitable for experienced users. You will get hallucinations, have laughing kicks and you might experience beautiful colours\" \/>\n<meta property=\"og:url\" content=\"https:\/\/drgrowkit.com\/de\/magicstore\/jalisco-truffles\/\" \/>\n<meta property=\"og:site_name\" content=\"DrGrowkit.com\" \/>\n<meta property=\"article:modified_time\" content=\"2023-12-13T15:42:56+00:00\" \/>\n<meta property=\"og:image\" content=\"https:\/\/drgrowkit.com\/wp-content\/uploads\/2020\/09\/Naamloos-6.jpg\" \/>\n\t<meta property=\"og:image:width\" content=\"500\" \/>\n\t<meta property=\"og:image:height\" content=\"500\" \/>\n\t<meta property=\"og:image:type\" content=\"image\/jpeg\" \/>\n<meta name=\"twitter:card\" content=\"summary_large_image\" \/>\n<meta name=\"twitter:label1\" content=\"Gesch\u00e4tzte Lesezeit\" \/>\n\t<meta name=\"twitter:data1\" content=\"2\u00a0Minuten\" \/>\n<script type=\"application\/ld+json\" class=\"yoast-schema-graph\">{\"@context\":\"https:\/\/schema.org\",\"@graph\":[{\"@type\":\"WebPage\",\"@id\":\"https:\/\/drgrowkit.com\/magicstore\/jalisco-truffles\/\",\"url\":\"https:\/\/drgrowkit.com\/magicstore\/jalisco-truffles\/\",\"name\":\"jalisco truffles | Drgrowkit.com\",\"isPartOf\":{\"@id\":\"https:\/\/drgrowkit.com\/nl\/#website\"},\"primaryImageOfPage\":{\"@id\":\"https:\/\/drgrowkit.com\/magicstore\/jalisco-truffles\/#primaryimage\"},\"image\":{\"@id\":\"https:\/\/drgrowkit.com\/magicstore\/jalisco-truffles\/#primaryimage\"},\"thumbnailUrl\":\"https:\/\/drgrowkit.com\/wp-content\/uploads\/2020\/09\/Naamloos-6.jpg\",\"datePublished\":\"2020-09-21T17:50:02+00:00\",\"dateModified\":\"2023-12-13T15:42:56+00:00\",\"description\":\"This is truffle suitable for experienced users. You will get hallucinations, have laughing kicks and you might experience beautiful colours\",\"breadcrumb\":{\"@id\":\"https:\/\/drgrowkit.com\/magicstore\/jalisco-truffles\/#breadcrumb\"},\"inLanguage\":\"de\",\"potentialAction\":[{\"@type\":\"ReadAction\",\"target\":[\"https:\/\/drgrowkit.com\/magicstore\/jalisco-truffles\/\"]}]},{\"@type\":\"ImageObject\",\"inLanguage\":\"de\",\"@id\":\"https:\/\/drgrowkit.com\/magicstore\/jalisco-truffles\/#primaryimage\",\"url\":\"https:\/\/drgrowkit.com\/wp-content\/uploads\/2020\/09\/Naamloos-6.jpg\",\"contentUrl\":\"https:\/\/drgrowkit.com\/wp-content\/uploads\/2020\/09\/Naamloos-6.jpg\",\"width\":500,\"height\":500},{\"@type\":\"BreadcrumbList\",\"@id\":\"https:\/\/drgrowkit.com\/magicstore\/jalisco-truffles\/#breadcrumb\",\"itemListElement\":[{\"@type\":\"ListItem\",\"position\":1,\"name\":\"Home\",\"item\":\"https:\/\/drgrowkit.com\/\"},{\"@type\":\"ListItem\",\"position\":2,\"name\":\"Shop\",\"item\":\"https:\/\/drgrowkit.com\/pl\/magicstore\/\"},{\"@type\":\"ListItem\",\"position\":3,\"name\":\"Jalisco Magic Truffles\"}]},{\"@type\":\"WebSite\",\"@id\":\"https:\/\/drgrowkit.com\/nl\/#website\",\"url\":\"https:\/\/drgrowkit.com\/nl\/\",\"name\":\"DrGrowkit.com\",\"description\":\"\",\"potentialAction\":[{\"@type\":\"SearchAction\",\"target\":{\"@type\":\"EntryPoint\",\"urlTemplate\":\"https:\/\/drgrowkit.com\/nl\/?s={search_term_string}\"},\"query-input\":{\"@type\":\"PropertyValueSpecification\",\"valueRequired\":true,\"valueName\":\"search_term_string\"}}],\"inLanguage\":\"de\"}]}<\/script>\n<!-- \/ Yoast SEO Premium plugin. -->","yoast_head_json":{"title":"jalisco truffles | Drgrowkit.com","description":"This is truffle suitable for experienced users. You will get hallucinations, have laughing kicks and you might experience beautiful colours","robots":{"index":"index","follow":"follow","max-snippet":"max-snippet:-1","max-image-preview":"max-image-preview:large","max-video-preview":"max-video-preview:-1"},"canonical":"https:\/\/drgrowkit.com\/de\/magicstore\/jalisco-truffles\/","og_locale":"de_DE","og_type":"article","og_title":"Jalisco Magic Truffles","og_description":"This is truffle suitable for experienced users. You will get hallucinations, have laughing kicks and you might experience beautiful colours","og_url":"https:\/\/drgrowkit.com\/de\/magicstore\/jalisco-truffles\/","og_site_name":"DrGrowkit.com","article_modified_time":"2023-12-13T15:42:56+00:00","og_image":[{"width":500,"height":500,"url":"https:\/\/drgrowkit.com\/wp-content\/uploads\/2020\/09\/Naamloos-6.jpg","type":"image\/jpeg"}],"twitter_card":"summary_large_image","twitter_misc":{"Gesch\u00e4tzte Lesezeit":"2\u00a0Minuten"},"schema":{"@context":"https:\/\/schema.org","@graph":[{"@type":"WebPage","@id":"https:\/\/drgrowkit.com\/magicstore\/jalisco-truffles\/","url":"https:\/\/drgrowkit.com\/magicstore\/jalisco-truffles\/","name":"jalisco truffles | Drgrowkit.com","isPartOf":{"@id":"https:\/\/drgrowkit.com\/nl\/#website"},"primaryImageOfPage":{"@id":"https:\/\/drgrowkit.com\/magicstore\/jalisco-truffles\/#primaryimage"},"image":{"@id":"https:\/\/drgrowkit.com\/magicstore\/jalisco-truffles\/#primaryimage"},"thumbnailUrl":"https:\/\/drgrowkit.com\/wp-content\/uploads\/2020\/09\/Naamloos-6.jpg","datePublished":"2020-09-21T17:50:02+00:00","dateModified":"2023-12-13T15:42:56+00:00","description":"This is truffle suitable for experienced users. You will get hallucinations, have laughing kicks and you might experience beautiful colours","breadcrumb":{"@id":"https:\/\/drgrowkit.com\/magicstore\/jalisco-truffles\/#breadcrumb"},"inLanguage":"de","potentialAction":[{"@type":"ReadAction","target":["https:\/\/drgrowkit.com\/magicstore\/jalisco-truffles\/"]}]},{"@type":"ImageObject","inLanguage":"de","@id":"https:\/\/drgrowkit.com\/magicstore\/jalisco-truffles\/#primaryimage","url":"https:\/\/drgrowkit.com\/wp-content\/uploads\/2020\/09\/Naamloos-6.jpg","contentUrl":"https:\/\/drgrowkit.com\/wp-content\/uploads\/2020\/09\/Naamloos-6.jpg","width":500,"height":500},{"@type":"BreadcrumbList","@id":"https:\/\/drgrowkit.com\/magicstore\/jalisco-truffles\/#breadcrumb","itemListElement":[{"@type":"ListItem","position":1,"name":"Home","item":"https:\/\/drgrowkit.com\/"},{"@type":"ListItem","position":2,"name":"Shop","item":"https:\/\/drgrowkit.com\/pl\/magicstore\/"},{"@type":"ListItem","position":3,"name":"Jalisco Magic Truffles"}]},{"@type":"WebSite","@id":"https:\/\/drgrowkit.com\/nl\/#website","url":"https:\/\/drgrowkit.com\/nl\/","name":"DrGrowkit.com","description":"","potentialAction":[{"@type":"SearchAction","target":{"@type":"EntryPoint","urlTemplate":"https:\/\/drgrowkit.com\/nl\/?s={search_term_string}"},"query-input":{"@type":"PropertyValueSpecification","valueRequired":true,"valueName":"search_term_string"}}],"inLanguage":"de"}]}},"_links":{"self":[{"href":"https:\/\/drgrowkit.com\/de\/wp-json\/wp\/v2\/product\/588"}],"collection":[{"href":"https:\/\/drgrowkit.com\/de\/wp-json\/wp\/v2\/product"}],"about":[{"href":"https:\/\/drgrowkit.com\/de\/wp-json\/wp\/v2\/types\/product"}],"replies":[{"embeddable":true,"href":"https:\/\/drgrowkit.com\/de\/wp-json\/wp\/v2\/comments?post=588"}],"wp:featuredmedia":[{"embeddable":true,"href":"https:\/\/drgrowkit.com\/de\/wp-json\/wp\/v2\/media\/760"}],"wp:attachment":[{"href":"https:\/\/drgrowkit.com\/de\/wp-json\/wp\/v2\/media?parent=588"}],"wp:term":[{"taxonomy":"product_cat","embeddable":true,"href":"https:\/\/drgrowkit.com\/de\/wp-json\/wp\/v2\/product_cat?post=588"},{"taxonomy":"product_tag","embeddable":true,"href":"https:\/\/drgrowkit.com\/de\/wp-json\/wp\/v2\/product_tag?post=588"}],"curies":[{"name":"wp","href":"https:\/\/api.w.org\/{rel}","templated":true}]}}