{"id":581,"date":"2020-09-21T17:42:53","date_gmt":"2020-09-21T17:42:53","guid":{"rendered":"https:\/\/drgrowkit.com\/?post_type=product&#038;p=581"},"modified":"2022-04-09T00:00:34","modified_gmt":"2022-04-09T00:00:34","slug":"utopia-truffles","status":"publish","type":"product","link":"https:\/\/drgrowkit.com\/de\/magicstore\/utopia-truffles\/","title":{"rendered":"Utopia Magische Tr\u00fcffel"},"content":{"rendered":"<h2>Die Wirkung des Utopia-Zaubertr\u00fcffels<\/h2>\n<p>Dies ist ein sehr starker Tr\u00fcffel. Seien Sie bereit f\u00fcr einen sehr intensiven, visuellen und spektakul\u00e4ren Trip. Du wirst eine au\u00dferk\u00f6rperliche Erfahrung erleben und Dich und Deine Welt erkunden. Sie erleben einige sehr intensive Halluzinationen und k\u00f6nnen \u00fcber Erleuchtung sprechen. Sie werden in der Lage sein zu wissen, was im Leben wichtig ist und was Ihnen wichtig ist. F\u00fcr eine vollst\u00e4ndige Erfahrung k\u00f6nnen Sie etwa 15 Gramm konsumieren. Auch wenn 7,5 Gramm f\u00fcr einen einfachen Trip ausreichen. In beiden F\u00e4llen ist der Trip sehr intensiv und setzt nach 45 Minuten nach dem Konsum ein. Sie k\u00f6nnen die Tr\u00fcffel essen und einen Tee daraus machen. Wenn Du die Tr\u00fcffel isst, ist es sehr wichtig, so lange wie m\u00f6glich darauf zu kauen, um die maximale Wirkung zu erzielen. Sie k\u00f6nnen auch einen Tee aus Tr\u00fcffeln zubereiten. Erhitzen Sie Wasser auf 70 Grad Celsius und f\u00fcgen Sie magische Tr\u00fcffel hinzu. Warten Sie 20 Minuten und es ist bereit f\u00fcr den Verzehr.<\/p>\n<h2>Bereiten Sie sich auf eine intensive Reise vor<\/h2>\n<p>Die Reise mit dem Utopia Magic Truffle ist sehr intensiv. Sie sollten auf eine intensive Reise vorbereitet sein. Deshalb m\u00fcssen Sie sich vorbereiten. F\u00fcr manche Menschen kann eine Reise mit dem Utopia-Zaubertr\u00fcffel zu intensiv sein. In diesem Fall ist es sehr wichtig, sich vorzubereiten, um einen schlechten Trip zu verhindern. Bitten Sie einen Freund, n\u00fcchtern zu bleiben. Sie k\u00f6nnen Ihnen helfen, falls Sie einen schlechten Trip haben. Sie k\u00f6nnen Ihnen sagen, dass alles vorbei sein wird und dass es nicht real ist. Sie k\u00f6nnen auch einen Tripstopper verwenden. Dieser kann im Falle eines schlechten Trips verwendet werden.<\/p>\n<h2>So lagern Sie Utopia Magic Tr\u00fcffel<\/h2>\n<p>Sie k\u00f6nnen Utopia magic truffles im K\u00fchlschrank zwischen zwei und vier Grad Celsius lagern. Magische Tr\u00fcffel k\u00f6nnen am besten verzehrt werden, sobald Sie Ihr Paket erhalten. Es gibt ein Verfallsdatum f\u00fcr unsere Tr\u00fcffel, bitte \u00fcberpr\u00fcfen Sie vor dem Verzehr das Verfallsdatum.<\/p>","protected":false},"excerpt":{"rendered":"<p>Der Utopia Magic Tr\u00fcffel ist sehr stark. Sie k\u00f6nnen sich vor Lachen \u00fcberschlagen und einige sehr starke visuelle Effekte bekommen. Sie k\u00f6nnen auch halluzinieren. Dieser spektakul\u00e4re Trip ist nur f\u00fcr sehr erfahrene Nutzer geeignet. Das liegt vor allem daran, dass dieser Tr\u00fcffel hohe Mengen an psychoaktiven Substanzen enth\u00e4lt.<\/p>","protected":false},"featured_media":805,"comment_status":"open","ping_status":"closed","template":"","meta":[],"product_cat":[21],"product_tag":[],"yoast_head":"<!-- This site is optimized with the Yoast SEO Premium plugin v24.5 (Yoast SEO v24.5) - https:\/\/yoast.com\/wordpress\/plugins\/seo\/ -->\n<title>utopia truffles | Drgrowkit.com<\/title>\n<meta name=\"description\" content=\"Order your Truffles before 4pm at Drgrowkit.com and we will send them the same day quickly and discreetly\" \/>\n<meta name=\"robots\" content=\"index, follow, max-snippet:-1, max-image-preview:large, max-video-preview:-1\" \/>\n<link rel=\"canonical\" href=\"https:\/\/drgrowkit.com\/de\/magicstore\/utopia-truffles\/\" \/>\n<meta property=\"og:locale\" content=\"de_DE\" \/>\n<meta property=\"og:type\" content=\"article\" \/>\n<meta property=\"og:title\" content=\"Utopia Magic Truffles\" \/>\n<meta property=\"og:description\" content=\"Order your Truffles before 4pm at Drgrowkit.com and we will send them the same day quickly and discreetly\" \/>\n<meta property=\"og:url\" content=\"https:\/\/drgrowkit.com\/de\/magicstore\/utopia-truffles\/\" \/>\n<meta property=\"og:site_name\" content=\"DrGrowkit.com\" \/>\n<meta property=\"article:modified_time\" content=\"2022-04-09T00:00:34+00:00\" \/>\n<meta property=\"og:image\" content=\"https:\/\/drgrowkit.com\/wp-content\/uploads\/2020\/09\/utopia-product.jpg\" \/>\n\t<meta property=\"og:image:width\" content=\"340\" \/>\n\t<meta property=\"og:image:height\" content=\"340\" \/>\n\t<meta property=\"og:image:type\" content=\"image\/jpeg\" \/>\n<meta name=\"twitter:card\" content=\"summary_large_image\" \/>\n<meta name=\"twitter:label1\" content=\"Gesch\u00e4tzte Lesezeit\" \/>\n\t<meta name=\"twitter:data1\" content=\"2\u00a0Minuten\" \/>\n<script type=\"application\/ld+json\" class=\"yoast-schema-graph\">{\"@context\":\"https:\/\/schema.org\",\"@graph\":[{\"@type\":\"WebPage\",\"@id\":\"https:\/\/drgrowkit.com\/magicstore\/utopia-truffles\/\",\"url\":\"https:\/\/drgrowkit.com\/magicstore\/utopia-truffles\/\",\"name\":\"utopia truffles | Drgrowkit.com\",\"isPartOf\":{\"@id\":\"https:\/\/drgrowkit.com\/nl\/#website\"},\"primaryImageOfPage\":{\"@id\":\"https:\/\/drgrowkit.com\/magicstore\/utopia-truffles\/#primaryimage\"},\"image\":{\"@id\":\"https:\/\/drgrowkit.com\/magicstore\/utopia-truffles\/#primaryimage\"},\"thumbnailUrl\":\"https:\/\/drgrowkit.com\/wp-content\/uploads\/2020\/09\/utopia-product.jpg\",\"datePublished\":\"2020-09-21T17:42:53+00:00\",\"dateModified\":\"2022-04-09T00:00:34+00:00\",\"description\":\"Order your Truffles before 4pm at Drgrowkit.com and we will send them the same day quickly and discreetly\",\"breadcrumb\":{\"@id\":\"https:\/\/drgrowkit.com\/magicstore\/utopia-truffles\/#breadcrumb\"},\"inLanguage\":\"de\",\"potentialAction\":[{\"@type\":\"ReadAction\",\"target\":[\"https:\/\/drgrowkit.com\/magicstore\/utopia-truffles\/\"]}]},{\"@type\":\"ImageObject\",\"inLanguage\":\"de\",\"@id\":\"https:\/\/drgrowkit.com\/magicstore\/utopia-truffles\/#primaryimage\",\"url\":\"https:\/\/drgrowkit.com\/wp-content\/uploads\/2020\/09\/utopia-product.jpg\",\"contentUrl\":\"https:\/\/drgrowkit.com\/wp-content\/uploads\/2020\/09\/utopia-product.jpg\",\"width\":340,\"height\":340},{\"@type\":\"BreadcrumbList\",\"@id\":\"https:\/\/drgrowkit.com\/magicstore\/utopia-truffles\/#breadcrumb\",\"itemListElement\":[{\"@type\":\"ListItem\",\"position\":1,\"name\":\"Home\",\"item\":\"https:\/\/drgrowkit.com\/\"},{\"@type\":\"ListItem\",\"position\":2,\"name\":\"Shop\",\"item\":\"https:\/\/drgrowkit.com\/pl\/magicstore\/\"},{\"@type\":\"ListItem\",\"position\":3,\"name\":\"Utopia Magic Truffles\"}]},{\"@type\":\"WebSite\",\"@id\":\"https:\/\/drgrowkit.com\/nl\/#website\",\"url\":\"https:\/\/drgrowkit.com\/nl\/\",\"name\":\"DrGrowkit.com\",\"description\":\"\",\"potentialAction\":[{\"@type\":\"SearchAction\",\"target\":{\"@type\":\"EntryPoint\",\"urlTemplate\":\"https:\/\/drgrowkit.com\/nl\/?s={search_term_string}\"},\"query-input\":{\"@type\":\"PropertyValueSpecification\",\"valueRequired\":true,\"valueName\":\"search_term_string\"}}],\"inLanguage\":\"de\"}]}<\/script>\n<!-- \/ Yoast SEO Premium plugin. -->","yoast_head_json":{"title":"utopia truffles | Drgrowkit.com","description":"Order your Truffles before 4pm at Drgrowkit.com and we will send them the same day quickly and discreetly","robots":{"index":"index","follow":"follow","max-snippet":"max-snippet:-1","max-image-preview":"max-image-preview:large","max-video-preview":"max-video-preview:-1"},"canonical":"https:\/\/drgrowkit.com\/de\/magicstore\/utopia-truffles\/","og_locale":"de_DE","og_type":"article","og_title":"Utopia Magic Truffles","og_description":"Order your Truffles before 4pm at Drgrowkit.com and we will send them the same day quickly and discreetly","og_url":"https:\/\/drgrowkit.com\/de\/magicstore\/utopia-truffles\/","og_site_name":"DrGrowkit.com","article_modified_time":"2022-04-09T00:00:34+00:00","og_image":[{"width":340,"height":340,"url":"https:\/\/drgrowkit.com\/wp-content\/uploads\/2020\/09\/utopia-product.jpg","type":"image\/jpeg"}],"twitter_card":"summary_large_image","twitter_misc":{"Gesch\u00e4tzte Lesezeit":"2\u00a0Minuten"},"schema":{"@context":"https:\/\/schema.org","@graph":[{"@type":"WebPage","@id":"https:\/\/drgrowkit.com\/magicstore\/utopia-truffles\/","url":"https:\/\/drgrowkit.com\/magicstore\/utopia-truffles\/","name":"utopia truffles | Drgrowkit.com","isPartOf":{"@id":"https:\/\/drgrowkit.com\/nl\/#website"},"primaryImageOfPage":{"@id":"https:\/\/drgrowkit.com\/magicstore\/utopia-truffles\/#primaryimage"},"image":{"@id":"https:\/\/drgrowkit.com\/magicstore\/utopia-truffles\/#primaryimage"},"thumbnailUrl":"https:\/\/drgrowkit.com\/wp-content\/uploads\/2020\/09\/utopia-product.jpg","datePublished":"2020-09-21T17:42:53+00:00","dateModified":"2022-04-09T00:00:34+00:00","description":"Order your Truffles before 4pm at Drgrowkit.com and we will send them the same day quickly and discreetly","breadcrumb":{"@id":"https:\/\/drgrowkit.com\/magicstore\/utopia-truffles\/#breadcrumb"},"inLanguage":"de","potentialAction":[{"@type":"ReadAction","target":["https:\/\/drgrowkit.com\/magicstore\/utopia-truffles\/"]}]},{"@type":"ImageObject","inLanguage":"de","@id":"https:\/\/drgrowkit.com\/magicstore\/utopia-truffles\/#primaryimage","url":"https:\/\/drgrowkit.com\/wp-content\/uploads\/2020\/09\/utopia-product.jpg","contentUrl":"https:\/\/drgrowkit.com\/wp-content\/uploads\/2020\/09\/utopia-product.jpg","width":340,"height":340},{"@type":"BreadcrumbList","@id":"https:\/\/drgrowkit.com\/magicstore\/utopia-truffles\/#breadcrumb","itemListElement":[{"@type":"ListItem","position":1,"name":"Home","item":"https:\/\/drgrowkit.com\/"},{"@type":"ListItem","position":2,"name":"Shop","item":"https:\/\/drgrowkit.com\/pl\/magicstore\/"},{"@type":"ListItem","position":3,"name":"Utopia Magic Truffles"}]},{"@type":"WebSite","@id":"https:\/\/drgrowkit.com\/nl\/#website","url":"https:\/\/drgrowkit.com\/nl\/","name":"DrGrowkit.com","description":"","potentialAction":[{"@type":"SearchAction","target":{"@type":"EntryPoint","urlTemplate":"https:\/\/drgrowkit.com\/nl\/?s={search_term_string}"},"query-input":{"@type":"PropertyValueSpecification","valueRequired":true,"valueName":"search_term_string"}}],"inLanguage":"de"}]}},"_links":{"self":[{"href":"https:\/\/drgrowkit.com\/de\/wp-json\/wp\/v2\/product\/581"}],"collection":[{"href":"https:\/\/drgrowkit.com\/de\/wp-json\/wp\/v2\/product"}],"about":[{"href":"https:\/\/drgrowkit.com\/de\/wp-json\/wp\/v2\/types\/product"}],"replies":[{"embeddable":true,"href":"https:\/\/drgrowkit.com\/de\/wp-json\/wp\/v2\/comments?post=581"}],"wp:featuredmedia":[{"embeddable":true,"href":"https:\/\/drgrowkit.com\/de\/wp-json\/wp\/v2\/media\/805"}],"wp:attachment":[{"href":"https:\/\/drgrowkit.com\/de\/wp-json\/wp\/v2\/media?parent=581"}],"wp:term":[{"taxonomy":"product_cat","embeddable":true,"href":"https:\/\/drgrowkit.com\/de\/wp-json\/wp\/v2\/product_cat?post=581"},{"taxonomy":"product_tag","embeddable":true,"href":"https:\/\/drgrowkit.com\/de\/wp-json\/wp\/v2\/product_tag?post=581"}],"curies":[{"name":"wp","href":"https:\/\/api.w.org\/{rel}","templated":true}]}}