{"id":548,"date":"2020-09-02T11:44:04","date_gmt":"2020-09-02T11:44:04","guid":{"rendered":"https:\/\/drgrowkit.com\/?post_type=product&#038;p=548"},"modified":"2024-04-17T19:54:05","modified_gmt":"2024-04-17T19:54:05","slug":"100-mycelium-golden-teacher-mushroom-growkit","status":"publish","type":"product","link":"https:\/\/drgrowkit.com\/de\/magicstore\/100-mycelium-golden-teacher-mushroom-growkit\/","title":{"rendered":"100% MYCELIUM Golden Teacher - Pilz-Zuchtset"},"content":{"rendered":"<h3>Was sind die Wirkungen des Goldenen Lehrers Pilz?<\/h3>\n<p>Dieser magische Pilz wird Ihnen einige Halluzinationen bescheren. Ihre Sinne sind sch\u00e4rfer und Sie k\u00f6nnten einige Ver\u00e4nderungen in Ihrer Wahrnehmung von Zeit und Raum erleben. W\u00e4hrend einiger Halluzinationen, k\u00f6nnen Sie etwas Neues \u00fcber sich selbst erfahren. Es ist sehr wichtig, diesen Pilz richtig zu dosieren, da ein Trip bis zu acht Stunden dauern kann. F\u00fcr diesen Pilz wird empfohlen, 12 Gramm frische Pilze f\u00fcr einen leichten Trip und 24 Gramm f\u00fcr einen intensiven Trip zu konsumieren.<\/p>\n<h3>Seien Sie vorbereitet, wenn Sie auf einen Trip mit Magic Mushrooms gehen<\/h3>\n<p>Dieser magische Pilz kann Halluzinationen verursachen. Es ist daher wichtig, vorbereitet zu sein, wenn ein Trip zu intensiv wird. Stellen Sie sicher, dass Sie sich in einer vertrauten Umgebung befinden. Dies wird die Wirkung des Magic Mushrooms abschw\u00e4chen. Wenn ein Trip zu intensiv wird und Du einen schlechten Trip bekommst, kannst Du einen Tripstopper verwenden. Dieser Tripstopper mildert den schlechten Trip. Du kannst auch einen Freund bitten, n\u00fcchtern zu bleiben und w\u00e4hrend des Trips bei Dir zu bleiben. Er\/Sie wird Tripsitter genannt. Er oder sie kann Sie tr\u00f6sten, sobald Sie einen schlechten Trip haben.<\/p>\n<h3>Was sind die Inhalte des 100% MYCELIUM Golden Teacher - Mushroom Growkit<\/h3>\n<p>Dieses Growkit enth\u00e4lt alles, was Sie brauchen, um den Golden Teacher Magic Mushroom anzubauen. In nur zwei Wochen k\u00f6nnen Sie erfolgreich Magic Mushrooms anbauen. Eine Ernte dieses Growkits liegt bei etwa 500 bis 800 Gramm pro Ernte. Dieses Kit kann bis zu f\u00fcnf Mal verwendet werden, wenn Sie hygienisch arbeiten. Bei Magic Mushrooms ist es sehr wichtig, Handschuhe und einen Mundschutz zu tragen, um eine Kontamination zu vermeiden. Dieses Growkit enth\u00e4lt die folgenden Artikel<\/p>\n<ul>\n<li>Cubensis Goldener Lehrer<\/li>\n<li>Growkit<\/li>\n<li>Growbag mit Mikro-Perforation<\/li>\n<li>B\u00fcroklammer<\/li>\n<\/ul>\n<p>Dieses Growkit hat eine Anleitung. Folgen Sie einfach den Schritten und Sie werden erfolgreich Magic Mushrooms zu Hause z\u00fcchten!<\/p>\n<ol>\n<li>Nehmen Sie das Grow-Kit, die Plastikt\u00fcte und die B\u00fcroklammer aus dem Karton. Entfernen Sie den Deckel vom Growkit (bewahren Sie den Deckel gut auf). Sp\u00fclen Sie den Deckel unter flie\u00dfendem Wasser ab. Sie werden ihn sp\u00e4ter noch ben\u00f6tigen.<\/li>\n<li>Legen Sie das Grow-Kit ohne den Deckel in den mitgelieferten Plastikbeutel. Schieben Sie die \u00d6ffnung des Beutels unter den Boden, wobei die Mikroperforation nach oben zeigt. Die \u00d6ffnung des Beutels ist nun weitgehend verschlossen.<\/li>\n<li>Ab dem Moment, in dem Sie kleine Nadeln wachsen sehen, k\u00f6nnen Sie den Beutel aufrecht stellen. W\u00e4ssern Sie nicht. Die ersten Pilze werden nach einer Woche sichtbar sein.<\/li>\n<li>Stellen Sie das Grow-Kit in einem Bereich mit ausreichend Tageslicht und einer Temperatur zwischen 18 \u00b0 C und 28 \u00b0 C auf. Stellen Sie das Grow-Kit niemals in direktes Sonnenlicht. Obwohl Pilze bei fast jeder Temperatur \u00fcber 15\u00b0C wachsen, ist 23\u00b0C die ideale Temperatur f\u00fcr eine optimale Ernte.<\/li>\n<li>Lassen Sie den Beutel ab diesem Zeitpunkt die ganze Zeit ein wenig offen. Auf diese Weise kann die Feuchtigkeit verdampfen. Zu viel Feuchtigkeit k\u00f6nnte schlechte Auswirkungen auf das Pilzwachstum haben. Ihre erste Ernte wird etwa eine Woche nach dem Erscheinen der ersten Knollen sein. Achten Sie darauf, dass Sie ernten, bevor die ersten Sporen explodieren!<\/li>\n<li>Diese Sets werden mehrere Pilzkulturen produzieren. Dazu f\u00fcllen Sie das Set nach der ersten Ernte mit sauberem Leitungswasser auf. Dieser Vorgang wird als K\u00e4lteschock bezeichnet und er haucht dem Myzel neues Leben ein und sorgt daf\u00fcr, dass gen\u00fcgend Feuchtigkeit f\u00fcr das Wachstum der Pilze vorhanden ist.<\/li>\n<li>Setzen Sie den Deckel des Kultursets wieder auf das Set. Lassen Sie das Set f\u00fcr 12 Stunden ruhen. \u00d6ffnen Sie eine Ecke des Deckels und lassen Sie \u00fcbersch\u00fcssiges Wasser ablaufen. Von hier aus k\u00f6nnen Sie die Anweisungen aus Schritt 1 erneut befolgen. Dieser Vorgang kann bis zu f\u00fcnfmal wiederholt werden.<\/li>\n<\/ol>","protected":false},"excerpt":{"rendered":"<p>Der Golden Teacher Pilz wird Sie neue Dinge \u00fcber das Leben lehren. Dieser Pilz hat eine mittlere bis starke Wirkung. Der Pilz selbst hat eine Karamellfarbe und wird bis zu 13 Zentimeter gro\u00df! Wenn Sie einige Erfahrung haben, dann ist dieser Pilz die richtige Wahl f\u00fcr Sie!<\/p>","protected":false},"featured_media":746,"comment_status":"open","ping_status":"closed","template":"","meta":[],"product_cat":[30],"product_tag":[],"yoast_head":"<!-- This site is optimized with the Yoast SEO Premium plugin v24.5 (Yoast SEO v24.5) - https:\/\/yoast.com\/wordpress\/plugins\/seo\/ -->\n<title>Embrace the Legacy: Golden Teacher MYCELIUM Kits!<\/title>\n<meta name=\"description\" content=\"Dive into the wisdom of Golden Teacher MYCELIUM with DrGrowKit.com. Authentic strains, abundant yields. Experience the revered magic of mushrooms. Start now!\" \/>\n<meta name=\"robots\" content=\"index, follow, max-snippet:-1, max-image-preview:large, max-video-preview:-1\" \/>\n<link rel=\"canonical\" href=\"https:\/\/drgrowkit.com\/de\/magicstore\/100-mycelium-golden-teacher-mushroom-growkit\/\" \/>\n<meta property=\"og:locale\" content=\"de_DE\" \/>\n<meta property=\"og:type\" content=\"article\" \/>\n<meta property=\"og:title\" content=\"100% MYCELIUM Golden Teacher - Mushroom Growkit\" \/>\n<meta property=\"og:description\" content=\"Dive into the wisdom of Golden Teacher MYCELIUM with DrGrowKit.com. Authentic strains, abundant yields. Experience the revered magic of mushrooms. Start now!\" \/>\n<meta property=\"og:url\" content=\"https:\/\/drgrowkit.com\/de\/magicstore\/100-mycelium-golden-teacher-mushroom-growkit\/\" \/>\n<meta property=\"og:site_name\" content=\"DrGrowkit.com\" \/>\n<meta property=\"article:modified_time\" content=\"2024-04-17T19:54:05+00:00\" \/>\n<meta property=\"og:image\" content=\"https:\/\/drgrowkit.com\/wp-content\/uploads\/2020\/09\/Golden-teacherxp-growkit-.jpg\" \/>\n\t<meta property=\"og:image:width\" content=\"500\" \/>\n\t<meta property=\"og:image:height\" content=\"500\" \/>\n\t<meta property=\"og:image:type\" content=\"image\/jpeg\" \/>\n<meta name=\"twitter:card\" content=\"summary_large_image\" \/>\n<meta name=\"twitter:label1\" content=\"Gesch\u00e4tzte Lesezeit\" \/>\n\t<meta name=\"twitter:data1\" content=\"3\u00a0Minuten\" \/>\n<script type=\"application\/ld+json\" class=\"yoast-schema-graph\">{\"@context\":\"https:\/\/schema.org\",\"@graph\":[{\"@type\":\"WebPage\",\"@id\":\"https:\/\/drgrowkit.com\/magicstore\/100-mycelium-golden-teacher-mushroom-growkit\/\",\"url\":\"https:\/\/drgrowkit.com\/magicstore\/100-mycelium-golden-teacher-mushroom-growkit\/\",\"name\":\"Embrace the Legacy: Golden Teacher MYCELIUM Kits!\",\"isPartOf\":{\"@id\":\"https:\/\/drgrowkit.com\/nl\/#website\"},\"primaryImageOfPage\":{\"@id\":\"https:\/\/drgrowkit.com\/magicstore\/100-mycelium-golden-teacher-mushroom-growkit\/#primaryimage\"},\"image\":{\"@id\":\"https:\/\/drgrowkit.com\/magicstore\/100-mycelium-golden-teacher-mushroom-growkit\/#primaryimage\"},\"thumbnailUrl\":\"https:\/\/drgrowkit.com\/wp-content\/uploads\/2020\/09\/Golden-teacherxp-growkit-.jpg\",\"datePublished\":\"2020-09-02T11:44:04+00:00\",\"dateModified\":\"2024-04-17T19:54:05+00:00\",\"description\":\"Dive into the wisdom of Golden Teacher MYCELIUM with DrGrowKit.com. Authentic strains, abundant yields. Experience the revered magic of mushrooms. Start now!\",\"breadcrumb\":{\"@id\":\"https:\/\/drgrowkit.com\/magicstore\/100-mycelium-golden-teacher-mushroom-growkit\/#breadcrumb\"},\"inLanguage\":\"de\",\"potentialAction\":[{\"@type\":\"ReadAction\",\"target\":[\"https:\/\/drgrowkit.com\/magicstore\/100-mycelium-golden-teacher-mushroom-growkit\/\"]}]},{\"@type\":\"ImageObject\",\"inLanguage\":\"de\",\"@id\":\"https:\/\/drgrowkit.com\/magicstore\/100-mycelium-golden-teacher-mushroom-growkit\/#primaryimage\",\"url\":\"https:\/\/drgrowkit.com\/wp-content\/uploads\/2020\/09\/Golden-teacherxp-growkit-.jpg\",\"contentUrl\":\"https:\/\/drgrowkit.com\/wp-content\/uploads\/2020\/09\/Golden-teacherxp-growkit-.jpg\",\"width\":500,\"height\":500},{\"@type\":\"BreadcrumbList\",\"@id\":\"https:\/\/drgrowkit.com\/magicstore\/100-mycelium-golden-teacher-mushroom-growkit\/#breadcrumb\",\"itemListElement\":[{\"@type\":\"ListItem\",\"position\":1,\"name\":\"Home\",\"item\":\"https:\/\/drgrowkit.com\/\"},{\"@type\":\"ListItem\",\"position\":2,\"name\":\"Shop\",\"item\":\"https:\/\/drgrowkit.com\/pl\/magicstore\/\"},{\"@type\":\"ListItem\",\"position\":3,\"name\":\"100% MYCELIUM Golden Teacher &#8211; Mushroom Growkit\"}]},{\"@type\":\"WebSite\",\"@id\":\"https:\/\/drgrowkit.com\/nl\/#website\",\"url\":\"https:\/\/drgrowkit.com\/nl\/\",\"name\":\"DrGrowkit.com\",\"description\":\"\",\"potentialAction\":[{\"@type\":\"SearchAction\",\"target\":{\"@type\":\"EntryPoint\",\"urlTemplate\":\"https:\/\/drgrowkit.com\/nl\/?s={search_term_string}\"},\"query-input\":{\"@type\":\"PropertyValueSpecification\",\"valueRequired\":true,\"valueName\":\"search_term_string\"}}],\"inLanguage\":\"de\"}]}<\/script>\n<!-- \/ Yoast SEO Premium plugin. -->","yoast_head_json":{"title":"Embrace the Legacy: Golden Teacher MYCELIUM Kits!","description":"Dive into the wisdom of Golden Teacher MYCELIUM with DrGrowKit.com. Authentic strains, abundant yields. Experience the revered magic of mushrooms. Start now!","robots":{"index":"index","follow":"follow","max-snippet":"max-snippet:-1","max-image-preview":"max-image-preview:large","max-video-preview":"max-video-preview:-1"},"canonical":"https:\/\/drgrowkit.com\/de\/magicstore\/100-mycelium-golden-teacher-mushroom-growkit\/","og_locale":"de_DE","og_type":"article","og_title":"100% MYCELIUM Golden Teacher - Mushroom Growkit","og_description":"Dive into the wisdom of Golden Teacher MYCELIUM with DrGrowKit.com. Authentic strains, abundant yields. Experience the revered magic of mushrooms. Start now!","og_url":"https:\/\/drgrowkit.com\/de\/magicstore\/100-mycelium-golden-teacher-mushroom-growkit\/","og_site_name":"DrGrowkit.com","article_modified_time":"2024-04-17T19:54:05+00:00","og_image":[{"width":500,"height":500,"url":"https:\/\/drgrowkit.com\/wp-content\/uploads\/2020\/09\/Golden-teacherxp-growkit-.jpg","type":"image\/jpeg"}],"twitter_card":"summary_large_image","twitter_misc":{"Gesch\u00e4tzte Lesezeit":"3\u00a0Minuten"},"schema":{"@context":"https:\/\/schema.org","@graph":[{"@type":"WebPage","@id":"https:\/\/drgrowkit.com\/magicstore\/100-mycelium-golden-teacher-mushroom-growkit\/","url":"https:\/\/drgrowkit.com\/magicstore\/100-mycelium-golden-teacher-mushroom-growkit\/","name":"Embrace the Legacy: Golden Teacher MYCELIUM Kits!","isPartOf":{"@id":"https:\/\/drgrowkit.com\/nl\/#website"},"primaryImageOfPage":{"@id":"https:\/\/drgrowkit.com\/magicstore\/100-mycelium-golden-teacher-mushroom-growkit\/#primaryimage"},"image":{"@id":"https:\/\/drgrowkit.com\/magicstore\/100-mycelium-golden-teacher-mushroom-growkit\/#primaryimage"},"thumbnailUrl":"https:\/\/drgrowkit.com\/wp-content\/uploads\/2020\/09\/Golden-teacherxp-growkit-.jpg","datePublished":"2020-09-02T11:44:04+00:00","dateModified":"2024-04-17T19:54:05+00:00","description":"Dive into the wisdom of Golden Teacher MYCELIUM with DrGrowKit.com. Authentic strains, abundant yields. Experience the revered magic of mushrooms. Start now!","breadcrumb":{"@id":"https:\/\/drgrowkit.com\/magicstore\/100-mycelium-golden-teacher-mushroom-growkit\/#breadcrumb"},"inLanguage":"de","potentialAction":[{"@type":"ReadAction","target":["https:\/\/drgrowkit.com\/magicstore\/100-mycelium-golden-teacher-mushroom-growkit\/"]}]},{"@type":"ImageObject","inLanguage":"de","@id":"https:\/\/drgrowkit.com\/magicstore\/100-mycelium-golden-teacher-mushroom-growkit\/#primaryimage","url":"https:\/\/drgrowkit.com\/wp-content\/uploads\/2020\/09\/Golden-teacherxp-growkit-.jpg","contentUrl":"https:\/\/drgrowkit.com\/wp-content\/uploads\/2020\/09\/Golden-teacherxp-growkit-.jpg","width":500,"height":500},{"@type":"BreadcrumbList","@id":"https:\/\/drgrowkit.com\/magicstore\/100-mycelium-golden-teacher-mushroom-growkit\/#breadcrumb","itemListElement":[{"@type":"ListItem","position":1,"name":"Home","item":"https:\/\/drgrowkit.com\/"},{"@type":"ListItem","position":2,"name":"Shop","item":"https:\/\/drgrowkit.com\/pl\/magicstore\/"},{"@type":"ListItem","position":3,"name":"100% MYCELIUM Golden Teacher &#8211; Mushroom Growkit"}]},{"@type":"WebSite","@id":"https:\/\/drgrowkit.com\/nl\/#website","url":"https:\/\/drgrowkit.com\/nl\/","name":"DrGrowkit.com","description":"","potentialAction":[{"@type":"SearchAction","target":{"@type":"EntryPoint","urlTemplate":"https:\/\/drgrowkit.com\/nl\/?s={search_term_string}"},"query-input":{"@type":"PropertyValueSpecification","valueRequired":true,"valueName":"search_term_string"}}],"inLanguage":"de"}]}},"_links":{"self":[{"href":"https:\/\/drgrowkit.com\/de\/wp-json\/wp\/v2\/product\/548"}],"collection":[{"href":"https:\/\/drgrowkit.com\/de\/wp-json\/wp\/v2\/product"}],"about":[{"href":"https:\/\/drgrowkit.com\/de\/wp-json\/wp\/v2\/types\/product"}],"replies":[{"embeddable":true,"href":"https:\/\/drgrowkit.com\/de\/wp-json\/wp\/v2\/comments?post=548"}],"wp:featuredmedia":[{"embeddable":true,"href":"https:\/\/drgrowkit.com\/de\/wp-json\/wp\/v2\/media\/746"}],"wp:attachment":[{"href":"https:\/\/drgrowkit.com\/de\/wp-json\/wp\/v2\/media?parent=548"}],"wp:term":[{"taxonomy":"product_cat","embeddable":true,"href":"https:\/\/drgrowkit.com\/de\/wp-json\/wp\/v2\/product_cat?post=548"},{"taxonomy":"product_tag","embeddable":true,"href":"https:\/\/drgrowkit.com\/de\/wp-json\/wp\/v2\/product_tag?post=548"}],"curies":[{"name":"wp","href":"https:\/\/api.w.org\/{rel}","templated":true}]}}