{"id":1142,"date":"2021-01-22T18:24:28","date_gmt":"2021-01-22T18:24:28","guid":{"rendered":"https:\/\/drgrowkit.com\/?post_type=product&#038;p=1142"},"modified":"2023-01-28T08:30:19","modified_gmt":"2023-01-28T08:30:19","slug":"rice-flour-400-gram","status":"publish","type":"product","link":"https:\/\/drgrowkit.com\/de\/magicstore\/rice-flour-400-gram\/","title":{"rendered":"Braunes Reismehl - 1000g"},"content":{"rendered":"<p>Braunes Reismehl ist die n\u00e4hrstoffreiche Grundlage f\u00fcr ein Substrat. F\u00fcr den Anbau von Pilzen und Zaubertr\u00fcffeln wird ein Substrat ben\u00f6tigt. Mit dem Reismehl k\u00f6nnen Sie eine Mischung aus Vermiculit und Perlit herstellen. Dies ist die perfekte Grundlage f\u00fcr ein gesundes Substrat. Das Substrat kann in ein Filtergef\u00e4\u00df gegeben werden. Danach k\u00f6nnen Sie das Substrat besiedeln, um die Pilze zu z\u00fcchten. Achten Sie immer darauf, dass das Gef\u00e4\u00df und der Filterbeutel sterilisiert sind, damit das Myzel wachsen kann. Sie k\u00f6nnen dies in einer Pfanne tun. Danach kannst du das Substrat auss\u00e4en.<\/p>","protected":false},"excerpt":{"rendered":"<p>Braunes Reismehl ist die n\u00e4hrstoffreiche Grundlage f\u00fcr ein Substrat. F\u00fcr die Zucht von Pilzen und Zaubertr\u00fcffeln wird ein Substrat ben\u00f6tigt.<\/p>","protected":false},"featured_media":3073,"comment_status":"open","ping_status":"closed","template":"","meta":[],"product_cat":[31],"product_tag":[],"yoast_head":"<!-- This site is optimized with the Yoast SEO Premium plugin v24.5 (Yoast SEO v24.5) - https:\/\/yoast.com\/wordpress\/plugins\/seo\/ -->\n<title>Boost Your Culinary Adventures: 1000g Brown Rice Flour<\/title>\n<meta name=\"description\" content=\"Empower your mycological journey with 1000g of brown rice flour, your key ingredient for crafting magic mushroom grow kits from scratch.\" \/>\n<meta name=\"robots\" content=\"index, follow, max-snippet:-1, max-image-preview:large, max-video-preview:-1\" \/>\n<link rel=\"canonical\" href=\"https:\/\/drgrowkit.com\/de\/magicstore\/rice-flour-400-gram\/\" \/>\n<meta property=\"og:locale\" content=\"de_DE\" \/>\n<meta property=\"og:type\" content=\"article\" \/>\n<meta property=\"og:title\" content=\"Brown Rice Flour - 1000g\" \/>\n<meta property=\"og:description\" content=\"Empower your mycological journey with 1000g of brown rice flour, your key ingredient for crafting magic mushroom grow kits from scratch.\" \/>\n<meta property=\"og:url\" content=\"https:\/\/drgrowkit.com\/de\/magicstore\/rice-flour-400-gram\/\" \/>\n<meta property=\"og:site_name\" content=\"DrGrowkit.com\" \/>\n<meta property=\"article:modified_time\" content=\"2023-01-28T08:30:19+00:00\" \/>\n<meta property=\"og:image\" content=\"https:\/\/drgrowkit.com\/wp-content\/uploads\/2021\/01\/bruine-rijstmeel.jpg\" \/>\n\t<meta property=\"og:image:width\" content=\"300\" \/>\n\t<meta property=\"og:image:height\" content=\"300\" \/>\n\t<meta property=\"og:image:type\" content=\"image\/jpeg\" \/>\n<meta name=\"twitter:card\" content=\"summary_large_image\" \/>\n<meta name=\"twitter:label1\" content=\"Gesch\u00e4tzte Lesezeit\" \/>\n\t<meta name=\"twitter:data1\" content=\"1\u00a0Minute\" \/>\n<script type=\"application\/ld+json\" class=\"yoast-schema-graph\">{\"@context\":\"https:\/\/schema.org\",\"@graph\":[{\"@type\":\"WebPage\",\"@id\":\"https:\/\/drgrowkit.com\/magicstore\/rice-flour-400-gram\/\",\"url\":\"https:\/\/drgrowkit.com\/magicstore\/rice-flour-400-gram\/\",\"name\":\"Boost Your Culinary Adventures: 1000g Brown Rice Flour\",\"isPartOf\":{\"@id\":\"https:\/\/drgrowkit.com\/nl\/#website\"},\"primaryImageOfPage\":{\"@id\":\"https:\/\/drgrowkit.com\/magicstore\/rice-flour-400-gram\/#primaryimage\"},\"image\":{\"@id\":\"https:\/\/drgrowkit.com\/magicstore\/rice-flour-400-gram\/#primaryimage\"},\"thumbnailUrl\":\"https:\/\/drgrowkit.com\/wp-content\/uploads\/2021\/01\/bruine-rijstmeel.jpg\",\"datePublished\":\"2021-01-22T18:24:28+00:00\",\"dateModified\":\"2023-01-28T08:30:19+00:00\",\"description\":\"Empower your mycological journey with 1000g of brown rice flour, your key ingredient for crafting magic mushroom grow kits from scratch.\",\"breadcrumb\":{\"@id\":\"https:\/\/drgrowkit.com\/magicstore\/rice-flour-400-gram\/#breadcrumb\"},\"inLanguage\":\"de\",\"potentialAction\":[{\"@type\":\"ReadAction\",\"target\":[\"https:\/\/drgrowkit.com\/magicstore\/rice-flour-400-gram\/\"]}]},{\"@type\":\"ImageObject\",\"inLanguage\":\"de\",\"@id\":\"https:\/\/drgrowkit.com\/magicstore\/rice-flour-400-gram\/#primaryimage\",\"url\":\"https:\/\/drgrowkit.com\/wp-content\/uploads\/2021\/01\/bruine-rijstmeel.jpg\",\"contentUrl\":\"https:\/\/drgrowkit.com\/wp-content\/uploads\/2021\/01\/bruine-rijstmeel.jpg\",\"width\":300,\"height\":300},{\"@type\":\"BreadcrumbList\",\"@id\":\"https:\/\/drgrowkit.com\/magicstore\/rice-flour-400-gram\/#breadcrumb\",\"itemListElement\":[{\"@type\":\"ListItem\",\"position\":1,\"name\":\"Home\",\"item\":\"https:\/\/drgrowkit.com\/\"},{\"@type\":\"ListItem\",\"position\":2,\"name\":\"Shop\",\"item\":\"https:\/\/drgrowkit.com\/pl\/magicstore\/\"},{\"@type\":\"ListItem\",\"position\":3,\"name\":\"Brown Rice Flour &#8211; 1000g\"}]},{\"@type\":\"WebSite\",\"@id\":\"https:\/\/drgrowkit.com\/nl\/#website\",\"url\":\"https:\/\/drgrowkit.com\/nl\/\",\"name\":\"DrGrowkit.com\",\"description\":\"\",\"potentialAction\":[{\"@type\":\"SearchAction\",\"target\":{\"@type\":\"EntryPoint\",\"urlTemplate\":\"https:\/\/drgrowkit.com\/nl\/?s={search_term_string}\"},\"query-input\":{\"@type\":\"PropertyValueSpecification\",\"valueRequired\":true,\"valueName\":\"search_term_string\"}}],\"inLanguage\":\"de\"}]}<\/script>\n<!-- \/ Yoast SEO Premium plugin. -->","yoast_head_json":{"title":"Boost Your Culinary Adventures: 1000g Brown Rice Flour","description":"Empower your mycological journey with 1000g of brown rice flour, your key ingredient for crafting magic mushroom grow kits from scratch.","robots":{"index":"index","follow":"follow","max-snippet":"max-snippet:-1","max-image-preview":"max-image-preview:large","max-video-preview":"max-video-preview:-1"},"canonical":"https:\/\/drgrowkit.com\/de\/magicstore\/rice-flour-400-gram\/","og_locale":"de_DE","og_type":"article","og_title":"Brown Rice Flour - 1000g","og_description":"Empower your mycological journey with 1000g of brown rice flour, your key ingredient for crafting magic mushroom grow kits from scratch.","og_url":"https:\/\/drgrowkit.com\/de\/magicstore\/rice-flour-400-gram\/","og_site_name":"DrGrowkit.com","article_modified_time":"2023-01-28T08:30:19+00:00","og_image":[{"width":300,"height":300,"url":"https:\/\/drgrowkit.com\/wp-content\/uploads\/2021\/01\/bruine-rijstmeel.jpg","type":"image\/jpeg"}],"twitter_card":"summary_large_image","twitter_misc":{"Gesch\u00e4tzte Lesezeit":"1\u00a0Minute"},"schema":{"@context":"https:\/\/schema.org","@graph":[{"@type":"WebPage","@id":"https:\/\/drgrowkit.com\/magicstore\/rice-flour-400-gram\/","url":"https:\/\/drgrowkit.com\/magicstore\/rice-flour-400-gram\/","name":"Boost Your Culinary Adventures: 1000g Brown Rice Flour","isPartOf":{"@id":"https:\/\/drgrowkit.com\/nl\/#website"},"primaryImageOfPage":{"@id":"https:\/\/drgrowkit.com\/magicstore\/rice-flour-400-gram\/#primaryimage"},"image":{"@id":"https:\/\/drgrowkit.com\/magicstore\/rice-flour-400-gram\/#primaryimage"},"thumbnailUrl":"https:\/\/drgrowkit.com\/wp-content\/uploads\/2021\/01\/bruine-rijstmeel.jpg","datePublished":"2021-01-22T18:24:28+00:00","dateModified":"2023-01-28T08:30:19+00:00","description":"Empower your mycological journey with 1000g of brown rice flour, your key ingredient for crafting magic mushroom grow kits from scratch.","breadcrumb":{"@id":"https:\/\/drgrowkit.com\/magicstore\/rice-flour-400-gram\/#breadcrumb"},"inLanguage":"de","potentialAction":[{"@type":"ReadAction","target":["https:\/\/drgrowkit.com\/magicstore\/rice-flour-400-gram\/"]}]},{"@type":"ImageObject","inLanguage":"de","@id":"https:\/\/drgrowkit.com\/magicstore\/rice-flour-400-gram\/#primaryimage","url":"https:\/\/drgrowkit.com\/wp-content\/uploads\/2021\/01\/bruine-rijstmeel.jpg","contentUrl":"https:\/\/drgrowkit.com\/wp-content\/uploads\/2021\/01\/bruine-rijstmeel.jpg","width":300,"height":300},{"@type":"BreadcrumbList","@id":"https:\/\/drgrowkit.com\/magicstore\/rice-flour-400-gram\/#breadcrumb","itemListElement":[{"@type":"ListItem","position":1,"name":"Home","item":"https:\/\/drgrowkit.com\/"},{"@type":"ListItem","position":2,"name":"Shop","item":"https:\/\/drgrowkit.com\/pl\/magicstore\/"},{"@type":"ListItem","position":3,"name":"Brown Rice Flour &#8211; 1000g"}]},{"@type":"WebSite","@id":"https:\/\/drgrowkit.com\/nl\/#website","url":"https:\/\/drgrowkit.com\/nl\/","name":"DrGrowkit.com","description":"","potentialAction":[{"@type":"SearchAction","target":{"@type":"EntryPoint","urlTemplate":"https:\/\/drgrowkit.com\/nl\/?s={search_term_string}"},"query-input":{"@type":"PropertyValueSpecification","valueRequired":true,"valueName":"search_term_string"}}],"inLanguage":"de"}]}},"_links":{"self":[{"href":"https:\/\/drgrowkit.com\/de\/wp-json\/wp\/v2\/product\/1142"}],"collection":[{"href":"https:\/\/drgrowkit.com\/de\/wp-json\/wp\/v2\/product"}],"about":[{"href":"https:\/\/drgrowkit.com\/de\/wp-json\/wp\/v2\/types\/product"}],"replies":[{"embeddable":true,"href":"https:\/\/drgrowkit.com\/de\/wp-json\/wp\/v2\/comments?post=1142"}],"wp:featuredmedia":[{"embeddable":true,"href":"https:\/\/drgrowkit.com\/de\/wp-json\/wp\/v2\/media\/3073"}],"wp:attachment":[{"href":"https:\/\/drgrowkit.com\/de\/wp-json\/wp\/v2\/media?parent=1142"}],"wp:term":[{"taxonomy":"product_cat","embeddable":true,"href":"https:\/\/drgrowkit.com\/de\/wp-json\/wp\/v2\/product_cat?post=1142"},{"taxonomy":"product_tag","embeddable":true,"href":"https:\/\/drgrowkit.com\/de\/wp-json\/wp\/v2\/product_tag?post=1142"}],"curies":[{"name":"wp","href":"https:\/\/api.w.org\/{rel}","templated":true}]}}