{"id":1139,"date":"2021-01-22T18:20:57","date_gmt":"2021-01-22T18:20:57","guid":{"rendered":"https:\/\/drgrowkit.com\/?post_type=product&#038;p=1139"},"modified":"2022-04-24T12:45:46","modified_gmt":"2022-04-24T12:45:46","slug":"filter-jar-2100cc","status":"publish","type":"product","link":"https:\/\/drgrowkit.com\/de\/magicstore\/filter-jar-2100cc\/","title":{"rendered":"Filtertopf 2100cc"},"content":{"rendered":"<p>In einem Filtertopf kann man sein eigenes Myzel mit Pilzsporen z\u00fcchten. Der Filtertopf kann mit einem Substrat wie braunem Reis, Vermiculit und Reismehl gef\u00fcllt werden. Nachdem Sie ein nahrhaftes Substrat hergestellt haben, k\u00f6nnen Sie es mit Pilzsporen besiedeln.<\/p>\n<h2>Mehrere Filtergl\u00e4ser f\u00fcr Pilze erh\u00e4ltlich<\/h2>\n<p>Dieses Gef\u00e4\u00df hat eine Gr\u00f6\u00dfe von 2100cc. Dieser Filtertopf kann eine Ausbeute von bis zu 1000 Gramm frischen Pilzen liefern. Nur 30 Gramm frische Pilze werden ben\u00f6tigt. Nachdem Sie die Pilze gez\u00fcchtet haben, k\u00f6nnen Sie sie am besten trocknen, so dass Sie einen Jahresvorrat an Pilzen anlegen k\u00f6nnen.<\/p>","protected":false},"excerpt":{"rendered":"<p>In einem Filtertopf kann man sein eigenes Myzel mit Pilzsporen z\u00fcchten. Der Filtertopf kann mit einem Substrat wie braunem Reis, Vermiculit und Reismehl gef\u00fcllt werden.<\/p>","protected":false},"featured_media":3069,"comment_status":"open","ping_status":"closed","template":"","meta":[],"product_cat":[31],"product_tag":[],"yoast_head":"<!-- This site is optimized with the Yoast SEO Premium plugin v24.5 (Yoast SEO v24.5) - https:\/\/yoast.com\/wordpress\/plugins\/seo\/ -->\n<title>Filter Jar 2100cc - Premium Filtration Solution<\/title>\n<meta name=\"description\" content=\"Explore the efficiency and effectiveness of our Filter Jar 2100cc. Elevate your filtration process with ease and precision.\" \/>\n<meta name=\"robots\" content=\"index, follow, max-snippet:-1, max-image-preview:large, max-video-preview:-1\" \/>\n<link rel=\"canonical\" href=\"https:\/\/drgrowkit.com\/de\/magicstore\/filter-jar-2100cc\/\" \/>\n<meta property=\"og:locale\" content=\"de_DE\" \/>\n<meta property=\"og:type\" content=\"article\" \/>\n<meta property=\"og:title\" content=\"Filter Jar 2100cc\" \/>\n<meta property=\"og:description\" content=\"Explore the efficiency and effectiveness of our Filter Jar 2100cc. Elevate your filtration process with ease and precision.\" \/>\n<meta property=\"og:url\" content=\"https:\/\/drgrowkit.com\/de\/magicstore\/filter-jar-2100cc\/\" \/>\n<meta property=\"og:site_name\" content=\"DrGrowkit.com\" \/>\n<meta property=\"article:modified_time\" content=\"2022-04-24T12:45:46+00:00\" \/>\n<meta property=\"og:image\" content=\"https:\/\/drgrowkit.com\/wp-content\/uploads\/2021\/01\/growbox.jpg\" \/>\n\t<meta property=\"og:image:width\" content=\"300\" \/>\n\t<meta property=\"og:image:height\" content=\"300\" \/>\n\t<meta property=\"og:image:type\" content=\"image\/jpeg\" \/>\n<meta name=\"twitter:card\" content=\"summary_large_image\" \/>\n<meta name=\"twitter:label1\" content=\"Gesch\u00e4tzte Lesezeit\" \/>\n\t<meta name=\"twitter:data1\" content=\"1\u00a0Minute\" \/>\n<script type=\"application\/ld+json\" class=\"yoast-schema-graph\">{\"@context\":\"https:\/\/schema.org\",\"@graph\":[{\"@type\":\"WebPage\",\"@id\":\"https:\/\/drgrowkit.com\/magicstore\/filter-jar-2100cc\/\",\"url\":\"https:\/\/drgrowkit.com\/magicstore\/filter-jar-2100cc\/\",\"name\":\"Filter Jar 2100cc - Premium Filtration Solution\",\"isPartOf\":{\"@id\":\"https:\/\/drgrowkit.com\/nl\/#website\"},\"primaryImageOfPage\":{\"@id\":\"https:\/\/drgrowkit.com\/magicstore\/filter-jar-2100cc\/#primaryimage\"},\"image\":{\"@id\":\"https:\/\/drgrowkit.com\/magicstore\/filter-jar-2100cc\/#primaryimage\"},\"thumbnailUrl\":\"https:\/\/drgrowkit.com\/wp-content\/uploads\/2021\/01\/growbox.jpg\",\"datePublished\":\"2021-01-22T18:20:57+00:00\",\"dateModified\":\"2022-04-24T12:45:46+00:00\",\"description\":\"Explore the efficiency and effectiveness of our Filter Jar 2100cc. Elevate your filtration process with ease and precision.\",\"breadcrumb\":{\"@id\":\"https:\/\/drgrowkit.com\/magicstore\/filter-jar-2100cc\/#breadcrumb\"},\"inLanguage\":\"de\",\"potentialAction\":[{\"@type\":\"ReadAction\",\"target\":[\"https:\/\/drgrowkit.com\/magicstore\/filter-jar-2100cc\/\"]}]},{\"@type\":\"ImageObject\",\"inLanguage\":\"de\",\"@id\":\"https:\/\/drgrowkit.com\/magicstore\/filter-jar-2100cc\/#primaryimage\",\"url\":\"https:\/\/drgrowkit.com\/wp-content\/uploads\/2021\/01\/growbox.jpg\",\"contentUrl\":\"https:\/\/drgrowkit.com\/wp-content\/uploads\/2021\/01\/growbox.jpg\",\"width\":300,\"height\":300},{\"@type\":\"BreadcrumbList\",\"@id\":\"https:\/\/drgrowkit.com\/magicstore\/filter-jar-2100cc\/#breadcrumb\",\"itemListElement\":[{\"@type\":\"ListItem\",\"position\":1,\"name\":\"Home\",\"item\":\"https:\/\/drgrowkit.com\/\"},{\"@type\":\"ListItem\",\"position\":2,\"name\":\"Shop\",\"item\":\"https:\/\/drgrowkit.com\/pl\/magicstore\/\"},{\"@type\":\"ListItem\",\"position\":3,\"name\":\"Filter Jar 2100cc\"}]},{\"@type\":\"WebSite\",\"@id\":\"https:\/\/drgrowkit.com\/nl\/#website\",\"url\":\"https:\/\/drgrowkit.com\/nl\/\",\"name\":\"DrGrowkit.com\",\"description\":\"\",\"potentialAction\":[{\"@type\":\"SearchAction\",\"target\":{\"@type\":\"EntryPoint\",\"urlTemplate\":\"https:\/\/drgrowkit.com\/nl\/?s={search_term_string}\"},\"query-input\":{\"@type\":\"PropertyValueSpecification\",\"valueRequired\":true,\"valueName\":\"search_term_string\"}}],\"inLanguage\":\"de\"}]}<\/script>\n<!-- \/ Yoast SEO Premium plugin. -->","yoast_head_json":{"title":"Filter Jar 2100cc - Premium Filtration Solution","description":"Explore the efficiency and effectiveness of our Filter Jar 2100cc. Elevate your filtration process with ease and precision.","robots":{"index":"index","follow":"follow","max-snippet":"max-snippet:-1","max-image-preview":"max-image-preview:large","max-video-preview":"max-video-preview:-1"},"canonical":"https:\/\/drgrowkit.com\/de\/magicstore\/filter-jar-2100cc\/","og_locale":"de_DE","og_type":"article","og_title":"Filter Jar 2100cc","og_description":"Explore the efficiency and effectiveness of our Filter Jar 2100cc. Elevate your filtration process with ease and precision.","og_url":"https:\/\/drgrowkit.com\/de\/magicstore\/filter-jar-2100cc\/","og_site_name":"DrGrowkit.com","article_modified_time":"2022-04-24T12:45:46+00:00","og_image":[{"width":300,"height":300,"url":"https:\/\/drgrowkit.com\/wp-content\/uploads\/2021\/01\/growbox.jpg","type":"image\/jpeg"}],"twitter_card":"summary_large_image","twitter_misc":{"Gesch\u00e4tzte Lesezeit":"1\u00a0Minute"},"schema":{"@context":"https:\/\/schema.org","@graph":[{"@type":"WebPage","@id":"https:\/\/drgrowkit.com\/magicstore\/filter-jar-2100cc\/","url":"https:\/\/drgrowkit.com\/magicstore\/filter-jar-2100cc\/","name":"Filter Jar 2100cc - Premium Filtration Solution","isPartOf":{"@id":"https:\/\/drgrowkit.com\/nl\/#website"},"primaryImageOfPage":{"@id":"https:\/\/drgrowkit.com\/magicstore\/filter-jar-2100cc\/#primaryimage"},"image":{"@id":"https:\/\/drgrowkit.com\/magicstore\/filter-jar-2100cc\/#primaryimage"},"thumbnailUrl":"https:\/\/drgrowkit.com\/wp-content\/uploads\/2021\/01\/growbox.jpg","datePublished":"2021-01-22T18:20:57+00:00","dateModified":"2022-04-24T12:45:46+00:00","description":"Explore the efficiency and effectiveness of our Filter Jar 2100cc. Elevate your filtration process with ease and precision.","breadcrumb":{"@id":"https:\/\/drgrowkit.com\/magicstore\/filter-jar-2100cc\/#breadcrumb"},"inLanguage":"de","potentialAction":[{"@type":"ReadAction","target":["https:\/\/drgrowkit.com\/magicstore\/filter-jar-2100cc\/"]}]},{"@type":"ImageObject","inLanguage":"de","@id":"https:\/\/drgrowkit.com\/magicstore\/filter-jar-2100cc\/#primaryimage","url":"https:\/\/drgrowkit.com\/wp-content\/uploads\/2021\/01\/growbox.jpg","contentUrl":"https:\/\/drgrowkit.com\/wp-content\/uploads\/2021\/01\/growbox.jpg","width":300,"height":300},{"@type":"BreadcrumbList","@id":"https:\/\/drgrowkit.com\/magicstore\/filter-jar-2100cc\/#breadcrumb","itemListElement":[{"@type":"ListItem","position":1,"name":"Home","item":"https:\/\/drgrowkit.com\/"},{"@type":"ListItem","position":2,"name":"Shop","item":"https:\/\/drgrowkit.com\/pl\/magicstore\/"},{"@type":"ListItem","position":3,"name":"Filter Jar 2100cc"}]},{"@type":"WebSite","@id":"https:\/\/drgrowkit.com\/nl\/#website","url":"https:\/\/drgrowkit.com\/nl\/","name":"DrGrowkit.com","description":"","potentialAction":[{"@type":"SearchAction","target":{"@type":"EntryPoint","urlTemplate":"https:\/\/drgrowkit.com\/nl\/?s={search_term_string}"},"query-input":{"@type":"PropertyValueSpecification","valueRequired":true,"valueName":"search_term_string"}}],"inLanguage":"de"}]}},"_links":{"self":[{"href":"https:\/\/drgrowkit.com\/de\/wp-json\/wp\/v2\/product\/1139"}],"collection":[{"href":"https:\/\/drgrowkit.com\/de\/wp-json\/wp\/v2\/product"}],"about":[{"href":"https:\/\/drgrowkit.com\/de\/wp-json\/wp\/v2\/types\/product"}],"replies":[{"embeddable":true,"href":"https:\/\/drgrowkit.com\/de\/wp-json\/wp\/v2\/comments?post=1139"}],"wp:featuredmedia":[{"embeddable":true,"href":"https:\/\/drgrowkit.com\/de\/wp-json\/wp\/v2\/media\/3069"}],"wp:attachment":[{"href":"https:\/\/drgrowkit.com\/de\/wp-json\/wp\/v2\/media?parent=1139"}],"wp:term":[{"taxonomy":"product_cat","embeddable":true,"href":"https:\/\/drgrowkit.com\/de\/wp-json\/wp\/v2\/product_cat?post=1139"},{"taxonomy":"product_tag","embeddable":true,"href":"https:\/\/drgrowkit.com\/de\/wp-json\/wp\/v2\/product_tag?post=1139"}],"curies":[{"name":"wp","href":"https:\/\/api.w.org\/{rel}","templated":true}]}}